{"id":48732,"date":"2022-06-20T09:50:18","date_gmt":"2022-06-20T07:50:18","guid":{"rendered":"https:\/\/cndestetik.ch\/prodotto\/creme-visage-lumiere-bleue\/"},"modified":"2025-01-23T09:43:25","modified_gmt":"2025-01-23T08:43:25","slug":"creme-face-bleu-clair","status":"publish","type":"product","link":"https:\/\/cndestetik.ch\/fr\/prodotto\/creme-face-bleu-clair\/","title":{"rendered":"Cr\u00e8me visage lumi\u00e8re bleue"},"content":{"rendered":"<p>Une cr\u00e8me \u00e0 la texture douce et \u00e0 l&#8217;absorption facile. Il prot\u00e8ge la peau du vieillissement caus\u00e9 par la lumi\u00e8re bleue des smartphones et des ordinateurs. L&#8217;action des huiles essentielles et des ol\u00e9olites spagyriques est particuli\u00e8rement active contre les radicaux libres et l&#8217;inflammation qu&#8217;ils provoquent dans la peau.<\/p>\n<p>&nbsp;<\/p>\n<p>Mode d&#8217;emploi : appliquer chaque matin sur le visage et le d\u00e9collet\u00e9 par un simple massage r\u00e9activant.<\/p>\n<p>&nbsp;<\/p>\n<p>Taille : 50 ml.<\/p>\n","protected":false},"excerpt":{"rendered":"<p>Une cr\u00e8me \u00e0 la texture douce et \u00e0 l&#8217;absorption facile. Il prot\u00e8ge la peau du vieillissement caus\u00e9 par la lumi\u00e8re bleue des smartphones et des ordinateurs.<\/p>\n","protected":false},"featured_media":48962,"template":"","meta":{"_acf_changed":false},"product_brand":[],"product_cat":[1494,12982,12989],"product_tag":[4464,3834,7201,7206,3725,765],"class_list":{"0":"post-48732","1":"product","2":"type-product","3":"status-publish","4":"has-post-thumbnail","6":"product_cat-cosmetiques","7":"product_cat-microcosme","8":"product_cat-visage","9":"product_tag-bleu","10":"product_tag-creme","11":"product_tag-creme-pour-le-visage","12":"product_tag-lumiere-fr","13":"product_tag-lumiere-bleue","14":"product_tag-visage","15":"pa_formato-15ml-fr","16":"pa_formato-50ml-fr","18":"first","19":"instock","20":"taxable","21":"shipping-taxable","22":"purchasable","23":"product-type-simple"},"acf":[],"jetpack_sharing_enabled":true,"_links":{"self":[{"href":"https:\/\/cndestetik.ch\/fr\/wp-json\/wp\/v2\/product\/48732","targetHints":{"allow":["GET"]}}],"collection":[{"href":"https:\/\/cndestetik.ch\/fr\/wp-json\/wp\/v2\/product"}],"about":[{"href":"https:\/\/cndestetik.ch\/fr\/wp-json\/wp\/v2\/types\/product"}],"wp:featuredmedia":[{"embeddable":true,"href":"https:\/\/cndestetik.ch\/fr\/wp-json\/wp\/v2\/media\/48962"}],"wp:attachment":[{"href":"https:\/\/cndestetik.ch\/fr\/wp-json\/wp\/v2\/media?parent=48732"}],"wp:term":[{"taxonomy":"product_brand","embeddable":true,"href":"https:\/\/cndestetik.ch\/fr\/wp-json\/wp\/v2\/product_brand?post=48732"},{"taxonomy":"product_cat","embeddable":true,"href":"https:\/\/cndestetik.ch\/fr\/wp-json\/wp\/v2\/product_cat?post=48732"},{"taxonomy":"product_tag","embeddable":true,"href":"https:\/\/cndestetik.ch\/fr\/wp-json\/wp\/v2\/product_tag?post=48732"}],"curies":[{"name":"wp","href":"https:\/\/api.w.org\/{rel}","templated":true}]}}