{"id":48731,"date":"2022-06-20T10:00:07","date_gmt":"2022-06-20T08:00:07","guid":{"rendered":"https:\/\/cndestetik.ch\/prodotto\/air-mix-blue-light-mix\/"},"modified":"2025-01-23T08:42:04","modified_gmt":"2025-01-23T07:42:04","slug":"mix-air-mix-blue-light","status":"publish","type":"product","link":"https:\/\/cndestetik.ch\/fr\/prodotto\/mix-air-mix-blue-light\/","title":{"rendered":"Air Mix &#8211; Blue Light Mix"},"content":{"rendered":"<p>Un m\u00e9lange d&#8217;huiles essentielles pures con\u00e7u pour capturer et inactiver les radicaux libres pr\u00e9sents dans l&#8217;air. Port\u00e9 au bureau, \u00e0 la maison ou l\u00e0 o\u00f9 vous passez le plus de temps devant des \u00e9crans lumineux, il prot\u00e9gera votre peau du vieillissement pr\u00e9matur\u00e9.<\/p>\n<p>Mode d&#8217;emploi : dans le diffuseur d&#8217;ambiance, 5 gouttes pour 10 m\u00e8tres carr\u00e9s pendant environ 7 heures (jour et nuit).<\/p>\n<p>Taille : 10ml<\/p>\n","protected":false},"excerpt":{"rendered":"<p>Un m\u00e9lange d&#8217;huiles essentielles pures con\u00e7u pour capturer et inactiver les radicaux libres pr\u00e9sents dans l&#8217;air.<\/p>\n","protected":false},"featured_media":48958,"template":"","meta":{"_acf_changed":false},"product_brand":[],"product_cat":[1494,12982],"product_tag":[9109,4464,7206,875,9418],"class_list":{"0":"post-48731","1":"product","2":"type-product","3":"status-publish","4":"has-post-thumbnail","6":"product_cat-cosmetiques","7":"product_cat-microcosme","8":"product_tag-air-fr","9":"product_tag-bleu","10":"product_tag-lumiere-fr","11":"product_tag-melange","12":"product_tag-melange-fr","14":"first","15":"instock","16":"taxable","17":"shipping-taxable","18":"purchasable","19":"product-type-simple"},"acf":[],"jetpack_sharing_enabled":true,"_links":{"self":[{"href":"https:\/\/cndestetik.ch\/fr\/wp-json\/wp\/v2\/product\/48731","targetHints":{"allow":["GET"]}}],"collection":[{"href":"https:\/\/cndestetik.ch\/fr\/wp-json\/wp\/v2\/product"}],"about":[{"href":"https:\/\/cndestetik.ch\/fr\/wp-json\/wp\/v2\/types\/product"}],"wp:featuredmedia":[{"embeddable":true,"href":"https:\/\/cndestetik.ch\/fr\/wp-json\/wp\/v2\/media\/48958"}],"wp:attachment":[{"href":"https:\/\/cndestetik.ch\/fr\/wp-json\/wp\/v2\/media?parent=48731"}],"wp:term":[{"taxonomy":"product_brand","embeddable":true,"href":"https:\/\/cndestetik.ch\/fr\/wp-json\/wp\/v2\/product_brand?post=48731"},{"taxonomy":"product_cat","embeddable":true,"href":"https:\/\/cndestetik.ch\/fr\/wp-json\/wp\/v2\/product_cat?post=48731"},{"taxonomy":"product_tag","embeddable":true,"href":"https:\/\/cndestetik.ch\/fr\/wp-json\/wp\/v2\/product_tag?post=48731"}],"curies":[{"name":"wp","href":"https:\/\/api.w.org\/{rel}","templated":true}]}}