{"id":48727,"date":"2022-06-20T13:13:21","date_gmt":"2022-06-20T11:13:21","guid":{"rendered":"https:\/\/cndestetik.ch\/prodotto\/gouttes-doleolite-spagyrique-dor-clair\/"},"modified":"2025-01-23T09:44:19","modified_gmt":"2025-01-23T08:44:19","slug":"oleolyte-spagyrique-gouttes-dor-leger","status":"publish","type":"product","link":"https:\/\/cndestetik.ch\/fr\/prodotto\/oleolyte-spagyrique-gouttes-dor-leger\/","title":{"rendered":"Gouttes d&#8217;ol\u00e9olite spagyrique d&#8217;or clair"},"content":{"rendered":"<p><span data-sheets-value=\"{\"1\":2,\"2\":\"Con sinergia di oleoliti spagirici. Concentrato di sostanze funzionali per trattamenti al viso mirati ed intensivi composti da oleoliti spagirici e oli essenziali tra i pi\u00f9 preziosi. ORO per pelle secca, delicata, arrossata e sensibile. Prodotto pregiato. Ne basta una goccia prima dell'uso della crema.\\n\\nOgni Oleolito Spagirico Viso \u00e8 una preziosa miscela di Oleoliti Spagirici ed Oli Essenziali studiata con cura da esperti erboristi per offrire un prodotto specifico ed efficace per la pelle delicata del viso.\"}\" data-sheets-userformat=\"{\"2\":15297,\"3\":{\"1\":0},\"9\":0,\"10\":2,\"11\":0,\"12\":0,\"14\":{\"1\":2,\"2\":0},\"15\":\"Calibri\",\"16\":11}\">Avec une synergie d&#8217;ol\u00e9olites spagyriques. Concentr\u00e9 de substances fonctionnelles pour des traitements cibl\u00e9s et intensifs du visage, compos\u00e9 d&#8217;ol\u00e9olites spagyriques et des huiles essentielles les plus pr\u00e9cieuses. OR pour les peaux s\u00e8ches, d\u00e9licates, rougies et sensibles. Produit de grande valeur. Une goutte suffit avant d&#8217;utiliser la cr\u00e8me.<\/span><\/p>\n<p>Chaque ol\u00e9olithe spagyrique pour le visage est un pr\u00e9cieux m\u00e9lange d&#8217;ol\u00e9olites spagyriques et d&#8217;huiles essentielles soigneusement con\u00e7u par des herboristes experts pour offrir un produit sp\u00e9cifique et efficace pour la peau d\u00e9licate du visage.<\/p>\n<p>Taille : 15ml<\/p>\n","protected":false},"excerpt":{"rendered":"<p>Concentr\u00e9 d&#8217;huiles essentielles et d&#8217;ol\u00e9olites pour les soins du visage.<\/p>\n","protected":false},"featured_media":49125,"template":"","meta":{"_acf_changed":false},"product_brand":[],"product_cat":[1494,12982,12989],"product_tag":[7153,7159,746,2111,4830,7198,4831],"class_list":{"0":"post-48727","1":"product","2":"type-product","3":"status-publish","4":"has-post-thumbnail","6":"product_cat-cosmetiques","7":"product_cat-microcosme","8":"product_cat-visage","9":"product_tag-gouttes","10":"product_tag-gouttes-de-lumiere","11":"product_tag-lumiere","12":"product_tag-oleolite-fr","13":"product_tag-oleolyte-spagyrique","14":"product_tag-or-fr","15":"product_tag-spagyrique","17":"first","18":"instock","19":"taxable","20":"shipping-taxable","21":"purchasable","22":"product-type-simple"},"acf":[],"jetpack_sharing_enabled":true,"_links":{"self":[{"href":"https:\/\/cndestetik.ch\/fr\/wp-json\/wp\/v2\/product\/48727","targetHints":{"allow":["GET"]}}],"collection":[{"href":"https:\/\/cndestetik.ch\/fr\/wp-json\/wp\/v2\/product"}],"about":[{"href":"https:\/\/cndestetik.ch\/fr\/wp-json\/wp\/v2\/types\/product"}],"wp:featuredmedia":[{"embeddable":true,"href":"https:\/\/cndestetik.ch\/fr\/wp-json\/wp\/v2\/media\/49125"}],"wp:attachment":[{"href":"https:\/\/cndestetik.ch\/fr\/wp-json\/wp\/v2\/media?parent=48727"}],"wp:term":[{"taxonomy":"product_brand","embeddable":true,"href":"https:\/\/cndestetik.ch\/fr\/wp-json\/wp\/v2\/product_brand?post=48727"},{"taxonomy":"product_cat","embeddable":true,"href":"https:\/\/cndestetik.ch\/fr\/wp-json\/wp\/v2\/product_cat?post=48727"},{"taxonomy":"product_tag","embeddable":true,"href":"https:\/\/cndestetik.ch\/fr\/wp-json\/wp\/v2\/product_tag?post=48727"}],"curies":[{"name":"wp","href":"https:\/\/api.w.org\/{rel}","templated":true}]}}