{"id":48724,"date":"2022-06-20T11:05:01","date_gmt":"2022-06-20T09:05:01","guid":{"rendered":"https:\/\/cndestetik.ch\/prodotto\/masque-pour-les-yeux-aux-graines-de-lin\/"},"modified":"2025-01-23T09:44:14","modified_gmt":"2025-01-23T08:44:14","slug":"masque-pour-les-yeux","status":"publish","type":"product","link":"https:\/\/cndestetik.ch\/fr\/prodotto\/masque-pour-les-yeux\/","title":{"rendered":"Masque pour les yeux aux graines de lin"},"content":{"rendered":"<p>Masque aux graines de lin, id\u00e9al pour d\u00e9tendre le client pendant les traitements, vous pouvez le r\u00e9chauffer ou le rafra\u00eechir selon la saison. C&#8217;est un excellent moyen de d\u00e9congestionner les yeux pendant les traitements du visage : utilisez-le en combinaison avec l&#8217;hydrolat de lavande, le masque r\u00e9g\u00e9n\u00e9rant et l&#8217;ol\u00e9olithe la plus adapt\u00e9e \u00e0 votre client. Ne pas laver \u00e0 la machine !<\/p>\n","protected":false},"excerpt":{"rendered":"<p>Masque aux graines de lin, id\u00e9al pour d\u00e9tendre le client pendant les traitements, d\u00e9congestionner les yeux pendant les traitements du visage.<\/p>\n","protected":false},"featured_media":49062,"template":"","meta":{"_acf_changed":false},"product_brand":[],"product_cat":[1494,12982,12989],"product_tag":[7196,472,4726,765,729],"class_list":{"0":"post-48724","1":"product","2":"type-product","3":"status-publish","4":"has-post-thumbnail","6":"product_cat-cosmetiques","7":"product_cat-microcosme","8":"product_cat-visage","9":"product_tag-graines-de-lin","10":"product_tag-lino-fr","11":"product_tag-masque-fr","12":"product_tag-visage","13":"product_tag-yeux","15":"first","16":"instock","17":"taxable","18":"shipping-taxable","19":"purchasable","20":"product-type-simple"},"acf":[],"jetpack_sharing_enabled":true,"_links":{"self":[{"href":"https:\/\/cndestetik.ch\/fr\/wp-json\/wp\/v2\/product\/48724","targetHints":{"allow":["GET"]}}],"collection":[{"href":"https:\/\/cndestetik.ch\/fr\/wp-json\/wp\/v2\/product"}],"about":[{"href":"https:\/\/cndestetik.ch\/fr\/wp-json\/wp\/v2\/types\/product"}],"wp:featuredmedia":[{"embeddable":true,"href":"https:\/\/cndestetik.ch\/fr\/wp-json\/wp\/v2\/media\/49062"}],"wp:attachment":[{"href":"https:\/\/cndestetik.ch\/fr\/wp-json\/wp\/v2\/media?parent=48724"}],"wp:term":[{"taxonomy":"product_brand","embeddable":true,"href":"https:\/\/cndestetik.ch\/fr\/wp-json\/wp\/v2\/product_brand?post=48724"},{"taxonomy":"product_cat","embeddable":true,"href":"https:\/\/cndestetik.ch\/fr\/wp-json\/wp\/v2\/product_cat?post=48724"},{"taxonomy":"product_tag","embeddable":true,"href":"https:\/\/cndestetik.ch\/fr\/wp-json\/wp\/v2\/product_tag?post=48724"}],"curies":[{"name":"wp","href":"https:\/\/api.w.org\/{rel}","templated":true}]}}