{"id":48717,"date":"2022-06-20T10:27:57","date_gmt":"2022-06-20T08:27:57","guid":{"rendered":"https:\/\/cndestetik.ch\/prodotto\/prele-salis\/"},"modified":"2025-01-23T09:31:43","modified_gmt":"2025-01-23T08:31:43","slug":"prele-salis","status":"publish","type":"product","link":"https:\/\/cndestetik.ch\/fr\/prodotto\/prele-salis\/","title":{"rendered":"Pr\u00eale Salis"},"content":{"rendered":"<p><span data-sheets-value=\"{\"1\":2,\"2\":\"Il sale inglese, che \u00e8 solfato di magnesio idratato, \u00e8 un materiale naturale al 100% che prende il suo nome da Epsom, una citt\u00e0 del sud dell'inghilterra dove il sale viene ottenuto dall'acqua delle terme locali. Visto che la nostra pelle assorbe liquidi e farmaci \u00e8 in grado di farlo anche con i preziosi minerali trovati nell'acqua. I risultati sono straordinari. I sali di Epsom hanno un potere drenante e detossinante che \u00e8 visibile dopo il primo trattamento, ma che si mette in evidenza continuando il lavoro con costanza e ottenendo grandi risultati anche su situazioni gravi come l'obesit\u00e0. Sono un eccellente alleato per chi ha problematiche legate alla ritenzione idrica essendo in grado di scardinare questo meccanismo che crea sempre pi\u00f9 disagi al benessere quotidiano. Ottimi nel dimagrimento e coadiuvanti nel trattamento della cellulite e della circolazione sanguigna, in quanto hanno anche la capacit\u00e0 di proteggere i capillari donando un piacevole senso di leggerezza alle gambe stanche. Consigliati alle donne in gravidanza per mantenere le gambe leggere, sgonfie e per proteggere la microcircolazione linfatica.\\n\\nCONSIGLI PER L'UTILIZZO:\\nI sali di Epsom si possono utilizzare con i bendaggi o con i pantasalis per chi ne dispone. Si procede preparando una soluzione di acqua e sale di Epsom imbibendo i bendaggi e facendoli indossare per 30 min. Microcapsulazione: si tratta di un particolare procedimento che insedia i principi attivi nelle fibre e garantisce un rilascio graduale e uniforme sulla cute. Questa tecnologia permette di abbinare in maniera estremamente efficace i benefici dei principi attivi dei sali di Epsom alla compressione graduata ottenuta con i pantasalis o con i bendaggi. Il risultato \u00e8 un piacevole massaggio che dona leggerezza alle gambe e si prende cura dei capillari drenando in profondit\u00e0 e detossinando l'organismo. I sali di Epsom possono essere utilizzati come pediluvio o come peeling corpo mischiandoli ad un olio vegetale.\"}\" data-sheets-userformat=\"{\"2\":15297,\"3\":{\"1\":0},\"9\":0,\"10\":2,\"11\":0,\"12\":0,\"14\":{\"1\":2,\"2\":0},\"15\":\"Calibri\",\"16\":11}\"><span style=\"vertical-align: inherit\"><span style=\"vertical-align: inherit\">Les sels d&#8217;Epsom ont un pouvoir drainant et d\u00e9sintoxiquant qui est visible d\u00e8s le premier traitement, mais qui devient \u00e9vident au fur et \u00e0 mesure que vous continuez \u00e0 travailler de mani\u00e8re cons\u00e9quente et que vous obtenez de bons r\u00e9sultats.<\/span><\/span><\/span><\/p>\n<p><span data-sheets-value=\"{\"1\":2,\"2\":\"Il sale inglese, che \u00e8 solfato di magnesio idratato, \u00e8 un materiale naturale al 100% che prende il suo nome da Epsom, una citt\u00e0 del sud dell'inghilterra dove il sale viene ottenuto dall'acqua delle terme locali. Visto che la nostra pelle assorbe liquidi e farmaci \u00e8 in grado di farlo anche con i preziosi minerali trovati nell'acqua. I risultati sono straordinari. I sali di Epsom hanno un potere drenante e detossinante che \u00e8 visibile dopo il primo trattamento, ma che si mette in evidenza continuando il lavoro con costanza e ottenendo grandi risultati anche su situazioni gravi come l'obesit\u00e0. Sono un eccellente alleato per chi ha problematiche legate alla ritenzione idrica essendo in grado di scardinare questo meccanismo che crea sempre pi\u00f9 disagi al benessere quotidiano. Ottimi nel dimagrimento e coadiuvanti nel trattamento della cellulite e della circolazione sanguigna, in quanto hanno anche la capacit\u00e0 di proteggere i capillari donando un piacevole senso di leggerezza alle gambe stanche. Consigliati alle donne in gravidanza per mantenere le gambe leggere, sgonfie e per proteggere la microcircolazione linfatica.\\n\\nCONSIGLI PER L'UTILIZZO:\\nI sali di Epsom si possono utilizzare con i bendaggi o con i pantasalis per chi ne dispone. Si procede preparando una soluzione di acqua e sale di Epsom imbibendo i bendaggi e facendoli indossare per 30 min. Microcapsulazione: si tratta di un particolare procedimento che insedia i principi attivi nelle fibre e garantisce un rilascio graduale e uniforme sulla cute. Questa tecnologia permette di abbinare in maniera estremamente efficace i benefici dei principi attivi dei sali di Epsom alla compressione graduata ottenuta con i pantasalis o con i bendaggi. Il risultato \u00e8 un piacevole massaggio che dona leggerezza alle gambe e si prende cura dei capillari drenando in profondit\u00e0 e detossinando l'organismo. I sali di Epsom possono essere utilizzati come pediluvio o come peeling corpo mischiandoli ad un olio vegetale.\"}\" data-sheets-userformat=\"{\"2\":15297,\"3\":{\"1\":0},\"9\":0,\"10\":2,\"11\":0,\"12\":0,\"14\":{\"1\":2,\"2\":0},\"15\":\"Calibri\",\"16\":11}\"><span style=\"vertical-align: inherit\"><span style=\"vertical-align: inherit\">Gr\u00e2ce \u00e0 sa combinaison avec la pr\u00eale, le sel d&#8217;Epsom convient aux traitements remin\u00e9ralisants de la peau.<\/span><\/span><\/span><\/p>\n<p><span style=\"vertical-align: inherit\"><span style=\"vertical-align: inherit\">Le gommage \u00e0 la pr\u00eale salis permet de drainer et de d\u00e9toxifier la peau en profondeur et de la remin\u00e9raliser.  <\/span><span style=\"vertical-align: inherit\">Le r\u00e9sultat sera une peau tonique et \u00e9clatante.<\/span><\/span><\/p>\n<p><span style=\"vertical-align: inherit\"><span style=\"vertical-align: inherit\">Id\u00e9al lors des changements de saison, avant ou apr\u00e8s les vacances, comme traitement pour rendre la peau pr\u00eate au soleil et pour prolonger le bronzage.<\/span><\/span><\/p>\n<p><span style=\"vertical-align: inherit\"><span style=\"vertical-align: inherit\">CONSEILS D&#8217;UTILISATION :  <\/span><\/span><br \/>\n<span style=\"vertical-align: inherit\"><span style=\"vertical-align: inherit\">Pr\u00e9parer l&#8217;equisetum salis avec de l&#8217;huile v\u00e9g\u00e9tale (l&#8217;huile de s\u00e9same est id\u00e9ale pour le traitement) et des huiles essentielles, ou mieux encore avec du gel d&#8217;alo\u00e8s et des huiles essentielles, pour faire un gommage.  <\/span><span style=\"vertical-align: inherit\">Massez l&#8217;ensemble de votre corps et laissez agir pendant environ dix minutes pour obtenir les meilleurs r\u00e9sultats.<\/span><\/span><\/p>\n","protected":false},"excerpt":{"rendered":"<p><span data-sheets-value=\"{\"1\":2,\"2\":\"Il sale inglese, che \u00e8 solfato di magnesio idratato, \u00e8 un materiale naturale al 100% che prende il suo nome da Epsom, una citt\u00e0 del sud dell'inghilterra dove il sale viene ottenuto dall'acqua delle terme locali. Visto che la nostra pelle assorbe liquidi e farmaci \u00e8 in grado di farlo anche con i preziosi minerali trovati nell'acqua. I risultati sono straordinari. I sali di Epsom hanno un potere drenante e detossinante che \u00e8 visibile dopo il primo trattamento, ma che si mette in evidenza continuando il lavoro con costanza e ottenendo grandi risultati anche su situazioni gravi come l'obesit\u00e0. Sono un eccellente alleato per chi ha problematiche legate alla ritenzione idrica essendo in grado di scardinare questo meccanismo che crea sempre pi\u00f9 disagi al benessere quotidiano. Ottimi nel dimagrimento e coadiuvanti nel trattamento della cellulite e della circolazione sanguigna, in quanto hanno anche la capacit\u00e0 di proteggere i capillari donando un piacevole senso di leggerezza alle gambe stanche. Consigliati alle donne in gravidanza per mantenere le gambe leggere, sgonfie e per proteggere la microcircolazione linfatica.\\n\\nCONSIGLI PER L'UTILIZZO:\\nI sali di Epsom si possono utilizzare con i bendaggi o con i pantasalis per chi ne dispone. Si procede preparando una soluzione di acqua e sale di Epsom imbibendo i bendaggi e facendoli indossare per 30 min. Microcapsulazione: si tratta di un particolare procedimento che insedia i principi attivi nelle fibre e garantisce un rilascio graduale e uniforme sulla cute. Questa tecnologia permette di abbinare in maniera estremamente efficace i benefici dei principi attivi dei sali di Epsom alla compressione graduata ottenuta con i pantasalis o con i bendaggi. Il risultato \u00e8 un piacevole massaggio che dona leggerezza alle gambe e si prende cura dei capillari drenando in profondit\u00e0 e detossinando l'organismo. I sali di Epsom possono essere utilizzati come pediluvio o come peeling corpo mischiandoli ad un olio vegetale.\"}\" data-sheets-userformat=\"{\"2\":15297,\"3\":{\"1\":0},\"9\":0,\"10\":2,\"11\":0,\"12\":0,\"14\":{\"1\":2,\"2\":0},\"15\":\"Calibri\",\"16\":11}\"><span style=\"vertical-align: inherit\"><span style=\"vertical-align: inherit\">Gr\u00e2ce \u00e0 sa combinaison avec la pr\u00eale, le sel d&#8217;Epsom convient aux traitements remin\u00e9ralisants de la peau.<\/span><\/span><\/span><\/p>\n","protected":false},"featured_media":49011,"template":"","meta":{"_acf_changed":false},"product_brand":[],"product_cat":[12987,1494,12982],"product_tag":[3675,612,7190],"class_list":{"0":"post-48717","1":"product","2":"type-product","3":"status-publish","4":"has-post-thumbnail","6":"product_cat-corps","7":"product_cat-cosmetiques","8":"product_cat-microcosme","9":"product_tag-epsom-fr","10":"product_tag-prele-des-champs","11":"product_tag-salis-fr","12":"pa_formato-200g-fr","13":"pa_formato-500g-fr","15":"first","16":"instock","17":"taxable","18":"shipping-taxable","19":"purchasable","20":"product-type-variable"},"acf":[],"jetpack_sharing_enabled":true,"_links":{"self":[{"href":"https:\/\/cndestetik.ch\/fr\/wp-json\/wp\/v2\/product\/48717","targetHints":{"allow":["GET"]}}],"collection":[{"href":"https:\/\/cndestetik.ch\/fr\/wp-json\/wp\/v2\/product"}],"about":[{"href":"https:\/\/cndestetik.ch\/fr\/wp-json\/wp\/v2\/types\/product"}],"wp:featuredmedia":[{"embeddable":true,"href":"https:\/\/cndestetik.ch\/fr\/wp-json\/wp\/v2\/media\/49011"}],"wp:attachment":[{"href":"https:\/\/cndestetik.ch\/fr\/wp-json\/wp\/v2\/media?parent=48717"}],"wp:term":[{"taxonomy":"product_brand","embeddable":true,"href":"https:\/\/cndestetik.ch\/fr\/wp-json\/wp\/v2\/product_brand?post=48717"},{"taxonomy":"product_cat","embeddable":true,"href":"https:\/\/cndestetik.ch\/fr\/wp-json\/wp\/v2\/product_cat?post=48717"},{"taxonomy":"product_tag","embeddable":true,"href":"https:\/\/cndestetik.ch\/fr\/wp-json\/wp\/v2\/product_tag?post=48717"}],"curies":[{"name":"wp","href":"https:\/\/api.w.org\/{rel}","templated":true}]}}