{"id":48703,"date":"2022-06-15T16:47:11","date_gmt":"2022-06-15T14:47:11","guid":{"rendered":"https:\/\/cndestetik.ch\/prodotto\/pommade-a-larnica\/"},"modified":"2025-02-07T08:52:37","modified_gmt":"2025-02-07T07:52:37","slug":"ointment-arnica","status":"publish","type":"product","link":"https:\/\/cndestetik.ch\/fr\/prodotto\/ointment-arnica\/","title":{"rendered":"Pommade \u00e0 l&#8217;arnica"},"content":{"rendered":"<p><span data-sheets-value=\"{\"1\":2,\"2\":\"Oleolito Spagirico Arnica - O.E. Lavanda - Rosmarino - Canfora\\nLa sua concentrazione di Arnica favorisce la circolazione del sangue senza avere azione rubefacente. Proprio per questo \u00e8 indicato come coadiuvante nel trattamento di lividi, distorsioni, strappi ecc.,in cui serve a favorire la circolazione per il riassorbimento del sangue e del liquido dell'infiammazione senza riscaldare eccessivamente la parte. Il potenziamento con gli oli essenziali come la Canfora ed il Rosmarino, che contiene una percentuale di Canfora a sua volta, aiutano il processo di risoluzione dell'infiammazione con un discreto effetto analgesico. L'unguento Arnica \u00e8 indicato per: lividi,contusioni,distorsioni e strappi muscolari, sui muscoliche faticano in maniera significativa prima o dopo l'attivit\u00e0 fisica per sostenere l'attivit\u00e0 circolatoria e prevenire stress muscolare o strappi, tendiniti, cicatrici e smagliature, caviglie gonfie.\\n\\nL'unguento ha origini molto antiche, \u00e8 una preparazione per uso esterno in fase grassa. Gli unguenti Microcosmo contengono come base il burro di Karit\u00e8, la cera d'api e gli oli vegetali. La sostanza funzionale \u00e8 rappresentata dagli oleoliti spagirici e dagli oli essenziali. Gli oleoliti spagirici, estratti con olio di ricino secondo le tecniche della spagiria, hanno ottime propriet\u00e0 chimiche ed energetiche. Esse sono valorizzate ed amplificate dagli oli essenziali che caratterizzano anche il profumo degli unguenti.\"}\" data-sheets-userformat=\"{\"2\":15297,\"3\":{\"1\":0},\"9\":0,\"10\":2,\"11\":0,\"12\":0,\"14\":{\"1\":2,\"2\":0},\"15\":\"Calibri\",\"16\":11}\" data-sheets-textstyleruns=\"{\"1\":0}\uee10{\"1\":662,\"2\":{\"5\":1}}\uee10{\"1\":724}\uee10{\"1\":871,\"2\":{\"5\":1}}\uee10{\"1\":925}\"><br \/>\nOl\u00e9olithe spagyrique Arnica &#8211; H.E. Lavande &#8211; Romarin &#8211; Camphre Sa concentration en Arnica favorise la circulation sanguine sans avoir d&#8217;action rub\u00e9fiante. C&#8217;est pr\u00e9cis\u00e9ment la raison pour laquelle il est indiqu\u00e9 comme adjuvant dans le traitement des contusions, des entorses, des foulures, etc. o\u00f9 il sert \u00e0 favoriser la circulation pour la r\u00e9absorption du sang et du liquide inflammatoire sans surchauffer la partie. L&#8217;adjonction d&#8217;huiles essentielles comme le camphre et le romarin, qui contient un pourcentage de camphre lui-m\u00eame, favorise le processus de r\u00e9solution de l&#8217;inflammation avec un effet analg\u00e9sique discret. La pommade \u00e0 l&#8217;arnica est indiqu\u00e9e pour : les contusions, les entorses et les claquages musculaires, sur les muscles fortement sollicit\u00e9s avant ou apr\u00e8s une activit\u00e9 physique pour soutenir l&#8217;activit\u00e9 circulatoire et pr\u00e9venir le stress ou les d\u00e9chirures musculaires, les tendinites, les cicatrices et les vergetures, les chevilles enfl\u00e9es.<\/span><\/p>\n<p>La pommade a des origines tr\u00e8s anciennes ; il s&#8217;agit d&#8217;une pr\u00e9paration \u00e0 usage externe en phase huileuse. Les pommades Microcosmo contiennent du beurre de karit\u00e9, de la cire d&#8217;abeille et des huiles v\u00e9g\u00e9tales comme base. La substance fonctionnelle est repr\u00e9sent\u00e9e par des ol\u00e9olites spagyriques et des huiles essentielles. Les ol\u00e9olites spagyriques, extraites de l&#8217;huile de ricin selon les techniques spagyriques, pr\u00e9sentent d&#8217;excellentes propri\u00e9t\u00e9s chimiques et \u00e9nerg\u00e9tiques. Ils sont mis en valeur et amplifi\u00e9s par les huiles essentielles qui caract\u00e9risent \u00e9galement le parfum des pommades.<\/p>\n<p>Taille : 50ml<\/p>\n","protected":false},"excerpt":{"rendered":"<p><span data-sheets-value=\"{\"1\":2,\"2\":\"Oleolito Spagirico Arnica - O.E. Lavanda - Rosmarino - Canfora\\nLa sua concentrazione di Arnica favorisce la circolazione del sangue senza avere azione rubefacente. Proprio per questo \u00e8 indicato come coadiuvante nel trattamento di lividi, distorsioni, strappi ecc.,in cui serve a favorire la circolazione per il riassorbimento del sangue e del liquido dell'infiammazione senza riscaldare eccessivamente la parte. Il potenziamento con gli oli essenziali come la Canfora ed il Rosmarino, che contiene una percentuale di Canfora a sua volta, aiutano il processo di risoluzione dell'infiammazione con un discreto effetto analgesico. L'unguento Arnica \u00e8 indicato per: lividi,contusioni,distorsioni e strappi muscolari, sui muscoliche faticano in maniera significativa prima o dopo l'attivit\u00e0 fisica per sostenere l'attivit\u00e0 circolatoria e prevenire stress muscolare o strappi, tendiniti, cicatrici e smagliature, caviglie gonfie.\\n\\nL'unguento ha origini molto antiche, \u00e8 una preparazione per uso esterno in fase grassa. Gli unguenti Microcosmo contengono come base il burro di Karit\u00e8, la cera d'api e gli oli vegetali. La sostanza funzionale \u00e8 rappresentata dagli oleoliti spagirici e dagli oli essenziali. Gli oleoliti spagirici, estratti con olio di ricino secondo le tecniche della spagiria, hanno ottime propriet\u00e0 chimiche ed energetiche. Esse sono valorizzate ed amplificate dagli oli essenziali che caratterizzano anche il profumo degli unguenti.\"}\" data-sheets-userformat=\"{\"2\":15297,\"3\":{\"1\":0},\"9\":0,\"10\":2,\"11\":0,\"12\":0,\"14\":{\"1\":2,\"2\":0},\"15\":\"Calibri\",\"16\":11}\" data-sheets-textstyleruns=\"{\"1\":0}\uee10{\"1\":662,\"2\":{\"5\":1}}\uee10{\"1\":724}\uee10{\"1\":871,\"2\":{\"5\":1}}\uee10{\"1\":925}\">Sa concentration en arnica favorise la circulation sanguine.<\/span><\/p>\n","protected":false},"featured_media":49141,"template":"","meta":{"_acf_changed":false},"product_brand":[],"product_cat":[12987,12982,11233],"product_tag":[7170,4829,9426,521,7173,500],"class_list":{"0":"post-48703","1":"product","2":"type-product","3":"status-publish","4":"has-post-thumbnail","6":"product_cat-corps","7":"product_cat-microcosme","8":"product_cat-physiotherapie","9":"product_tag-antidouleur","10":"product_tag-arnica-fr","11":"product_tag-camphre","12":"product_tag-lavande","13":"product_tag-pommade","14":"product_tag-romarin","16":"first","17":"instock","18":"taxable","19":"shipping-taxable","20":"purchasable","21":"product-type-simple"},"acf":[],"jetpack_sharing_enabled":true,"_links":{"self":[{"href":"https:\/\/cndestetik.ch\/fr\/wp-json\/wp\/v2\/product\/48703","targetHints":{"allow":["GET"]}}],"collection":[{"href":"https:\/\/cndestetik.ch\/fr\/wp-json\/wp\/v2\/product"}],"about":[{"href":"https:\/\/cndestetik.ch\/fr\/wp-json\/wp\/v2\/types\/product"}],"wp:featuredmedia":[{"embeddable":true,"href":"https:\/\/cndestetik.ch\/fr\/wp-json\/wp\/v2\/media\/49141"}],"wp:attachment":[{"href":"https:\/\/cndestetik.ch\/fr\/wp-json\/wp\/v2\/media?parent=48703"}],"wp:term":[{"taxonomy":"product_brand","embeddable":true,"href":"https:\/\/cndestetik.ch\/fr\/wp-json\/wp\/v2\/product_brand?post=48703"},{"taxonomy":"product_cat","embeddable":true,"href":"https:\/\/cndestetik.ch\/fr\/wp-json\/wp\/v2\/product_cat?post=48703"},{"taxonomy":"product_tag","embeddable":true,"href":"https:\/\/cndestetik.ch\/fr\/wp-json\/wp\/v2\/product_tag?post=48703"}],"curies":[{"name":"wp","href":"https:\/\/api.w.org\/{rel}","templated":true}]}}