{"id":48696,"date":"2022-06-20T11:09:48","date_gmt":"2022-06-20T09:09:48","guid":{"rendered":"https:\/\/cndestetik.ch\/prodotto\/gel-de-traitement-de-la-cellulite-a-laloes\/"},"modified":"2025-01-23T09:31:45","modified_gmt":"2025-01-23T08:31:45","slug":"gel-aloe-cellulite-traitement","status":"publish","type":"product","link":"https:\/\/cndestetik.ch\/fr\/prodotto\/gel-aloe-cellulite-traitement\/","title":{"rendered":"Gel de traitement de la cellulite \u00e0 l&#8217;alo\u00e8s"},"content":{"rendered":"<p>Gel d&#8217;alo\u00e8s neutre enrichi d&#8217;un m\u00e9lange sp\u00e9cial d&#8217;ingr\u00e9dients qui le rendent apte \u00e0 traiter les imperfections les plus courantes.<\/p>\n<p>Excellent \u00e0 la fin de chaque traitement corporel, pour &#8220;s\u00e9cher&#8221; les r\u00e9sidus d&#8217;huiles de massage, les rendre encore fonctionnels et prolonger leurs principes actifs. Id\u00e9al toute l&#8217;ann\u00e9e.<\/p>\n<p>\u00c0 la maison, ils conviennent en combinaison avec une huile corporelle spagyrique (drainante, traitement de la cellulite, raffermissante, activante), surtout pour ceux qui n&#8217;aiment pas le caract\u00e8re gras d&#8217;une huile mais veulent voir des r\u00e9sultats en peu de temps.<\/p>\n<p>Il rend la peau douce, soign\u00e9e et plus ferme.<\/p>\n<p>Taille : 100\/500ml<\/p>\n","protected":false},"excerpt":{"rendered":"<p>Gel d&#8217;alo\u00e8s neutre enrichi d&#8217;un m\u00e9lange sp\u00e9cial d&#8217;ingr\u00e9dients qui le rendent apte \u00e0 traiter les imperfections les plus courantes.<\/p>\n","protected":false},"featured_media":54098,"template":"","meta":{"_acf_changed":false},"product_brand":[],"product_cat":[12987,1494,12982],"product_tag":[554,3600,1275,4157,1028],"class_list":{"0":"post-48696","1":"product","2":"type-product","3":"status-publish","4":"has-post-thumbnail","6":"product_cat-corps","7":"product_cat-cosmetiques","8":"product_cat-microcosme","9":"product_tag-aloe-fr","10":"product_tag-cellulite-fr","11":"product_tag-gel-fr","12":"product_tag-gel-daloes","13":"product_tag-traitement","14":"pa_formato-100ml-fr","15":"pa_formato-1x500ml-5x100ml-fr","16":"pa_formato-500ml-fr","18":"first","19":"instock","20":"taxable","21":"shipping-taxable","22":"purchasable","23":"product-type-variable"},"acf":[],"jetpack_sharing_enabled":true,"_links":{"self":[{"href":"https:\/\/cndestetik.ch\/fr\/wp-json\/wp\/v2\/product\/48696","targetHints":{"allow":["GET"]}}],"collection":[{"href":"https:\/\/cndestetik.ch\/fr\/wp-json\/wp\/v2\/product"}],"about":[{"href":"https:\/\/cndestetik.ch\/fr\/wp-json\/wp\/v2\/types\/product"}],"wp:featuredmedia":[{"embeddable":true,"href":"https:\/\/cndestetik.ch\/fr\/wp-json\/wp\/v2\/media\/54098"}],"wp:attachment":[{"href":"https:\/\/cndestetik.ch\/fr\/wp-json\/wp\/v2\/media?parent=48696"}],"wp:term":[{"taxonomy":"product_brand","embeddable":true,"href":"https:\/\/cndestetik.ch\/fr\/wp-json\/wp\/v2\/product_brand?post=48696"},{"taxonomy":"product_cat","embeddable":true,"href":"https:\/\/cndestetik.ch\/fr\/wp-json\/wp\/v2\/product_cat?post=48696"},{"taxonomy":"product_tag","embeddable":true,"href":"https:\/\/cndestetik.ch\/fr\/wp-json\/wp\/v2\/product_tag?post=48696"}],"curies":[{"name":"wp","href":"https:\/\/api.w.org\/{rel}","templated":true}]}}