{"id":48682,"date":"2022-06-20T10:55:49","date_gmt":"2022-06-20T08:55:49","guid":{"rendered":"https:\/\/cndestetik.ch\/prodotto\/huile-seche-apaisante\/"},"modified":"2025-01-23T09:31:48","modified_gmt":"2025-01-23T08:31:48","slug":"huile-adoucissante","status":"publish","type":"product","link":"https:\/\/cndestetik.ch\/fr\/prodotto\/huile-adoucissante\/","title":{"rendered":"Huile s\u00e8che apaisante"},"content":{"rendered":"<p><span data-sheets-value=\"{\"1\":2,\"2\":\"Illumina ed ammorbidisce la cute. Grazie all\u2019Estratto Spagirico di Calendula \u00e8 un ottimo lenitivo, ideale per la pelle arrossata dai raggi solari. \u00c8 stato studiato per dare nutrimento senza ungere. Si pu\u00f2 applicare anche prima di entrare in piscina per evitare di essere aggrediti dal cloro; adatto anche alla protezione dei capelli.\"}\" data-sheets-userformat=\"{\"2\":15297,\"3\":{\"1\":0},\"9\":0,\"10\":2,\"11\":0,\"12\":0,\"14\":{\"1\":2,\"2\":0},\"15\":\"Calibri\",\"16\":11}\">\u00c9claircit et adoucit la peau. Gr\u00e2ce \u00e0 l&#8217;extrait de souci spagyrique, c&#8217;est un excellent apaisant, id\u00e9al pour les peaux rougies par le soleil. Il est con\u00e7u pour nourrir sans \u00eatre gras. Il peut \u00e9galement \u00eatre appliqu\u00e9 avant d&#8217;entrer dans la piscine pour \u00e9viter d&#8217;\u00eatre attaqu\u00e9 par le chlore ; convient \u00e9galement pour la protection des cheveux.<\/span><\/p>\n<p>Taille : 125ml.<\/p>\n","protected":false},"excerpt":{"rendered":"<p><span data-sheets-value=\"{\"1\":2,\"2\":\"Illumina ed ammorbidisce la cute. Grazie all\u2019Estratto Spagirico di Calendula \u00e8 un ottimo lenitivo, ideale per la pelle arrossata dai raggi solari. \u00c8 stato studiato per dare nutrimento senza ungere. Si pu\u00f2 applicare anche prima di entrare in piscina per evitare di essere aggrediti dal cloro; adatto anche alla protezione dei capelli.\"}\" data-sheets-userformat=\"{\"2\":15297,\"3\":{\"1\":0},\"9\":0,\"10\":2,\"11\":0,\"12\":0,\"14\":{\"1\":2,\"2\":0},\"15\":\"Calibri\",\"16\":11}\">Huile s\u00e8che apaisante, id\u00e9ale pour les peaux br\u00fbl\u00e9es par le soleil.<\/span><\/p>\n","protected":false},"featured_media":49121,"template":"","meta":{"_acf_changed":false},"product_brand":[],"product_cat":[12987,1494,12982,9906],"product_tag":[577,2184,7148,4150],"class_list":{"0":"post-48682","1":"product","2":"type-product","3":"status-publish","4":"has-post-thumbnail","6":"product_cat-corps","7":"product_cat-cosmetiques","8":"product_cat-microcosme","9":"product_cat-oiseau-rose","10":"product_tag-apaisant","11":"product_tag-huile-fr","12":"product_tag-huile-seche","13":"product_tag-sec-fr","14":"pa_formato-125ml-fr","15":"pa_formato-500ml-fr","17":"first","18":"instock","19":"taxable","20":"shipping-taxable","21":"purchasable","22":"product-type-variable"},"acf":[],"jetpack_sharing_enabled":true,"_links":{"self":[{"href":"https:\/\/cndestetik.ch\/fr\/wp-json\/wp\/v2\/product\/48682","targetHints":{"allow":["GET"]}}],"collection":[{"href":"https:\/\/cndestetik.ch\/fr\/wp-json\/wp\/v2\/product"}],"about":[{"href":"https:\/\/cndestetik.ch\/fr\/wp-json\/wp\/v2\/types\/product"}],"wp:featuredmedia":[{"embeddable":true,"href":"https:\/\/cndestetik.ch\/fr\/wp-json\/wp\/v2\/media\/49121"}],"wp:attachment":[{"href":"https:\/\/cndestetik.ch\/fr\/wp-json\/wp\/v2\/media?parent=48682"}],"wp:term":[{"taxonomy":"product_brand","embeddable":true,"href":"https:\/\/cndestetik.ch\/fr\/wp-json\/wp\/v2\/product_brand?post=48682"},{"taxonomy":"product_cat","embeddable":true,"href":"https:\/\/cndestetik.ch\/fr\/wp-json\/wp\/v2\/product_cat?post=48682"},{"taxonomy":"product_tag","embeddable":true,"href":"https:\/\/cndestetik.ch\/fr\/wp-json\/wp\/v2\/product_tag?post=48682"}],"curies":[{"name":"wp","href":"https:\/\/api.w.org\/{rel}","templated":true}]}}