{"id":48681,"date":"2022-06-20T09:47:55","date_gmt":"2022-06-20T07:47:55","guid":{"rendered":"https:\/\/cndestetik.ch\/prodotto\/oleolite-face-a-la-lumiere-bleue\/"},"modified":"2025-01-23T09:43:19","modified_gmt":"2025-01-23T08:43:19","slug":"oleolite-viso-blue-light","status":"publish","type":"product","link":"https:\/\/cndestetik.ch\/fr\/prodotto\/oleolite-viso-blue-light\/","title":{"rendered":"Oleolite face \u00e0 la lumi\u00e8re bleue"},"content":{"rendered":"<p>Un m\u00e9lange d&#8217;ol\u00e9olites spagyriques et d&#8217;huiles essentielles dilu\u00e9es dans de l&#8217;huile pure de noyau d&#8217;abricot.<\/p>\n<p>Une ol\u00e9olite qui nourrit la peau sans l&#8217;alourdir et vise \u00e0 la d\u00e9fendre contre le vieillissement pr\u00e9matur\u00e9 de la peau. Une formulation adapt\u00e9e aux peaux les plus d\u00e9licates, con\u00e7ue pour r\u00e9g\u00e9n\u00e9rer le tissu cutan\u00e9 et le prot\u00e9ger des inflammations et des dommages caus\u00e9s par les radicaux libres.<\/p>\n<p>Mode d&#8217;emploi : appliquer quelques gouttes d&#8217;ol\u00e9olite sur le visage en effectuant un simple massage relaxant pour faciliter l&#8217;absorption et soulager les tensions musculaires.<\/p>\n<p>Recommand\u00e9 le soir comme soin de nuit ou sur une peau particuli\u00e8rement s\u00e8che le matin avant la cr\u00e8me.<\/p>\n<p>&nbsp;<\/p>\n<p>Taille : 30ml.<\/p>\n","protected":false},"excerpt":{"rendered":"<p>Une ol\u00e9olite qui nourrit la peau sans l&#8217;alourdir et vise \u00e0 la d\u00e9fendre contre le vieillissement pr\u00e9matur\u00e9 de la peau. Une formulation con\u00e7ue pour r\u00e9g\u00e9n\u00e9rer le tissu cutan\u00e9 et le prot\u00e9ger de l&#8217;inflammation et des dommages caus\u00e9s par les radicaux libres.<\/p>\n","protected":false},"featured_media":48966,"template":"","meta":{"_acf_changed":false},"product_brand":[],"product_cat":[1494,12982,12989],"product_tag":[4740,4464,3834,2184,7206,4745,2111,765],"class_list":{"0":"post-48681","1":"product","2":"type-product","3":"status-publish","4":"has-post-thumbnail","6":"product_cat-cosmetiques","7":"product_cat-microcosme","8":"product_cat-visage","9":"product_tag-abricot","10":"product_tag-bleu","11":"product_tag-creme","12":"product_tag-huile-fr","13":"product_tag-lumiere-fr","14":"product_tag-noyau","15":"product_tag-oleolite-fr","16":"product_tag-visage","17":"pa_formato-15ml-fr","18":"pa_formato-30ml-fr","20":"first","21":"instock","22":"taxable","23":"shipping-taxable","24":"purchasable","25":"product-type-simple"},"acf":[],"jetpack_sharing_enabled":true,"_links":{"self":[{"href":"https:\/\/cndestetik.ch\/fr\/wp-json\/wp\/v2\/product\/48681","targetHints":{"allow":["GET"]}}],"collection":[{"href":"https:\/\/cndestetik.ch\/fr\/wp-json\/wp\/v2\/product"}],"about":[{"href":"https:\/\/cndestetik.ch\/fr\/wp-json\/wp\/v2\/types\/product"}],"wp:featuredmedia":[{"embeddable":true,"href":"https:\/\/cndestetik.ch\/fr\/wp-json\/wp\/v2\/media\/48966"}],"wp:attachment":[{"href":"https:\/\/cndestetik.ch\/fr\/wp-json\/wp\/v2\/media?parent=48681"}],"wp:term":[{"taxonomy":"product_brand","embeddable":true,"href":"https:\/\/cndestetik.ch\/fr\/wp-json\/wp\/v2\/product_brand?post=48681"},{"taxonomy":"product_cat","embeddable":true,"href":"https:\/\/cndestetik.ch\/fr\/wp-json\/wp\/v2\/product_cat?post=48681"},{"taxonomy":"product_tag","embeddable":true,"href":"https:\/\/cndestetik.ch\/fr\/wp-json\/wp\/v2\/product_tag?post=48681"}],"curies":[{"name":"wp","href":"https:\/\/api.w.org\/{rel}","templated":true}]}}