{"id":48679,"date":"2022-06-15T16:15:24","date_gmt":"2022-06-15T14:15:24","guid":{"rendered":"https:\/\/cndestetik.ch\/prodotto\/brosse-eventail-en-crin-de-cheval-pour-le-visage\/"},"modified":"2025-01-24T13:08:07","modified_gmt":"2025-01-24T12:08:07","slug":"brosse-fan-dans-le-crin-pour-le-visage","status":"publish","type":"product","link":"https:\/\/cndestetik.ch\/fr\/prodotto\/brosse-fan-dans-le-crin-pour-le-visage\/","title":{"rendered":"Brosse \u00e9ventail en crin de cheval pour le visage"},"content":{"rendered":"<p>Brosse en crin de cheval pour une exfoliation m\u00e9canique \u00e0 sec. Essuyez d\u00e9licatement la peau avec des mouvements fermes pour \u00e9liminer les cellules mortes en surface. A inclure dans le protocole de nettoyage du visage comme premi\u00e8re \u00e9tape. Ne pas utiliser sur une peau particuli\u00e8rement stress\u00e9e ou enflamm\u00e9e. Id\u00e9al \u00e9galement pour la revente !<\/p>\n","protected":false},"excerpt":{"rendered":"<p>Brosse en crin de cheval pour le pelage m\u00e9canique \u00e0 sec.<\/p>\n","protected":false},"featured_media":49155,"template":"","meta":{"_acf_changed":false},"product_brand":[],"product_cat":[8512,12982,12989],"product_tag":[7157,7147,874,765],"class_list":{"0":"post-48679","1":"product","2":"type-product","3":"status-publish","4":"has-post-thumbnail","6":"product_cat-dernieres-pieces","7":"product_cat-microcosme","8":"product_cat-visage","9":"product_tag-brosse-fr-2","10":"product_tag-crin-de-cheval","11":"product_tag-microcosme","12":"product_tag-visage","14":"first","15":"instock","16":"taxable","17":"shipping-taxable","18":"purchasable","19":"product-type-simple"},"acf":[],"jetpack_sharing_enabled":true,"_links":{"self":[{"href":"https:\/\/cndestetik.ch\/fr\/wp-json\/wp\/v2\/product\/48679","targetHints":{"allow":["GET"]}}],"collection":[{"href":"https:\/\/cndestetik.ch\/fr\/wp-json\/wp\/v2\/product"}],"about":[{"href":"https:\/\/cndestetik.ch\/fr\/wp-json\/wp\/v2\/types\/product"}],"wp:featuredmedia":[{"embeddable":true,"href":"https:\/\/cndestetik.ch\/fr\/wp-json\/wp\/v2\/media\/49155"}],"wp:attachment":[{"href":"https:\/\/cndestetik.ch\/fr\/wp-json\/wp\/v2\/media?parent=48679"}],"wp:term":[{"taxonomy":"product_brand","embeddable":true,"href":"https:\/\/cndestetik.ch\/fr\/wp-json\/wp\/v2\/product_brand?post=48679"},{"taxonomy":"product_cat","embeddable":true,"href":"https:\/\/cndestetik.ch\/fr\/wp-json\/wp\/v2\/product_cat?post=48679"},{"taxonomy":"product_tag","embeddable":true,"href":"https:\/\/cndestetik.ch\/fr\/wp-json\/wp\/v2\/product_tag?post=48679"}],"curies":[{"name":"wp","href":"https:\/\/api.w.org\/{rel}","templated":true}]}}