{"id":48666,"date":"2022-06-15T15:04:29","date_gmt":"2022-06-15T13:04:29","guid":{"rendered":"https:\/\/cndestetik.ch\/prodotto\/gommage-pour-les-levres\/"},"modified":"2025-01-24T13:06:23","modified_gmt":"2025-01-24T12:06:23","slug":"frotter-brosser","status":"publish","type":"product","link":"https:\/\/cndestetik.ch\/fr\/prodotto\/frotter-brosser\/","title":{"rendered":"Gommage pour les l\u00e8vres"},"content":{"rendered":"<p>Gommage pour les l\u00e8vres, \u00e0 base de sucre et d&#8217;huiles essentielles. Il \u00e9limine les cellules mortes en surface et laisse la peau des l\u00e8vres douce et lisse.<\/p>\n<p>Id\u00e9al en cabine pour les mini-traitements des l\u00e8vres ou dans le cadre d&#8217;un protocole classique pour le visage.<\/p>\n<p>A recommander \u00e0 celles qui ont toujours les l\u00e8vres s\u00e8ches et d\u00e9shydrat\u00e9es en combinaison avec le beurre \u00e0 l\u00e8vres Microcosmo.<\/p>\n<p>Tant en \u00e9t\u00e9 qu&#8217;en hiver !<\/p>\n","protected":false},"excerpt":{"rendered":"<p>Gommage pour les l\u00e8vres, \u00e0 base de sucre et d&#8217;huiles essentielles. Il \u00e9limine les cellules mortes en surface et laisse la peau des l\u00e8vres douce et lisse.<\/p>\n","protected":false},"featured_media":49117,"template":"","meta":{"_acf_changed":false},"product_brand":[],"product_cat":[1494,12982,12989],"product_tag":[7130,7133,745],"class_list":{"0":"post-48666","1":"product","2":"type-product","3":"status-publish","4":"has-post-thumbnail","6":"product_cat-cosmetiques","7":"product_cat-microcosme","8":"product_cat-visage","9":"product_tag-gommage-fr-2","10":"product_tag-gommage-pour-les-levres","11":"product_tag-levres","13":"first","14":"instock","15":"taxable","16":"shipping-taxable","17":"purchasable","18":"product-type-simple"},"acf":[],"jetpack_sharing_enabled":true,"_links":{"self":[{"href":"https:\/\/cndestetik.ch\/fr\/wp-json\/wp\/v2\/product\/48666","targetHints":{"allow":["GET"]}}],"collection":[{"href":"https:\/\/cndestetik.ch\/fr\/wp-json\/wp\/v2\/product"}],"about":[{"href":"https:\/\/cndestetik.ch\/fr\/wp-json\/wp\/v2\/types\/product"}],"wp:featuredmedia":[{"embeddable":true,"href":"https:\/\/cndestetik.ch\/fr\/wp-json\/wp\/v2\/media\/49117"}],"wp:attachment":[{"href":"https:\/\/cndestetik.ch\/fr\/wp-json\/wp\/v2\/media?parent=48666"}],"wp:term":[{"taxonomy":"product_brand","embeddable":true,"href":"https:\/\/cndestetik.ch\/fr\/wp-json\/wp\/v2\/product_brand?post=48666"},{"taxonomy":"product_cat","embeddable":true,"href":"https:\/\/cndestetik.ch\/fr\/wp-json\/wp\/v2\/product_cat?post=48666"},{"taxonomy":"product_tag","embeddable":true,"href":"https:\/\/cndestetik.ch\/fr\/wp-json\/wp\/v2\/product_tag?post=48666"}],"curies":[{"name":"wp","href":"https:\/\/api.w.org\/{rel}","templated":true}]}}