{"id":48663,"date":"2022-06-15T15:13:50","date_gmt":"2022-06-15T13:13:50","guid":{"rendered":"https:\/\/cndestetik.ch\/prodotto\/huile-tonique-deglantier-diamante\/"},"modified":"2025-01-24T13:07:01","modified_gmt":"2025-01-24T12:07:01","slug":"huile-toning-diamond-rose-mosqueta","status":"publish","type":"product","link":"https:\/\/cndestetik.ch\/fr\/prodotto\/huile-toning-diamond-rose-mosqueta\/","title":{"rendered":"Huile tonique d&#8217;\u00e9glantier DIAMANTE"},"content":{"rendered":"<p><span data-sheets-value=\"{\"1\":2,\"2\":\"Oli preziosi profumati. Per rendere la pelle del viso morbida, elastica ed omogenea possono venire in aiuto gli oli vegetali che, oltre a nutrire e idratare l'epidermide, sono anche in grado di esercitare un potente effetto antirughe grazie all'alta concentrazione di sostanze antiossidanti, che combattono l'azione dei radicali liberi. Applicarne un velo la mattina sotto la crema e tutte le sere prima di andare a dormire.\"}\" data-sheets-userformat=\"{\"2\":15297,\"3\":{\"1\":0},\"9\":0,\"10\":2,\"11\":0,\"12\":0,\"14\":{\"1\":2,\"2\":0},\"15\":\"Calibri\",\"16\":11}\">Des huiles parfum\u00e9es pr\u00e9cieuses. Pour rendre la peau du visage douce, souple et uniforme, on peut faire appel aux huiles v\u00e9g\u00e9tales qui, en plus de nourrir et d&#8217;hydrater l&#8217;\u00e9piderme, sont \u00e9galement capables d&#8217;exercer un puissant effet anti-rides gr\u00e2ce \u00e0 leur forte concentration en substances antioxydantes, qui combattent l&#8217;action des radicaux libres.  <\/span><\/p>\n<p><span data-sheets-value=\"{\"1\":2,\"2\":\"Oli preziosi profumati. Per rendere la pelle del viso morbida, elastica ed omogenea possono venire in aiuto gli oli vegetali che, oltre a nutrire e idratare l'epidermide, sono anche in grado di esercitare un potente effetto antirughe grazie all'alta concentrazione di sostanze antiossidanti, che combattono l'azione dei radicali liberi. Applicarne un velo la mattina sotto la crema e tutte le sere prima di andare a dormire.\"}\" data-sheets-userformat=\"{\"2\":15297,\"3\":{\"1\":0},\"9\":0,\"10\":2,\"11\":0,\"12\":0,\"14\":{\"1\":2,\"2\":0},\"15\":\"Calibri\",\"16\":11}\">Appliquez un voile le matin sous votre cr\u00e8me et chaque soir avant de vous coucher.<\/span><\/p>\n<p>Taille : 50ml<\/p>\n","protected":false},"excerpt":{"rendered":"<p><span data-sheets-value=\"{\"1\":2,\"2\":\"Oli preziosi profumati. Per rendere la pelle del viso morbida, elastica ed omogenea possono venire in aiuto gli oli vegetali che, oltre a nutrire e idratare l'epidermide, sono anche in grado di esercitare un potente effetto antirughe grazie all'alta concentrazione di sostanze antiossidanti, che combattono l'azione dei radicali liberi. Applicarne un velo la mattina sotto la crema e tutte le sere prima di andare a dormire.\"}\" data-sheets-userformat=\"{\"2\":15297,\"3\":{\"1\":0},\"9\":0,\"10\":2,\"11\":0,\"12\":0,\"14\":{\"1\":2,\"2\":0},\"15\":\"Calibri\",\"16\":11}\">Un holo parfum\u00e9 pour rendre la peau douce et lisse.<\/span><\/p>\n","protected":false},"featured_media":54383,"template":"","meta":{"_acf_changed":false},"product_brand":[],"product_cat":[1494,12982,12989],"product_tag":[7079,7132,2184,4257,874,7126,7129,549],"class_list":{"0":"post-48663","1":"product","2":"type-product","3":"status-publish","4":"has-post-thumbnail","6":"product_cat-cosmetiques","7":"product_cat-microcosme","8":"product_cat-visage","9":"product_tag-diamant-fr-2","10":"product_tag-eglantier","11":"product_tag-huile-fr","12":"product_tag-huiles","13":"product_tag-microcosme","14":"product_tag-mosqueta-fr","15":"product_tag-odorant","16":"product_tag-rose-fr","18":"first","19":"instock","20":"taxable","21":"shipping-taxable","22":"purchasable","23":"product-type-simple"},"acf":[],"jetpack_sharing_enabled":true,"_links":{"self":[{"href":"https:\/\/cndestetik.ch\/fr\/wp-json\/wp\/v2\/product\/48663","targetHints":{"allow":["GET"]}}],"collection":[{"href":"https:\/\/cndestetik.ch\/fr\/wp-json\/wp\/v2\/product"}],"about":[{"href":"https:\/\/cndestetik.ch\/fr\/wp-json\/wp\/v2\/types\/product"}],"wp:featuredmedia":[{"embeddable":true,"href":"https:\/\/cndestetik.ch\/fr\/wp-json\/wp\/v2\/media\/54383"}],"wp:attachment":[{"href":"https:\/\/cndestetik.ch\/fr\/wp-json\/wp\/v2\/media?parent=48663"}],"wp:term":[{"taxonomy":"product_brand","embeddable":true,"href":"https:\/\/cndestetik.ch\/fr\/wp-json\/wp\/v2\/product_brand?post=48663"},{"taxonomy":"product_cat","embeddable":true,"href":"https:\/\/cndestetik.ch\/fr\/wp-json\/wp\/v2\/product_cat?post=48663"},{"taxonomy":"product_tag","embeddable":true,"href":"https:\/\/cndestetik.ch\/fr\/wp-json\/wp\/v2\/product_tag?post=48663"}],"curies":[{"name":"wp","href":"https:\/\/api.w.org\/{rel}","templated":true}]}}