{"id":48651,"date":"2022-06-15T16:13:30","date_gmt":"2022-06-15T14:13:30","guid":{"rendered":"https:\/\/cndestetik.ch\/prodotto\/creme-au-beurre-pour-le-corps\/"},"modified":"2025-01-24T14:36:40","modified_gmt":"2025-01-24T13:36:40","slug":"creme-bleu-corps","status":"publish","type":"product","link":"https:\/\/cndestetik.ch\/fr\/prodotto\/creme-bleu-corps\/","title":{"rendered":"Cr\u00e8me au beurre pour le corps"},"content":{"rendered":"<p>Beurre corporel cr\u00e8me \u00e0 l&#8217;extrait de calendula \u00e9pic\u00e9, id\u00e9al pour les peaux s\u00e8ches et d\u00e9shydrat\u00e9es. R\u00e9g\u00e9n\u00e8re et laisse la peau douce et \u00e9clatante. 200ml<\/p>\n","protected":false},"excerpt":{"rendered":"<p>Beurre corporel cr\u00e8me \u00e0 l&#8217;extrait spagyrique de Calendula, id\u00e9al pour les peaux s\u00e8ches et d\u00e9shydrat\u00e9es.<\/p>\n","protected":false},"featured_media":54014,"template":"","meta":{"_acf_changed":false},"product_brand":[],"product_cat":[12987,1494,12982],"product_tag":[4140,2341,3834,7109],"class_list":{"0":"post-48651","1":"product","2":"type-product","3":"status-publish","4":"has-post-thumbnail","6":"product_cat-corps","7":"product_cat-cosmetiques","8":"product_cat-microcosme","9":"product_tag-beurre","10":"product_tag-corps","11":"product_tag-creme","12":"product_tag-creme-de-beurre-corporel","14":"first","15":"instock","16":"taxable","17":"shipping-taxable","18":"purchasable","19":"product-type-simple"},"acf":[],"jetpack_sharing_enabled":true,"_links":{"self":[{"href":"https:\/\/cndestetik.ch\/fr\/wp-json\/wp\/v2\/product\/48651","targetHints":{"allow":["GET"]}}],"collection":[{"href":"https:\/\/cndestetik.ch\/fr\/wp-json\/wp\/v2\/product"}],"about":[{"href":"https:\/\/cndestetik.ch\/fr\/wp-json\/wp\/v2\/types\/product"}],"wp:featuredmedia":[{"embeddable":true,"href":"https:\/\/cndestetik.ch\/fr\/wp-json\/wp\/v2\/media\/54014"}],"wp:attachment":[{"href":"https:\/\/cndestetik.ch\/fr\/wp-json\/wp\/v2\/media?parent=48651"}],"wp:term":[{"taxonomy":"product_brand","embeddable":true,"href":"https:\/\/cndestetik.ch\/fr\/wp-json\/wp\/v2\/product_brand?post=48651"},{"taxonomy":"product_cat","embeddable":true,"href":"https:\/\/cndestetik.ch\/fr\/wp-json\/wp\/v2\/product_cat?post=48651"},{"taxonomy":"product_tag","embeddable":true,"href":"https:\/\/cndestetik.ch\/fr\/wp-json\/wp\/v2\/product_tag?post=48651"}],"curies":[{"name":"wp","href":"https:\/\/api.w.org\/{rel}","templated":true}]}}