{"id":48646,"date":"2022-06-15T14:55:37","date_gmt":"2022-06-15T12:55:37","guid":{"rendered":"https:\/\/cndestetik.ch\/prodotto\/vinylux-limoncello\/"},"modified":"2024-10-25T12:30:36","modified_gmt":"2024-10-25T10:30:36","slug":"vinylux-limoncello","status":"publish","type":"product","link":"https:\/\/cndestetik.ch\/fr\/prodotto\/vinylux-limoncello\/","title":{"rendered":"Vinylux Limoncello"},"content":{"rendered":"<p><span data-sheets-value=\"{\"1\":2,\"2\":\"Vinylux \u00e8 il sistema smalto di CND che garantisce oltre sette giorni di glamour e perfezione. Oltre 150 colori ispirati alle passerelle per reinventare il tuo stile settimanalmente. 7 giorni di perfezione assoluta, a prova di sbeccature. Asciugatura rapida, applicazione in soli 2 passaggi - l'unico che si rinforza ogni volta che entra in contatto con la luce naturale. Boccetta da 15ml.\"}\" data-sheets-userformat=\"{\"2\":15297,\"3\":{\"1\":0},\"9\":0,\"10\":2,\"11\":0,\"12\":0,\"14\":{\"1\":2,\"2\":0},\"15\":\"Calibri\",\"16\":11}\">Vinylux est le syst\u00e8me d&#8217;\u00e9mail de CND qui garantit plus de sept jours de glamour et de perfection. Plus de 150 couleurs inspir\u00e9es des podiums pour r\u00e9inventer votre style chaque semaine. 7 jours de perfection absolue et sans faille. S\u00e9chage rapide, application en 2 \u00e9tapes seulement &#8211; le seul qui se renforce \u00e0 chaque fois qu&#8217;il entre en contact avec la lumi\u00e8re naturelle.  <\/span><\/p>\n<p><span data-sheets-value=\"{\"1\":2,\"2\":\"Vinylux \u00e8 il sistema smalto di CND che garantisce oltre sette giorni di glamour e perfezione. Oltre 150 colori ispirati alle passerelle per reinventare il tuo stile settimanalmente. 7 giorni di perfezione assoluta, a prova di sbeccature. Asciugatura rapida, applicazione in soli 2 passaggi - l'unico che si rinforza ogni volta che entra in contatto con la luce naturale. Boccetta da 15ml.\"}\" data-sheets-userformat=\"{\"2\":15297,\"3\":{\"1\":0},\"9\":0,\"10\":2,\"11\":0,\"12\":0,\"14\":{\"1\":2,\"2\":0},\"15\":\"Calibri\",\"16\":11}\">Flacon de 15ml.<\/span><\/p>\n","protected":false},"excerpt":{"rendered":"<p>Couleur \u00e0 s\u00e9chage rapide, tenue de 7 jours.<\/p>\n","protected":false},"featured_media":44365,"template":"","meta":{"_acf_changed":false},"product_brand":[],"product_cat":[12751,1501],"product_tag":[6859,1354,1355,1962,1975],"class_list":{"0":"post-48646","1":"product","2":"type-product","3":"status-publish","4":"has-post-thumbnail","6":"product_cat-c-n-d-fr","7":"product_cat-nails-manucure-et-pedicure","8":"product_tag-limoncello-fr","9":"product_tag-ongles","10":"product_tag-ongles-fr","11":"product_tag-top-fr","12":"product_tag-vinylux-fr","14":"first","15":"instock","16":"taxable","17":"shipping-taxable","18":"purchasable","19":"product-type-simple"},"acf":[],"jetpack_sharing_enabled":true,"_links":{"self":[{"href":"https:\/\/cndestetik.ch\/fr\/wp-json\/wp\/v2\/product\/48646","targetHints":{"allow":["GET"]}}],"collection":[{"href":"https:\/\/cndestetik.ch\/fr\/wp-json\/wp\/v2\/product"}],"about":[{"href":"https:\/\/cndestetik.ch\/fr\/wp-json\/wp\/v2\/types\/product"}],"wp:featuredmedia":[{"embeddable":true,"href":"https:\/\/cndestetik.ch\/fr\/wp-json\/wp\/v2\/media\/44365"}],"wp:attachment":[{"href":"https:\/\/cndestetik.ch\/fr\/wp-json\/wp\/v2\/media?parent=48646"}],"wp:term":[{"taxonomy":"product_brand","embeddable":true,"href":"https:\/\/cndestetik.ch\/fr\/wp-json\/wp\/v2\/product_brand?post=48646"},{"taxonomy":"product_cat","embeddable":true,"href":"https:\/\/cndestetik.ch\/fr\/wp-json\/wp\/v2\/product_cat?post=48646"},{"taxonomy":"product_tag","embeddable":true,"href":"https:\/\/cndestetik.ch\/fr\/wp-json\/wp\/v2\/product_tag?post=48646"}],"curies":[{"name":"wp","href":"https:\/\/api.w.org\/{rel}","templated":true}]}}