{"id":48641,"date":"2022-06-15T15:55:59","date_gmt":"2022-06-15T13:55:59","guid":{"rendered":"https:\/\/cndestetik.ch\/prodotto\/creme-resineuse-pour-le-corps\/"},"modified":"2025-01-23T08:38:54","modified_gmt":"2025-01-23T07:38:54","slug":"creme-corps-resine","status":"publish","type":"product","link":"https:\/\/cndestetik.ch\/fr\/prodotto\/creme-corps-resine\/","title":{"rendered":"Cr\u00e8me r\u00e9sineuse pour le corps"},"content":{"rendered":"<p>Cr\u00e8me pour le corps caract\u00e9ris\u00e9e par des huiles essentielles bois\u00e9es qui donnent \u00e0 cette cr\u00e8me un d\u00e9licat parfum de r\u00e9sine et assurent \u00e0 la peau une excellente hydratation.<\/p>\n","protected":false},"excerpt":{"rendered":"<p>Une cr\u00e8me pour le corps caract\u00e9ris\u00e9e par des huiles essentielles bois\u00e9es qui donnent \u00e0 cette cr\u00e8me un d\u00e9licat parfum r\u00e9sineux.<\/p>\n","protected":false},"featured_media":47815,"template":"","meta":{"_acf_changed":false},"product_brand":[],"product_cat":[1494,8512,12982],"product_tag":[2341,3834,7098,7099],"class_list":{"0":"post-48641","1":"product","2":"type-product","3":"status-publish","4":"has-post-thumbnail","6":"product_cat-cosmetiques","7":"product_cat-dernieres-pieces","8":"product_cat-microcosme","9":"product_tag-corps","10":"product_tag-creme","11":"product_tag-creme-corporelle","12":"product_tag-resineux","14":"first","15":"instock","16":"taxable","17":"shipping-taxable","18":"purchasable","19":"product-type-simple"},"acf":[],"jetpack_sharing_enabled":true,"_links":{"self":[{"href":"https:\/\/cndestetik.ch\/fr\/wp-json\/wp\/v2\/product\/48641","targetHints":{"allow":["GET"]}}],"collection":[{"href":"https:\/\/cndestetik.ch\/fr\/wp-json\/wp\/v2\/product"}],"about":[{"href":"https:\/\/cndestetik.ch\/fr\/wp-json\/wp\/v2\/types\/product"}],"wp:featuredmedia":[{"embeddable":true,"href":"https:\/\/cndestetik.ch\/fr\/wp-json\/wp\/v2\/media\/47815"}],"wp:attachment":[{"href":"https:\/\/cndestetik.ch\/fr\/wp-json\/wp\/v2\/media?parent=48641"}],"wp:term":[{"taxonomy":"product_brand","embeddable":true,"href":"https:\/\/cndestetik.ch\/fr\/wp-json\/wp\/v2\/product_brand?post=48641"},{"taxonomy":"product_cat","embeddable":true,"href":"https:\/\/cndestetik.ch\/fr\/wp-json\/wp\/v2\/product_cat?post=48641"},{"taxonomy":"product_tag","embeddable":true,"href":"https:\/\/cndestetik.ch\/fr\/wp-json\/wp\/v2\/product_tag?post=48641"}],"curies":[{"name":"wp","href":"https:\/\/api.w.org\/{rel}","templated":true}]}}