{"id":48486,"date":"2022-06-08T13:47:08","date_gmt":"2022-06-08T11:47:08","guid":{"rendered":"https:\/\/cndestetik.ch\/prodotto\/cnd-plexigel-builder\/"},"modified":"2022-11-15T16:11:36","modified_gmt":"2022-11-15T15:11:36","slug":"cnd-plexigel-builder","status":"publish","type":"product","link":"https:\/\/cndestetik.ch\/fr\/prodotto\/cnd-plexigel-builder\/","title":{"rendered":"CND Plexigel Builder"},"content":{"rendered":"<p><span data-sheets-value=\"{\"1\":2,\"2\":\"CND PLEXIGEL Builder \u00e8 un gel di ricostruzione colorato (COVER) con pennello che fornisce forza, architettura e lunghezza moderata\/lunga all'unghia naturale. Crea ricostruzioni forti, chiare, leggere, da medie a lunghe. Fornisce opzioni di servizio versatili; puoi essere tu..\"}\" data-sheets-userformat=\"{\"2\":15297,\"3\":{\"1\":0},\"9\":0,\"10\":2,\"11\":0,\"12\":0,\"14\":{\"1\":2,\"2\":0},\"15\":\"Calibri\",\"16\":11}\">CND PLEXIGEL Builder est un gel de reconstruction (COVER) avec pinceau qui apporte force, architecture et longueur mod\u00e9r\u00e9e\/longue \u00e0 l&#8217;ongle naturel. Il cr\u00e9e des reconstructions fortes, l\u00e9g\u00e8res, moyennes et longues. Il offre des options de service polyvalentes.<\/span><\/p>\n<p>Flacon de 15ml.<\/p>\n","protected":false},"excerpt":{"rendered":"<p>Gel de reconstitution avec pinceau.<\/p>\n","protected":false},"featured_media":41062,"template":"","meta":{"_acf_changed":false},"product_brand":[],"product_cat":[1501],"product_tag":[5217,1275,5220,1355,1354,4989,4993],"class_list":{"0":"post-48486","1":"product","2":"type-product","3":"status-publish","4":"has-post-thumbnail","6":"product_cat-nails-manucure-et-pedicure","7":"product_tag-faconneur","8":"product_tag-gel-fr","9":"product_tag-ongle-fr","10":"product_tag-ongles-fr","11":"product_tag-ongles","12":"product_tag-plexigel-fr","13":"product_tag-reconstruction-des-ongles","15":"first","16":"instock","17":"taxable","18":"shipping-taxable","19":"purchasable","20":"product-type-simple"},"acf":[],"jetpack_sharing_enabled":true,"_links":{"self":[{"href":"https:\/\/cndestetik.ch\/fr\/wp-json\/wp\/v2\/product\/48486","targetHints":{"allow":["GET"]}}],"collection":[{"href":"https:\/\/cndestetik.ch\/fr\/wp-json\/wp\/v2\/product"}],"about":[{"href":"https:\/\/cndestetik.ch\/fr\/wp-json\/wp\/v2\/types\/product"}],"wp:featuredmedia":[{"embeddable":true,"href":"https:\/\/cndestetik.ch\/fr\/wp-json\/wp\/v2\/media\/41062"}],"wp:attachment":[{"href":"https:\/\/cndestetik.ch\/fr\/wp-json\/wp\/v2\/media?parent=48486"}],"wp:term":[{"taxonomy":"product_brand","embeddable":true,"href":"https:\/\/cndestetik.ch\/fr\/wp-json\/wp\/v2\/product_brand?post=48486"},{"taxonomy":"product_cat","embeddable":true,"href":"https:\/\/cndestetik.ch\/fr\/wp-json\/wp\/v2\/product_cat?post=48486"},{"taxonomy":"product_tag","embeddable":true,"href":"https:\/\/cndestetik.ch\/fr\/wp-json\/wp\/v2\/product_tag?post=48486"}],"curies":[{"name":"wp","href":"https:\/\/api.w.org\/{rel}","templated":true}]}}