{"id":48423,"date":"2022-06-15T11:00:28","date_gmt":"2022-06-15T09:00:28","guid":{"rendered":"https:\/\/cndestetik.ch\/prodotto\/enveloppes-de-retrait-semi-permanent\/"},"modified":"2023-02-23T15:19:56","modified_gmt":"2023-02-23T14:19:56","slug":"wrap-around-semi-permanent","status":"publish","type":"product","link":"https:\/\/cndestetik.ch\/fr\/prodotto\/wrap-around-semi-permanent\/","title":{"rendered":"Enveloppes de retrait semi-permanent"},"content":{"rendered":"<p><span data-sheets-value=\"{\"1\":2,\"2\":\"La confezione contiene: 200 cartine\\nDimensioni del batuffolo di cotone: 20 mm x 30 mm.\\nDimensioni totali della pellicola: 105 mm x 85 mm.\\nDimensioni foglio piegato: 105 mm x 75 mm.\\nTampone di cotone integrato: ogni involucro ha un batuffolo di cotone integrato per assorbire e mantenere l'acetone appena attorno all'unghia.\\nProfessionale e facile: il foglio di alluminio pretagliato aiuta a risparmiare tempo e ad avvolgere facilmente. La pellicola rimane al suo posto e i clienti sono liberi di muoversi durante il processo di rimozione.\\nRimozione rapida, sicura e delicata: l'alluminio trattiene il calore corporeo per accelerare una rimozione pi\u00f9 rapida. L'involucro rende il compito pulito, meno odore e meno esposizione della pelle\"}\" data-sheets-userformat=\"{\"2\":15297,\"3\":{\"1\":0},\"9\":0,\"10\":2,\"11\":0,\"12\":0,\"14\":{\"1\":2,\"2\":0},\"15\":\"Calibri\",\"16\":11}\">Le paquet contient : 200 cartes<br \/>\nDimensions de la boule de coton : 20 mm x 30 mm.<br \/>\nDimensions totales du film : 105 mm x 85 mm.<br \/>\nTaille de la feuille pli\u00e9e : 105 mm x 75 mm.<br \/>\nCoton-tige int\u00e9gr\u00e9 : chaque emballage comporte un coton-tige int\u00e9gr\u00e9 pour absorber et retenir l&#8217;ac\u00e9tone juste autour de l&#8217;ongle.<br \/>\nProfessionnel et facile : la feuille d&#8217;aluminium pr\u00e9d\u00e9coup\u00e9e permet de gagner du temps et s&#8217;emballe facilement. Le film reste en place et les clients sont libres de se d\u00e9placer pendant le processus de retrait.<br \/>\nRetrait rapide, s\u00fbr et doux : l&#8217;aluminium retient la chaleur du corps pour acc\u00e9l\u00e9rer le retrait. L&#8217;\u00e9charpe rend la t\u00e2che propre, moins d&#8217;odeurs et moins d&#8217;exposition de la peau.<\/span><\/p>\n","protected":false},"excerpt":{"rendered":"<p>Paquet de 200 cartes de retrait en \u00e9mail.<\/p>\n","protected":false},"featured_media":50817,"template":"","meta":{"_acf_changed":false},"product_brand":[],"product_cat":[1501],"product_tag":[4052,6848,6851,6854,6843,1354],"class_list":{"0":"post-48423","1":"product","2":"type-product","3":"status-publish","4":"has-post-thumbnail","6":"product_cat-nails-manucure-et-pedicure","7":"product_tag-cnd-fr","8":"product_tag-demenageur-de-film","9":"product_tag-dissolvant","10":"product_tag-enveloppes-fr","11":"product_tag-feuille-daluminium","12":"product_tag-ongles","14":"first","15":"instock","16":"taxable","17":"shipping-taxable","18":"purchasable","19":"product-type-simple"},"acf":[],"jetpack_sharing_enabled":true,"_links":{"self":[{"href":"https:\/\/cndestetik.ch\/fr\/wp-json\/wp\/v2\/product\/48423","targetHints":{"allow":["GET"]}}],"collection":[{"href":"https:\/\/cndestetik.ch\/fr\/wp-json\/wp\/v2\/product"}],"about":[{"href":"https:\/\/cndestetik.ch\/fr\/wp-json\/wp\/v2\/types\/product"}],"wp:featuredmedia":[{"embeddable":true,"href":"https:\/\/cndestetik.ch\/fr\/wp-json\/wp\/v2\/media\/50817"}],"wp:attachment":[{"href":"https:\/\/cndestetik.ch\/fr\/wp-json\/wp\/v2\/media?parent=48423"}],"wp:term":[{"taxonomy":"product_brand","embeddable":true,"href":"https:\/\/cndestetik.ch\/fr\/wp-json\/wp\/v2\/product_brand?post=48423"},{"taxonomy":"product_cat","embeddable":true,"href":"https:\/\/cndestetik.ch\/fr\/wp-json\/wp\/v2\/product_cat?post=48423"},{"taxonomy":"product_tag","embeddable":true,"href":"https:\/\/cndestetik.ch\/fr\/wp-json\/wp\/v2\/product_tag?post=48423"}],"curies":[{"name":"wp","href":"https:\/\/api.w.org\/{rel}","templated":true}]}}