{"id":48396,"date":"2022-06-14T14:19:31","date_gmt":"2022-06-14T12:19:31","guid":{"rendered":"https:\/\/cndestetik.ch\/prodotto\/nouvelle-lampe-led-cnd-100-240v\/"},"modified":"2024-01-16T00:00:20","modified_gmt":"2024-01-15T23:00:20","slug":"new-cnd-led-lamp-100-240v","status":"publish","type":"product","link":"https:\/\/cndestetik.ch\/fr\/prodotto\/new-cnd-led-lamp-100-240v\/","title":{"rendered":"Nouvelle lampe LED CND 100-240V"},"content":{"rendered":"<p><span data-sheets-value=\"{\"1\":2,\"2\":\"L'unica lampada progettata per polimerizzare in modo completo e uniforme CND Shellac e Brisa Gel. \u00c8 dotato di due impostazioni di luce progettate per migliorare la lunga durata e lucentezza. Intensit\u00e0 regolabile per ogni fase del servizio. Pulsazioni a tempo controllato per una cura di precisione. Caratteristiche del design: \u2022 Esposizione mirata solo all'area dell'unghia \u2022 Comandi preimpostati facili da usare per ogni fase del servizio \u2022 Guide di allineamento per il corretto posizionamento di mani\/piedi \u2022 Design ergonomico Impostazioni preprogrammate: Pulsante (1) per Universal Base Coat, Button (2B) per Brisa Gel, Button (2S) per CND Shellac, Button (3) per Universal Top Coat.\"}\" data-sheets-userformat=\"{\"2\":15297,\"3\":{\"1\":0},\"9\":0,\"10\":2,\"11\":0,\"12\":0,\"14\":{\"1\":2,\"2\":0},\"15\":\"Calibri\",\"16\":11}\">La seule lampe con\u00e7ue pour polym\u00e9riser enti\u00e8rement et uniform\u00e9ment le CND Shellac et le Brisa Gel. Il comporte deux r\u00e9glages de lumi\u00e8re con\u00e7us pour am\u00e9liorer la long\u00e9vit\u00e9 et la brillance. Intensit\u00e9 r\u00e9glable pour chaque \u00e9tape du service. Des pulsations contr\u00f4l\u00e9es dans le temps pour des soins de pr\u00e9cision. Caract\u00e9ristiques de conception :  <\/span><\/p>\n<p><span data-sheets-value=\"{\"1\":2,\"2\":\"L'unica lampada progettata per polimerizzare in modo completo e uniforme CND Shellac e Brisa Gel. \u00c8 dotato di due impostazioni di luce progettate per migliorare la lunga durata e lucentezza. Intensit\u00e0 regolabile per ogni fase del servizio. Pulsazioni a tempo controllato per una cura di precisione. Caratteristiche del design: \u2022 Esposizione mirata solo all'area dell'unghia \u2022 Comandi preimpostati facili da usare per ogni fase del servizio \u2022 Guide di allineamento per il corretto posizionamento di mani\/piedi \u2022 Design ergonomico Impostazioni preprogrammate: Pulsante (1) per Universal Base Coat, Button (2B) per Brisa Gel, Button (2S) per CND Shellac, Button (3) per Universal Top Coat.\"}\" data-sheets-userformat=\"{\"2\":15297,\"3\":{\"1\":0},\"9\":0,\"10\":2,\"11\":0,\"12\":0,\"14\":{\"1\":2,\"2\":0},\"15\":\"Calibri\",\"16\":11}\">&#8211; Exposition cibl\u00e9e sur la zone de l&#8217;ongle uniquement  <\/span><\/p>\n<p><span data-sheets-value=\"{\"1\":2,\"2\":\"L'unica lampada progettata per polimerizzare in modo completo e uniforme CND Shellac e Brisa Gel. \u00c8 dotato di due impostazioni di luce progettate per migliorare la lunga durata e lucentezza. Intensit\u00e0 regolabile per ogni fase del servizio. Pulsazioni a tempo controllato per una cura di precisione. Caratteristiche del design: \u2022 Esposizione mirata solo all'area dell'unghia \u2022 Comandi preimpostati facili da usare per ogni fase del servizio \u2022 Guide di allineamento per il corretto posizionamento di mani\/piedi \u2022 Design ergonomico Impostazioni preprogrammate: Pulsante (1) per Universal Base Coat, Button (2B) per Brisa Gel, Button (2S) per CND Shellac, Button (3) per Universal Top Coat.\"}\" data-sheets-userformat=\"{\"2\":15297,\"3\":{\"1\":0},\"9\":0,\"10\":2,\"11\":0,\"12\":0,\"14\":{\"1\":2,\"2\":0},\"15\":\"Calibri\",\"16\":11}\">&#8211; Commandes pr\u00e9d\u00e9finies faciles \u00e0 utiliser pour chaque \u00e9tape du service  <\/span><\/p>\n<p><span data-sheets-value=\"{\"1\":2,\"2\":\"L'unica lampada progettata per polimerizzare in modo completo e uniforme CND Shellac e Brisa Gel. \u00c8 dotato di due impostazioni di luce progettate per migliorare la lunga durata e lucentezza. Intensit\u00e0 regolabile per ogni fase del servizio. Pulsazioni a tempo controllato per una cura di precisione. Caratteristiche del design: \u2022 Esposizione mirata solo all'area dell'unghia \u2022 Comandi preimpostati facili da usare per ogni fase del servizio \u2022 Guide di allineamento per il corretto posizionamento di mani\/piedi \u2022 Design ergonomico Impostazioni preprogrammate: Pulsante (1) per Universal Base Coat, Button (2B) per Brisa Gel, Button (2S) per CND Shellac, Button (3) per Universal Top Coat.\"}\" data-sheets-userformat=\"{\"2\":15297,\"3\":{\"1\":0},\"9\":0,\"10\":2,\"11\":0,\"12\":0,\"14\":{\"1\":2,\"2\":0},\"15\":\"Calibri\",\"16\":11}\">&#8211; Guides d&#8217;alignement pour un positionnement correct des mains\/pieds  <\/span><\/p>\n<p><span data-sheets-value=\"{\"1\":2,\"2\":\"L'unica lampada progettata per polimerizzare in modo completo e uniforme CND Shellac e Brisa Gel. \u00c8 dotato di due impostazioni di luce progettate per migliorare la lunga durata e lucentezza. Intensit\u00e0 regolabile per ogni fase del servizio. Pulsazioni a tempo controllato per una cura di precisione. Caratteristiche del design: \u2022 Esposizione mirata solo all'area dell'unghia \u2022 Comandi preimpostati facili da usare per ogni fase del servizio \u2022 Guide di allineamento per il corretto posizionamento di mani\/piedi \u2022 Design ergonomico Impostazioni preprogrammate: Pulsante (1) per Universal Base Coat, Button (2B) per Brisa Gel, Button (2S) per CND Shellac, Button (3) per Universal Top Coat.\"}\" data-sheets-userformat=\"{\"2\":15297,\"3\":{\"1\":0},\"9\":0,\"10\":2,\"11\":0,\"12\":0,\"14\":{\"1\":2,\"2\":0},\"15\":\"Calibri\",\"16\":11}\">&#8211; Design ergonomique  <\/span><\/p>\n<p><span data-sheets-value=\"{\"1\":2,\"2\":\"L'unica lampada progettata per polimerizzare in modo completo e uniforme CND Shellac e Brisa Gel. \u00c8 dotato di due impostazioni di luce progettate per migliorare la lunga durata e lucentezza. Intensit\u00e0 regolabile per ogni fase del servizio. Pulsazioni a tempo controllato per una cura di precisione. Caratteristiche del design: \u2022 Esposizione mirata solo all'area dell'unghia \u2022 Comandi preimpostati facili da usare per ogni fase del servizio \u2022 Guide di allineamento per il corretto posizionamento di mani\/piedi \u2022 Design ergonomico Impostazioni preprogrammate: Pulsante (1) per Universal Base Coat, Button (2B) per Brisa Gel, Button (2S) per CND Shellac, Button (3) per Universal Top Coat.\"}\" data-sheets-userformat=\"{\"2\":15297,\"3\":{\"1\":0},\"9\":0,\"10\":2,\"11\":0,\"12\":0,\"14\":{\"1\":2,\"2\":0},\"15\":\"Calibri\",\"16\":11}\">R\u00e9glages pr\u00e9programm\u00e9s : Bouton (1) pour Universal Base Coat, Bouton (2B) pour Brisa Gel, Bouton (2S) pour CND Shellac, Bouton (3) pour Universal Top Coat.<\/span><\/p>\n","protected":false},"excerpt":{"rendered":"<p><span data-sheets-value=\"{\"1\":2,\"2\":\"L'unica lampada progettata per polimerizzare in modo completo e uniforme CND Shellac e Brisa Gel. \u00c8 dotato di due impostazioni di luce progettate per migliorare la lunga durata e lucentezza. Intensit\u00e0 regolabile per ogni fase del servizio. Pulsazioni a tempo controllato per una cura di precisione. Caratteristiche del design: \u2022 Esposizione mirata solo all'area dell'unghia \u2022 Comandi preimpostati facili da usare per ogni fase del servizio \u2022 Guide di allineamento per il corretto posizionamento di mani\/piedi \u2022 Design ergonomico Impostazioni preprogrammate: Pulsante (1) per Universal Base Coat, Button (2B) per Brisa Gel, Button (2S) per CND Shellac, Button (3) per Universal Top Coat.\"}\" data-sheets-userformat=\"{\"2\":15297,\"3\":{\"1\":0},\"9\":0,\"10\":2,\"11\":0,\"12\":0,\"14\":{\"1\":2,\"2\":0},\"15\":\"Calibri\",\"16\":11}\">Lampe con\u00e7ue pour le durcissement de CND Shellac et Brisa Gel.<\/span><\/p>\n","protected":false},"featured_media":43812,"template":"","meta":{"_acf_changed":false},"product_brand":[],"product_cat":[1296,1501],"product_tag":[6757,6760,4052,1275,1960,6801,6802,6803],"class_list":{"0":"post-48396","1":"product","2":"type-product","3":"status-publish","4":"has-post-thumbnail","6":"product_cat-equipement","7":"product_cat-nails-manucure-et-pedicure","8":"product_tag-brisa-fr","9":"product_tag-brisa-gel-fr","10":"product_tag-cnd-fr","11":"product_tag-gel-fr","12":"product_tag-gomme-laque","13":"product_tag-lampe-fr","14":"product_tag-lampe-fr-2","15":"product_tag-nouvelle-lampe","17":"first","18":"instock","19":"taxable","20":"shipping-taxable","21":"purchasable","22":"product-type-simple"},"acf":[],"jetpack_sharing_enabled":true,"_links":{"self":[{"href":"https:\/\/cndestetik.ch\/fr\/wp-json\/wp\/v2\/product\/48396","targetHints":{"allow":["GET"]}}],"collection":[{"href":"https:\/\/cndestetik.ch\/fr\/wp-json\/wp\/v2\/product"}],"about":[{"href":"https:\/\/cndestetik.ch\/fr\/wp-json\/wp\/v2\/types\/product"}],"wp:featuredmedia":[{"embeddable":true,"href":"https:\/\/cndestetik.ch\/fr\/wp-json\/wp\/v2\/media\/43812"}],"wp:attachment":[{"href":"https:\/\/cndestetik.ch\/fr\/wp-json\/wp\/v2\/media?parent=48396"}],"wp:term":[{"taxonomy":"product_brand","embeddable":true,"href":"https:\/\/cndestetik.ch\/fr\/wp-json\/wp\/v2\/product_brand?post=48396"},{"taxonomy":"product_cat","embeddable":true,"href":"https:\/\/cndestetik.ch\/fr\/wp-json\/wp\/v2\/product_cat?post=48396"},{"taxonomy":"product_tag","embeddable":true,"href":"https:\/\/cndestetik.ch\/fr\/wp-json\/wp\/v2\/product_tag?post=48396"}],"curies":[{"name":"wp","href":"https:\/\/api.w.org\/{rel}","templated":true}]}}