{"id":48355,"date":"2022-06-14T13:11:41","date_gmt":"2022-06-14T11:11:41","guid":{"rendered":"https:\/\/cndestetik.ch\/prodotto\/pieces-detachees-du-stylo-correcteur-c-3\/"},"modified":"2022-11-15T16:46:34","modified_gmt":"2022-11-15T15:46:34","slug":"stylo-correcteur-c-3-remplacement","status":"publish","type":"product","link":"https:\/\/cndestetik.ch\/fr\/prodotto\/stylo-correcteur-c-3-remplacement\/","title":{"rendered":"Pi\u00e8ces d\u00e9tach\u00e9es du stylo correcteur c\/3"},"content":{"rendered":"<p><span data-sheets-value=\"{\"1\":2,\"2\":\"Aiuta a ritoccare le unghie con lo smalto in modo rapido e semplice. La punta a penna satura di solvente per smalto rimuove lo smalto in eccesso senza danneggiare la manicure.\\nPunta sostituibile\\nPer sostituire la punta, tenere la penna in posizione verticale. Estrarre la punta usata e inserirne una nuova.\\nAttendere un minuto affinch\u00e9 la punta satura il solvente per smalto. Per una lunga durata, pulire la punta e chiudere bene il cappuccio dopo ogni utilizzo.\\nRicarica solvente per smalto\\nTenere saldamente il cappuccio terminale ed estrarlo. Utilizzare una pinzetta per estrarre il tubo assorbente. Saturare il tubo assorbente con un solvente per smalto. Riposizionare il tubo nella penna, chiudere e tappare.\\n\\n\"}\" data-sheets-userformat=\"{\"2\":15297,\"3\":{\"1\":0},\"9\":0,\"10\":2,\"11\":0,\"12\":0,\"14\":{\"1\":2,\"2\":0},\"15\":\"Calibri\",\"16\":11}\">Il permet de retoucher les ongles avec du vernis rapidement et facilement. La pointe du stylo satur\u00e9e de dissolvant enl\u00e8ve l&#8217;exc\u00e9dent de vernis \u00e0 ongles sans endommager la manucure.<br \/>\nEmbout rempla\u00e7able<br \/>\nPour remplacer la pointe, tenez le stylo \u00e0 la verticale. Retirez le foret usag\u00e9 et ins\u00e9rez un nouveau foret.<br \/>\nAttendez une minute pour que l&#8217;embout sature le dissolvant de vernis \u00e0 ongles. Pour une longue dur\u00e9e de vie, nettoyez l&#8217;embout et fermez bien le capuchon apr\u00e8s chaque utilisation.<br \/>\nRecharge de dissolvant pour vernis \u00e0 ongles<br \/>\nTenez fermement l&#8217;embout et retirez-le. Utilisez une pince \u00e0 \u00e9piler pour retirer le tube absorbant. Saturer le tube absorbant avec un solvant pour \u00e9mail. Replacer le tube dans le stylo, fermer et boucher.<\/span><\/p>\n<p>&nbsp;<\/p>\n","protected":false},"excerpt":{"rendered":"<p>Stylo de retouche pour vernis \u00e0 ongles.<\/p>\n","protected":false},"featured_media":46836,"template":"","meta":{"_acf_changed":false},"product_brand":[],"product_cat":[1296,1501],"product_tag":[4052,6671,6680,1974,1960,6685],"class_list":{"0":"post-48355","1":"product","2":"type-product","3":"status-publish","4":"has-post-thumbnail","6":"product_cat-equipement","7":"product_cat-nails-manucure-et-pedicure","8":"product_tag-cnd-fr","9":"product_tag-correcteur","10":"product_tag-correction-fr","11":"product_tag-email","12":"product_tag-gomme-laque","13":"product_tag-stylo","15":"first","16":"instock","17":"taxable","18":"shipping-taxable","19":"purchasable","20":"product-type-simple"},"acf":[],"jetpack_sharing_enabled":true,"_links":{"self":[{"href":"https:\/\/cndestetik.ch\/fr\/wp-json\/wp\/v2\/product\/48355","targetHints":{"allow":["GET"]}}],"collection":[{"href":"https:\/\/cndestetik.ch\/fr\/wp-json\/wp\/v2\/product"}],"about":[{"href":"https:\/\/cndestetik.ch\/fr\/wp-json\/wp\/v2\/types\/product"}],"wp:featuredmedia":[{"embeddable":true,"href":"https:\/\/cndestetik.ch\/fr\/wp-json\/wp\/v2\/media\/46836"}],"wp:attachment":[{"href":"https:\/\/cndestetik.ch\/fr\/wp-json\/wp\/v2\/media?parent=48355"}],"wp:term":[{"taxonomy":"product_brand","embeddable":true,"href":"https:\/\/cndestetik.ch\/fr\/wp-json\/wp\/v2\/product_brand?post=48355"},{"taxonomy":"product_cat","embeddable":true,"href":"https:\/\/cndestetik.ch\/fr\/wp-json\/wp\/v2\/product_cat?post=48355"},{"taxonomy":"product_tag","embeddable":true,"href":"https:\/\/cndestetik.ch\/fr\/wp-json\/wp\/v2\/product_tag?post=48355"}],"curies":[{"name":"wp","href":"https:\/\/api.w.org\/{rel}","templated":true}]}}