{"id":48346,"date":"2022-06-14T16:05:04","date_gmt":"2022-06-14T14:05:04","guid":{"rendered":"https:\/\/cndestetik.ch\/prodotto\/nettoyant-67-dalcool-isopropylique\/"},"modified":"2022-11-15T16:46:34","modified_gmt":"2022-11-15T15:46:34","slug":"nettoyant-alcool-isopropylique-67","status":"publish","type":"product","link":"https:\/\/cndestetik.ch\/fr\/prodotto\/nettoyant-alcool-isopropylique-67\/","title":{"rendered":"Nettoyant &#8211; 67% d&#8217;alcool isopropylique"},"content":{"rendered":"<p><span data-sheets-value=\"{\"1\":2,\"2\":\"Questo sgrassante per unghie elimina la dispersione ed eventuali residui di umidit\u00e0 dall'unghia. Per unghie ben preparate ed un effetto ultra brillante! \"}\" data-sheets-userformat=\"{\"2\":15297,\"3\":{\"1\":0},\"9\":0,\"10\":2,\"11\":0,\"12\":0,\"14\":{\"1\":2,\"2\":0},\"15\":\"Calibri\",\"16\":11}\">Ce d\u00e9graissant pour ongles \u00e9limine la dispersion et toute humidit\u00e9 r\u00e9siduelle de l&#8217;ongle. Pour des ongles bien pr\u00e9par\u00e9s et un effet ultra-brillant !<\/span><\/p>\n<p>Bidon de 500 ml.<\/p>\n","protected":false},"excerpt":{"rendered":"<p>Nettoyant pour ongles.<\/p>\n","protected":false},"featured_media":50850,"template":"","meta":{"_acf_changed":false},"product_brand":[],"product_cat":[1501],"product_tag":[2381,4052,4971,6646],"class_list":{"0":"post-48346","1":"product","2":"type-product","3":"status-publish","4":"has-post-thumbnail","6":"product_cat-nails-manucure-et-pedicure","7":"product_tag-alcool-fr-2","8":"product_tag-cnd-fr","9":"product_tag-isopropyle","10":"product_tag-nettoyant","12":"first","13":"instock","14":"taxable","15":"shipping-taxable","16":"purchasable","17":"product-type-simple"},"acf":[],"jetpack_sharing_enabled":true,"_links":{"self":[{"href":"https:\/\/cndestetik.ch\/fr\/wp-json\/wp\/v2\/product\/48346","targetHints":{"allow":["GET"]}}],"collection":[{"href":"https:\/\/cndestetik.ch\/fr\/wp-json\/wp\/v2\/product"}],"about":[{"href":"https:\/\/cndestetik.ch\/fr\/wp-json\/wp\/v2\/types\/product"}],"wp:featuredmedia":[{"embeddable":true,"href":"https:\/\/cndestetik.ch\/fr\/wp-json\/wp\/v2\/media\/50850"}],"wp:attachment":[{"href":"https:\/\/cndestetik.ch\/fr\/wp-json\/wp\/v2\/media?parent=48346"}],"wp:term":[{"taxonomy":"product_brand","embeddable":true,"href":"https:\/\/cndestetik.ch\/fr\/wp-json\/wp\/v2\/product_brand?post=48346"},{"taxonomy":"product_cat","embeddable":true,"href":"https:\/\/cndestetik.ch\/fr\/wp-json\/wp\/v2\/product_cat?post=48346"},{"taxonomy":"product_tag","embeddable":true,"href":"https:\/\/cndestetik.ch\/fr\/wp-json\/wp\/v2\/product_tag?post=48346"}],"curies":[{"name":"wp","href":"https:\/\/api.w.org\/{rel}","templated":true}]}}