{"id":48344,"date":"2022-06-14T11:50:25","date_gmt":"2022-06-14T09:50:25","guid":{"rendered":"https:\/\/cndestetik.ch\/prodotto\/clip-soak-off-pour-le-retrait-du-gel-et-du-vernis-a-ongles-10-pieces\/"},"modified":"2022-11-15T16:46:35","modified_gmt":"2022-11-15T15:46:35","slug":"pince-de-trempage-pour-le-gel-depolissage-des-ongles-10-pieces","status":"publish","type":"product","link":"https:\/\/cndestetik.ch\/fr\/prodotto\/pince-de-trempage-pour-le-gel-depolissage-des-ongles-10-pieces\/","title":{"rendered":"Clip Soak Off pour le retrait du gel et du vernis \u00e0 ongles &#8211; 10 pi\u00e8ces"},"content":{"rendered":"<p><span data-sheets-value=\"{\"1\":2,\"2\":\"Le clip Soak Off vengono utilizzate per afferrare rapidamente il dito e tenere premuti i dischetti di cotone imbevuti sulla superficie dell'unghia per rimuovere il gel o lo smalto.\\nLa clip \u00e8 costruita con 2 parti in plastica di contorno con una molla in metallo. \"}\" data-sheets-userformat=\"{\"2\":15297,\"3\":{\"1\":0},\"9\":0,\"10\":2,\"11\":0,\"12\":0,\"14\":{\"1\":2,\"2\":0},\"15\":\"Calibri\",\"16\":11}\">Les pinces Soak Off sont utilis\u00e9es pour saisir rapidement le doigt et maintenir des tampons de coton imbib\u00e9s sur la surface de l&#8217;ongle pour enlever le gel ou le vernis.<br \/>\nLe clip est compos\u00e9 de 2 pi\u00e8ces de contour en plastique avec un ressort en m\u00e9tal.  <\/span><\/p>\n","protected":false},"excerpt":{"rendered":"","protected":false},"featured_media":46678,"template":"","meta":{"_acf_changed":false},"product_brand":[],"product_cat":[1501],"product_tag":[6643,4052,6658,6651,6655],"class_list":{"0":"post-48344","1":"product","2":"type-product","3":"status-publish","4":"has-post-thumbnail","6":"product_cat-nails-manucure-et-pedicure","7":"product_tag-clips-fr","8":"product_tag-cnd-fr","9":"product_tag-faire-tremper","10":"product_tag-off-fr","11":"product_tag-tremper","13":"first","14":"instock","15":"taxable","16":"shipping-taxable","17":"purchasable","18":"product-type-simple"},"acf":[],"jetpack_sharing_enabled":true,"_links":{"self":[{"href":"https:\/\/cndestetik.ch\/fr\/wp-json\/wp\/v2\/product\/48344","targetHints":{"allow":["GET"]}}],"collection":[{"href":"https:\/\/cndestetik.ch\/fr\/wp-json\/wp\/v2\/product"}],"about":[{"href":"https:\/\/cndestetik.ch\/fr\/wp-json\/wp\/v2\/types\/product"}],"wp:featuredmedia":[{"embeddable":true,"href":"https:\/\/cndestetik.ch\/fr\/wp-json\/wp\/v2\/media\/46678"}],"wp:attachment":[{"href":"https:\/\/cndestetik.ch\/fr\/wp-json\/wp\/v2\/media?parent=48344"}],"wp:term":[{"taxonomy":"product_brand","embeddable":true,"href":"https:\/\/cndestetik.ch\/fr\/wp-json\/wp\/v2\/product_brand?post=48344"},{"taxonomy":"product_cat","embeddable":true,"href":"https:\/\/cndestetik.ch\/fr\/wp-json\/wp\/v2\/product_cat?post=48344"},{"taxonomy":"product_tag","embeddable":true,"href":"https:\/\/cndestetik.ch\/fr\/wp-json\/wp\/v2\/product_tag?post=48344"}],"curies":[{"name":"wp","href":"https:\/\/api.w.org\/{rel}","templated":true}]}}