{"id":48331,"date":"2022-06-14T16:12:41","date_gmt":"2022-06-14T14:12:41","guid":{"rendered":"https:\/\/cndestetik.ch\/prodotto\/cnd-scrubfresh\/"},"modified":"2022-11-15T16:46:30","modified_gmt":"2022-11-15T15:46:30","slug":"cnd-scrubfresh","status":"publish","type":"product","link":"https:\/\/cndestetik.ch\/fr\/prodotto\/cnd-scrubfresh\/","title":{"rendered":"CND Scrubfresh"},"content":{"rendered":"<p>Pr\u00e9paration purifiante pour les ongles. Technicien des ongles en une \u00e9tape. \u00c9limine les contaminants de la surface de l&#8217;ongle. Augmentation de la r\u00e9tention des membres et des services.<\/p>\n","protected":false},"excerpt":{"rendered":"<p>Technicien ongulaire.<\/p>\n","protected":false},"featured_media":43966,"template":"","meta":{"_acf_changed":false},"product_brand":[],"product_cat":[1501],"product_tag":[4052,9430,5220,1354,1355,6615],"class_list":{"0":"post-48331","1":"product","2":"type-product","3":"status-publish","4":"has-post-thumbnail","6":"product_cat-nails-manucure-et-pedicure","7":"product_tag-cnd-fr","8":"product_tag-formateur","9":"product_tag-ongle-fr","10":"product_tag-ongles","11":"product_tag-ongles-fr","12":"product_tag-scrubfresh-fr","13":"pa_flacone-222ml-fr","14":"pa_flacone-59ml","15":"pa_flacone-946ml-fr","17":"first","18":"instock","19":"taxable","20":"shipping-taxable","21":"purchasable","22":"product-type-variable","23":"has-default-attributes"},"acf":[],"jetpack_sharing_enabled":true,"_links":{"self":[{"href":"https:\/\/cndestetik.ch\/fr\/wp-json\/wp\/v2\/product\/48331","targetHints":{"allow":["GET"]}}],"collection":[{"href":"https:\/\/cndestetik.ch\/fr\/wp-json\/wp\/v2\/product"}],"about":[{"href":"https:\/\/cndestetik.ch\/fr\/wp-json\/wp\/v2\/types\/product"}],"wp:featuredmedia":[{"embeddable":true,"href":"https:\/\/cndestetik.ch\/fr\/wp-json\/wp\/v2\/media\/43966"}],"wp:attachment":[{"href":"https:\/\/cndestetik.ch\/fr\/wp-json\/wp\/v2\/media?parent=48331"}],"wp:term":[{"taxonomy":"product_brand","embeddable":true,"href":"https:\/\/cndestetik.ch\/fr\/wp-json\/wp\/v2\/product_brand?post=48331"},{"taxonomy":"product_cat","embeddable":true,"href":"https:\/\/cndestetik.ch\/fr\/wp-json\/wp\/v2\/product_cat?post=48331"},{"taxonomy":"product_tag","embeddable":true,"href":"https:\/\/cndestetik.ch\/fr\/wp-json\/wp\/v2\/product_tag?post=48331"}],"curies":[{"name":"wp","href":"https:\/\/api.w.org\/{rel}","templated":true}]}}