{"id":48323,"date":"2022-06-15T09:02:58","date_gmt":"2022-06-15T07:02:58","guid":{"rendered":"https:\/\/cndestetik.ch\/prodotto\/pointes-de-vitesse-claires-givrees\/"},"modified":"2022-11-15T16:45:20","modified_gmt":"2022-11-15T15:45:20","slug":"conseils-pour-la-velocite-du-givre","status":"publish","type":"product","link":"https:\/\/cndestetik.ch\/fr\/prodotto\/conseils-pour-la-velocite-du-givre\/","title":{"rendered":"Pointes de vitesse claires (givr\u00e9es)"},"content":{"rendered":"<p><span data-sheets-value=\"{\"1\":2,\"2\":\"Le Tips Creative Nail Design sono Tips per unghie di qualit\u00e0 professionale realizzate con la migliore plastica vergine ABS, progettate con punti di differenza strutturali superiori per un servizio unghie personalizzato. Possono essere utilizzati per allungare l'unghia naturale alla lunghezza desiderata o per correggere l'aspetto delle unghie deformi.\\n\\nProfonda curva a \\\"C\\\".\\nArea di microcontatti\\nArco laterale \\nContiene: 100 punte in una confezione (10 per ogni taglia da #1 a #10).\"}\" data-sheets-userformat=\"{\"2\":15297,\"3\":{\"1\":0},\"9\":0,\"10\":2,\"11\":0,\"12\":0,\"14\":{\"1\":2,\"2\":0},\"15\":\"Calibri\",\"16\":11}\">Les pointes Creative Nail Design sont des pointes de qualit\u00e9 professionnelle fabriqu\u00e9es \u00e0 partir du meilleur plastique ABS vierge, con\u00e7ues avec des points de diff\u00e9rence structurels sup\u00e9rieurs pour un service d&#8217;ongles personnalis\u00e9. Ils peuvent \u00eatre utilis\u00e9s pour allonger l&#8217;ongle naturel \u00e0 la longueur d\u00e9sir\u00e9e ou pour corriger l&#8217;apparence des ongles d\u00e9form\u00e9s.<\/span><\/p>\n<p>Courbe profonde en &#8220;C&#8221;.<br \/>\nZone de microcontact<br \/>\nArche lat\u00e9rale<br \/>\nContient : 100 embouts dans un paquet (10 de chaque taille de #1 \u00e0 #10).<\/p>\n","protected":false},"excerpt":{"rendered":"<p>100 pointes \u00e0 ongles en plastique ABS.<\/p>\n","protected":false},"featured_media":44058,"template":"","meta":{"_acf_changed":false},"product_brand":[],"product_cat":[1501],"product_tag":[6614,6624,6629,6617,6627],"class_list":{"0":"post-48323","1":"product","2":"type-product","3":"status-publish","4":"has-post-thumbnail","6":"product_cat-nails-manucure-et-pedicure","7":"product_tag-clair","8":"product_tag-conseils","9":"product_tag-conseils-sur-la-velocite","10":"product_tag-givre","11":"product_tag-velocite","13":"first","14":"instock","15":"taxable","16":"shipping-taxable","17":"purchasable","18":"product-type-simple"},"acf":[],"jetpack_sharing_enabled":true,"_links":{"self":[{"href":"https:\/\/cndestetik.ch\/fr\/wp-json\/wp\/v2\/product\/48323","targetHints":{"allow":["GET"]}}],"collection":[{"href":"https:\/\/cndestetik.ch\/fr\/wp-json\/wp\/v2\/product"}],"about":[{"href":"https:\/\/cndestetik.ch\/fr\/wp-json\/wp\/v2\/types\/product"}],"wp:featuredmedia":[{"embeddable":true,"href":"https:\/\/cndestetik.ch\/fr\/wp-json\/wp\/v2\/media\/44058"}],"wp:attachment":[{"href":"https:\/\/cndestetik.ch\/fr\/wp-json\/wp\/v2\/media?parent=48323"}],"wp:term":[{"taxonomy":"product_brand","embeddable":true,"href":"https:\/\/cndestetik.ch\/fr\/wp-json\/wp\/v2\/product_brand?post=48323"},{"taxonomy":"product_cat","embeddable":true,"href":"https:\/\/cndestetik.ch\/fr\/wp-json\/wp\/v2\/product_cat?post=48323"},{"taxonomy":"product_tag","embeddable":true,"href":"https:\/\/cndestetik.ch\/fr\/wp-json\/wp\/v2\/product_tag?post=48323"}],"curies":[{"name":"wp","href":"https:\/\/api.w.org\/{rel}","templated":true}]}}