{"id":47919,"date":"2022-06-13T09:05:48","date_gmt":"2022-06-13T07:05:48","guid":{"rendered":"https:\/\/cndestetik.ch\/prodotto\/sourire-de-bebe-shellac\/"},"modified":"2024-10-25T08:50:55","modified_gmt":"2024-10-25T06:50:55","slug":"gomme-laque-bebe-sourire","status":"publish","type":"product","link":"https:\/\/cndestetik.ch\/fr\/prodotto\/gomme-laque-bebe-sourire\/","title":{"rendered":"Sourire de b\u00e9b\u00e9 Shellac"},"content":{"rendered":"<p><span data-sheets-value=\"{\"1\":2,\"2\":\"CND Shellac color coat 7.3 ml. Massima tenuta per oltre 14 giorni. Garantisce copertura, intensit\u00e0 e omogeneit\u00e0 nella stesura, disponibile in oltre 130 colori ispirati alle passerelle. Uno strato sottile polimerizza in solo 60 secondi nella NEW CND Lamp\"}\" data-sheets-userformat=\"{\"2\":15297,\"3\":{\"1\":0},\"9\":0,\"10\":2,\"11\":0,\"12\":0,\"14\":{\"1\":2,\"2\":0},\"15\":\"Calibri\",\"16\":11}\">Couche de couleur CND Shellac 7.3 ml. Retenue maximale de plus de 14 jours. Il garantit la couverture, l&#8217;intensit\u00e9 et l&#8217;uniformit\u00e9 de l&#8217;application, disponible dans plus de 130 couleurs inspir\u00e9es des podiums. Une fine couche durcit en 60 secondes seulement avec la NOUVELLE lampe CND.<\/span><\/p>\n","protected":false},"excerpt":{"rendered":"<p>Couleur \u00e0 s\u00e9chage rapide, tenue de 14 jours.<\/p>\n","protected":false},"featured_media":54554,"template":"","meta":{"_acf_changed":false},"product_brand":[],"product_cat":[12751,1501],"product_tag":[6524,1960,1354,1355,5259,6525,1962],"class_list":{"0":"post-47919","1":"product","2":"type-product","3":"status-publish","4":"has-post-thumbnail","6":"product_cat-c-n-d-fr","7":"product_cat-nails-manucure-et-pedicure","8":"product_tag-bebe-fr-2","9":"product_tag-gomme-laque","10":"product_tag-ongles","11":"product_tag-ongles-fr","12":"product_tag-sourire","13":"product_tag-sourire-de-bebe","14":"product_tag-top-fr","16":"first","17":"instock","18":"taxable","19":"shipping-taxable","20":"purchasable","21":"product-type-simple"},"acf":[],"jetpack_sharing_enabled":true,"_links":{"self":[{"href":"https:\/\/cndestetik.ch\/fr\/wp-json\/wp\/v2\/product\/47919","targetHints":{"allow":["GET"]}}],"collection":[{"href":"https:\/\/cndestetik.ch\/fr\/wp-json\/wp\/v2\/product"}],"about":[{"href":"https:\/\/cndestetik.ch\/fr\/wp-json\/wp\/v2\/types\/product"}],"wp:featuredmedia":[{"embeddable":true,"href":"https:\/\/cndestetik.ch\/fr\/wp-json\/wp\/v2\/media\/54554"}],"wp:attachment":[{"href":"https:\/\/cndestetik.ch\/fr\/wp-json\/wp\/v2\/media?parent=47919"}],"wp:term":[{"taxonomy":"product_brand","embeddable":true,"href":"https:\/\/cndestetik.ch\/fr\/wp-json\/wp\/v2\/product_brand?post=47919"},{"taxonomy":"product_cat","embeddable":true,"href":"https:\/\/cndestetik.ch\/fr\/wp-json\/wp\/v2\/product_cat?post=47919"},{"taxonomy":"product_tag","embeddable":true,"href":"https:\/\/cndestetik.ch\/fr\/wp-json\/wp\/v2\/product_tag?post=47919"}],"curies":[{"name":"wp","href":"https:\/\/api.w.org\/{rel}","templated":true}]}}