{"id":47243,"date":"2022-06-08T13:46:47","date_gmt":"2022-06-08T11:46:47","guid":{"rendered":"https:\/\/cndestetik.ch\/prodotto\/cnd-plexigel-shaper\/"},"modified":"2024-10-25T11:19:19","modified_gmt":"2024-10-25T09:19:19","slug":"cnd-plexigel-shaper","status":"publish","type":"product","link":"https:\/\/cndestetik.ch\/fr\/prodotto\/cnd-plexigel-shaper\/","title":{"rendered":"CND Plexigel Shaper"},"content":{"rendered":"<p>CND PLEXIGEL Shaper est un gel pinceau renfor\u00e7ant cristallin qui apporte force, protection et longueur \u00e0 l&#8217;ongle naturel pendant plus de 3 semaines.<\/p>\n<p>Ce qu&#8217;il fait :<\/p>\n<ul>\n<li>Il prot\u00e8ge et ajoute une couche de r\u00e9sistance \u00e0 l&#8217;ongle naturel.<\/li>\n<li>Il donne une forme aux ongles plats et informes.<\/li>\n<li>Augmente la tenue du vernis gel CND SHELLAC.<\/li>\n<li>Construit la longueur du franc-bord lorsqu&#8217;il est sculpt\u00e9 sur un formulaire<\/li>\n<\/ul>\n","protected":false},"excerpt":{"rendered":"<p>Renfort de brosse cristallin qui apporte force, protection et longueur.<\/p>\n","protected":false},"featured_media":41057,"template":"","meta":{"_acf_changed":false},"product_brand":[],"product_cat":[12751,1501],"product_tag":[5217,1275,5220,1355,1354,4989,4993],"class_list":{"0":"post-47243","1":"product","2":"type-product","3":"status-publish","4":"has-post-thumbnail","6":"product_cat-c-n-d-fr","7":"product_cat-nails-manucure-et-pedicure","8":"product_tag-faconneur","9":"product_tag-gel-fr","10":"product_tag-ongle-fr","11":"product_tag-ongles-fr","12":"product_tag-ongles","13":"product_tag-plexigel-fr","14":"product_tag-reconstruction-des-ongles","16":"first","17":"instock","18":"taxable","19":"shipping-taxable","20":"purchasable","21":"product-type-simple"},"acf":[],"jetpack_sharing_enabled":true,"_links":{"self":[{"href":"https:\/\/cndestetik.ch\/fr\/wp-json\/wp\/v2\/product\/47243","targetHints":{"allow":["GET"]}}],"collection":[{"href":"https:\/\/cndestetik.ch\/fr\/wp-json\/wp\/v2\/product"}],"about":[{"href":"https:\/\/cndestetik.ch\/fr\/wp-json\/wp\/v2\/types\/product"}],"wp:featuredmedia":[{"embeddable":true,"href":"https:\/\/cndestetik.ch\/fr\/wp-json\/wp\/v2\/media\/41057"}],"wp:attachment":[{"href":"https:\/\/cndestetik.ch\/fr\/wp-json\/wp\/v2\/media?parent=47243"}],"wp:term":[{"taxonomy":"product_brand","embeddable":true,"href":"https:\/\/cndestetik.ch\/fr\/wp-json\/wp\/v2\/product_brand?post=47243"},{"taxonomy":"product_cat","embeddable":true,"href":"https:\/\/cndestetik.ch\/fr\/wp-json\/wp\/v2\/product_cat?post=47243"},{"taxonomy":"product_tag","embeddable":true,"href":"https:\/\/cndestetik.ch\/fr\/wp-json\/wp\/v2\/product_tag?post=47243"}],"curies":[{"name":"wp","href":"https:\/\/api.w.org\/{rel}","templated":true}]}}