{"id":47203,"date":"2022-06-08T10:06:21","date_gmt":"2022-06-08T08:06:21","guid":{"rendered":"https:\/\/cndestetik.ch\/prodotto\/cnd-plexigel-colour-builder-en-anglais\/"},"modified":"2022-11-15T15:54:51","modified_gmt":"2022-11-15T14:54:51","slug":"cnd-plexigel-couleur-batisseur-milky-mauve","status":"publish","type":"product","link":"https:\/\/cndestetik.ch\/fr\/prodotto\/cnd-plexigel-couleur-batisseur-milky-mauve\/","title":{"rendered":"CND Plexigel Colour Builder (en anglais)"},"content":{"rendered":"<p><span data-sheets-value=\"{\"1\":2,\"2\":\"CND PLEXIGEL Builder \u00e8 un gel di ricostruzione colorato (COVER) con pennello che fornisce forza, architettura e lunghezza moderata\/lunga all'unghia naturale. Crea ricostruzioni forti, chiare, leggere, da medie a lunghe. Fornisce opzioni di servizio versatili; puoi essere tu..\"}\" data-sheets-userformat=\"{\"2\":15297,\"3\":{\"1\":0},\"9\":0,\"10\":2,\"11\":0,\"12\":0,\"14\":{\"1\":2,\"2\":0},\"15\":\"Calibri\",\"16\":11}\">  CND PLEXIGEL Builder est un gel de reconstruction color\u00e9 (COVER) avec pinceau qui apporte force, architecture et longueur mod\u00e9r\u00e9e\/longue \u00e0 l&#8217;ongle naturel. Il cr\u00e9e des reconstructions fortes, l\u00e9g\u00e8res, moyennes et longues. Il offre des options de service polyvalentes ; vous pouvez \u00eatre votre.<\/span><\/p>\n<p>Flacon de 15ml.<\/p>\n","protected":false},"excerpt":{"rendered":"<p>Gel de reconstruction color\u00e9 avec pinceau.<\/p>\n","protected":false},"featured_media":40913,"template":"","meta":{"_acf_changed":false},"product_brand":[],"product_cat":[1501],"product_tag":[5113,4052,5116,5118,5108,5117,1275,5110,5114,5111,5109,5112,4989,5115,1522,5119,5120],"class_list":{"0":"post-47203","1":"product","2":"type-product","3":"status-publish","4":"has-post-thumbnail","6":"product_cat-nails-manucure-et-pedicure","7":"product_tag-avoine","8":"product_tag-cnd-fr","9":"product_tag-doux-fr","10":"product_tag-epice","11":"product_tag-fard-a-joues","12":"product_tag-fard-doux","13":"product_tag-gel-fr","14":"product_tag-lait-fr","15":"product_tag-lait-davoine","16":"product_tag-laiteux","17":"product_tag-mauve-fr","18":"product_tag-mauve-laiteux","19":"product_tag-plexigel-fr","20":"product_tag-porcelaine","21":"product_tag-reconstruction","22":"product_tag-tire-depices","23":"product_tag-tirette","24":"pa_gel-builder-caramels-aux-epices","25":"pa_gel-builder-lait-davoine","26":"pa_gel-builder-mauve-laiteux","27":"pa_gel-builder-porcelaine","28":"pa_gel-builder-soft-blush-fr","30":"first","31":"instock","32":"taxable","33":"shipping-taxable","34":"purchasable","35":"product-type-variable"},"acf":[],"jetpack_sharing_enabled":true,"_links":{"self":[{"href":"https:\/\/cndestetik.ch\/fr\/wp-json\/wp\/v2\/product\/47203","targetHints":{"allow":["GET"]}}],"collection":[{"href":"https:\/\/cndestetik.ch\/fr\/wp-json\/wp\/v2\/product"}],"about":[{"href":"https:\/\/cndestetik.ch\/fr\/wp-json\/wp\/v2\/types\/product"}],"wp:featuredmedia":[{"embeddable":true,"href":"https:\/\/cndestetik.ch\/fr\/wp-json\/wp\/v2\/media\/40913"}],"wp:attachment":[{"href":"https:\/\/cndestetik.ch\/fr\/wp-json\/wp\/v2\/media?parent=47203"}],"wp:term":[{"taxonomy":"product_brand","embeddable":true,"href":"https:\/\/cndestetik.ch\/fr\/wp-json\/wp\/v2\/product_brand?post=47203"},{"taxonomy":"product_cat","embeddable":true,"href":"https:\/\/cndestetik.ch\/fr\/wp-json\/wp\/v2\/product_cat?post=47203"},{"taxonomy":"product_tag","embeddable":true,"href":"https:\/\/cndestetik.ch\/fr\/wp-json\/wp\/v2\/product_tag?post=47203"}],"curies":[{"name":"wp","href":"https:\/\/api.w.org\/{rel}","templated":true}]}}