{"id":47155,"date":"2022-06-07T10:51:41","date_gmt":"2022-06-07T08:51:41","guid":{"rendered":"https:\/\/cndestetik.ch\/prodotto\/poudre-desinfectante-paracetique-germocid\/"},"modified":"2024-05-21T09:56:30","modified_gmt":"2024-05-21T07:56:30","slug":"germocid-paracetic-disinfectant-poudre","status":"publish","type":"product","link":"https:\/\/cndestetik.ch\/fr\/prodotto\/germocid-paracetic-disinfectant-poudre\/","title":{"rendered":"Poudre d\u00e9sinfectante parac\u00e9tique Germocid"},"content":{"rendered":"<p><span data-sheets-value=\"{\"1\":2,\"2\":\"GERMOCID POLVERE - barattolo da 500 gnnSterilizzante a freddo: l\u2019acido paracetico che si forma dalla reazione di sodio percarbonato e tetracetiletilendiammina (che si ottiene dopo dissoluzione del prodotto in acqua) esplica una efficace attivit\u00e0 biocida nei confronti di spore, virus ( HIV, HBV, HCV), batteri, microbatteri e funghi. Alle concentrazioni indicate (0,3%) esercita l\u2019azione sterilizzante dopo un tempo di 10 minuti di contatto. Il prodotto \u00e8 attivo dopo 15 minuti dalla dissoluzione, la soluzione cos\u00ec preparata \u00e8 attiva per un tempo massimo di 24 ore. Indicato per una sterilizzazione e\/o disinfezione rapida a freddo di endoscopi, fibre ottiche, strumenti chirurgici e odontoiatrici,ntrasduttori, etc. Pu\u00f2 essere utilizzato anche con lava endoscopi automatici. Nessun impatto ambientale: il residuo a contatto con le acque di scarico si degrada immediatamente in acido acetico, acqua e ossigeno. Composizione chimica: Precursori acido peracetico e coformulanti. Produzione italiana. Vendibile solo a coppia di 2 barattoli\"}\" data-sheets-userformat=\"{\"2\":15297,\"3\":{\"1\":0},\"9\":0,\"10\":2,\"11\":0,\"12\":0,\"14\":{\"1\":2,\"2\":0},\"15\":\"Calibri\",\"16\":11}\">POUDRE DE GERMOCIDE &#8211; Bo\u00eete de 500 g &#8211; Vendue uniquement par paire de 2 bo\u00eetes.<\/span><\/p>\n<p>St\u00e9rilisateur \u00e0 froid : l&#8217;acide parac\u00e9tique form\u00e9 par la r\u00e9action du percarbonate de sodium et de la t\u00e9traac\u00e9tyl\u00e9thyl\u00e8nediamine (que l&#8217;on obtient apr\u00e8s avoir dissous le produit dans l&#8217;eau) exerce une activit\u00e9 biocide efficace contre les spores, les virus (VIH, VHB, VHC), les bact\u00e9ries, les microbes et les champignons. Aux concentrations indiqu\u00e9es (0,3%), il exerce son action st\u00e9rilisante apr\u00e8s un temps de contact de 10 minutes. Le produit est actif 15 minutes apr\u00e8s la dissolution ; la solution ainsi pr\u00e9par\u00e9e est active jusqu&#8217;\u00e0 24 heures. Convient pour la st\u00e9rilisation et\/ou la d\u00e9sinfection rapide \u00e0 froid des endoscopes, des fibres optiques, des instruments chirurgicaux et dentaires,<br \/>\ntransducteurs, etc.  <span data-sheets-value=\"{\"1\":2,\"2\":\"GERMOCID POLVERE - barattolo da 500 gnnSterilizzante a freddo: l\u2019acido paracetico che si forma dalla reazione di sodio percarbonato e tetracetiletilendiammina (che si ottiene dopo dissoluzione del prodotto in acqua) esplica una efficace attivit\u00e0 biocida nei confronti di spore, virus ( HIV, HBV, HCV), batteri, microbatteri e funghi. Alle concentrazioni indicate (0,3%) esercita l\u2019azione sterilizzante dopo un tempo di 10 minuti di contatto. Il prodotto \u00e8 attivo dopo 15 minuti dalla dissoluzione, la soluzione cos\u00ec preparata \u00e8 attiva per un tempo massimo di 24 ore. Indicato per una sterilizzazione e\/o disinfezione rapida a freddo di endoscopi, fibre ottiche, strumenti chirurgici e odontoiatrici,ntrasduttori, etc. Pu\u00f2 essere utilizzato anche con lava endoscopi automatici. Nessun impatto ambientale: il residuo a contatto con le acque di scarico si degrada immediatamente in acido acetico, acqua e ossigeno. Composizione chimica: Precursori acido peracetico e coformulanti. Produzione italiana. Vendibile solo a coppia di 2 barattoli\"}\" data-sheets-userformat=\"{\"2\":15297,\"3\":{\"1\":0},\"9\":0,\"10\":2,\"11\":0,\"12\":0,\"14\":{\"1\":2,\"2\":0},\"15\":\"Calibri\",\"16\":11}\">Il peut \u00e9galement \u00eatre utilis\u00e9 avec les laveurs automatiques d&#8217;endoscopes.  <\/span><\/p>\n<p><span data-sheets-value=\"{\"1\":2,\"2\":\"GERMOCID POLVERE - barattolo da 500 gnnSterilizzante a freddo: l\u2019acido paracetico che si forma dalla reazione di sodio percarbonato e tetracetiletilendiammina (che si ottiene dopo dissoluzione del prodotto in acqua) esplica una efficace attivit\u00e0 biocida nei confronti di spore, virus ( HIV, HBV, HCV), batteri, microbatteri e funghi. Alle concentrazioni indicate (0,3%) esercita l\u2019azione sterilizzante dopo un tempo di 10 minuti di contatto. Il prodotto \u00e8 attivo dopo 15 minuti dalla dissoluzione, la soluzione cos\u00ec preparata \u00e8 attiva per un tempo massimo di 24 ore. Indicato per una sterilizzazione e\/o disinfezione rapida a freddo di endoscopi, fibre ottiche, strumenti chirurgici e odontoiatrici,ntrasduttori, etc. Pu\u00f2 essere utilizzato anche con lava endoscopi automatici. Nessun impatto ambientale: il residuo a contatto con le acque di scarico si degrada immediatamente in acido acetico, acqua e ossigeno. Composizione chimica: Precursori acido peracetico e coformulanti. Produzione italiana. Vendibile solo a coppia di 2 barattoli\"}\" data-sheets-userformat=\"{\"2\":15297,\"3\":{\"1\":0},\"9\":0,\"10\":2,\"11\":0,\"12\":0,\"14\":{\"1\":2,\"2\":0},\"15\":\"Calibri\",\"16\":11}\">Aucun impact sur l&#8217;environnement : le r\u00e9sidu en contact avec les eaux us\u00e9es se d\u00e9grade imm\u00e9diatement en acide ac\u00e9tique, eau et oxyg\u00e8ne. Composition chimique : pr\u00e9curseurs de l&#8217;acide perac\u00e9tique et coformulants. Production italienne. Ne peut \u00eatre vendu que par paire de 2 bo\u00eetes.<\/span><\/p>\n","protected":false},"excerpt":{"rendered":"<p>St\u00e9rilisateur \u00e0 froid pour l&#8217;instrumentation<\/p>\n<p>&nbsp;<\/p>\n","protected":false},"featured_media":61199,"template":"","meta":{"_acf_changed":false},"product_brand":[],"product_cat":[1208],"product_tag":[2382,4991,4985,4995],"class_list":{"0":"post-47155","1":"product","2":"type-product","3":"status-publish","4":"has-post-thumbnail","6":"product_cat-hygiene-et-securite","7":"product_tag-desinfectant-fr","8":"product_tag-germocid-fr","9":"product_tag-poudre-desinfectante","10":"product_tag-poussiere","11":"pa_pezzi-1-piece-fr","12":"pa_pezzi-2-pieces-fr","14":"first","15":"instock","16":"taxable","17":"shipping-taxable","18":"purchasable","19":"product-type-variable"},"acf":[],"jetpack_sharing_enabled":true,"_links":{"self":[{"href":"https:\/\/cndestetik.ch\/fr\/wp-json\/wp\/v2\/product\/47155","targetHints":{"allow":["GET"]}}],"collection":[{"href":"https:\/\/cndestetik.ch\/fr\/wp-json\/wp\/v2\/product"}],"about":[{"href":"https:\/\/cndestetik.ch\/fr\/wp-json\/wp\/v2\/types\/product"}],"wp:featuredmedia":[{"embeddable":true,"href":"https:\/\/cndestetik.ch\/fr\/wp-json\/wp\/v2\/media\/61199"}],"wp:attachment":[{"href":"https:\/\/cndestetik.ch\/fr\/wp-json\/wp\/v2\/media?parent=47155"}],"wp:term":[{"taxonomy":"product_brand","embeddable":true,"href":"https:\/\/cndestetik.ch\/fr\/wp-json\/wp\/v2\/product_brand?post=47155"},{"taxonomy":"product_cat","embeddable":true,"href":"https:\/\/cndestetik.ch\/fr\/wp-json\/wp\/v2\/product_cat?post=47155"},{"taxonomy":"product_tag","embeddable":true,"href":"https:\/\/cndestetik.ch\/fr\/wp-json\/wp\/v2\/product_tag?post=47155"}],"curies":[{"name":"wp","href":"https:\/\/api.w.org\/{rel}","templated":true}]}}