{"id":47154,"date":"2022-06-08T11:11:09","date_gmt":"2022-06-08T09:11:09","guid":{"rendered":"https:\/\/cndestetik.ch\/prodotto\/cnd-plexigel-bonder\/"},"modified":"2022-11-15T15:54:50","modified_gmt":"2022-11-15T14:54:50","slug":"cnd-plexigel-bonder","status":"publish","type":"product","link":"https:\/\/cndestetik.ch\/fr\/prodotto\/cnd-plexigel-bonder\/","title":{"rendered":"CND Plexigel Bonder"},"content":{"rendered":"<p><span data-sheets-value=\"{\"1\":2,\"2\":\"CND PLEXIGEL Bonder fornisce il primo passo nel sistema CND PLEXIGEL, un agente adesivo che fissa CND PLEXIGEL all'unghia naturale per un'adesione sicura per oltre 3 settimane. Indicazioni: applicare una volta che le unghie sono state preparate.\"}\" data-sheets-userformat=\"{\"2\":15297,\"3\":{\"1\":0},\"9\":0,\"10\":2,\"11\":0,\"12\":0,\"14\":{\"1\":2,\"2\":0},\"15\":\"Calibri\",\"16\":11}\">CND PLEXIGEL Bonder constitue la premi\u00e8re \u00e9tape du syst\u00e8me CND PLEXIGEL, un agent adh\u00e9sif qui lie CND PLEXIGEL \u00e0 l&#8217;ongle naturel pour une adh\u00e9sion s\u00fbre pendant plus de 3 semaines.  <\/span><\/p>\n<p><span data-sheets-value=\"{\"1\":2,\"2\":\"CND PLEXIGEL Bonder fornisce il primo passo nel sistema CND PLEXIGEL, un agente adesivo che fissa CND PLEXIGEL all'unghia naturale per un'adesione sicura per oltre 3 settimane. Indicazioni: applicare una volta che le unghie sono state preparate.\"}\" data-sheets-userformat=\"{\"2\":15297,\"3\":{\"1\":0},\"9\":0,\"10\":2,\"11\":0,\"12\":0,\"14\":{\"1\":2,\"2\":0},\"15\":\"Calibri\",\"16\":11}\">Indications : appliquer une fois que les ongles ont \u00e9t\u00e9 pr\u00e9par\u00e9s.<\/span><\/p>\n","protected":false},"excerpt":{"rendered":"<p>Le Bonder assure la tenue du Plexigel jusqu&#8217;\u00e0 trois semaines, l&#8217;application \u00e9tant la premi\u00e8re \u00e9tape du traitement au Plexigel.<\/p>\n","protected":false},"featured_media":40940,"template":"","meta":{"_acf_changed":false},"product_brand":[],"product_cat":[1501],"product_tag":[4052,4984,1355,4989,4993],"class_list":{"0":"post-47154","1":"product","2":"type-product","3":"status-publish","4":"has-post-thumbnail","6":"product_cat-nails-manucure-et-pedicure","7":"product_tag-cnd-fr","8":"product_tag-liant","9":"product_tag-ongles-fr","10":"product_tag-plexigel-fr","11":"product_tag-reconstruction-des-ongles","13":"first","14":"instock","15":"taxable","16":"shipping-taxable","17":"purchasable","18":"product-type-simple"},"acf":[],"jetpack_sharing_enabled":true,"_links":{"self":[{"href":"https:\/\/cndestetik.ch\/fr\/wp-json\/wp\/v2\/product\/47154","targetHints":{"allow":["GET"]}}],"collection":[{"href":"https:\/\/cndestetik.ch\/fr\/wp-json\/wp\/v2\/product"}],"about":[{"href":"https:\/\/cndestetik.ch\/fr\/wp-json\/wp\/v2\/types\/product"}],"wp:featuredmedia":[{"embeddable":true,"href":"https:\/\/cndestetik.ch\/fr\/wp-json\/wp\/v2\/media\/40940"}],"wp:attachment":[{"href":"https:\/\/cndestetik.ch\/fr\/wp-json\/wp\/v2\/media?parent=47154"}],"wp:term":[{"taxonomy":"product_brand","embeddable":true,"href":"https:\/\/cndestetik.ch\/fr\/wp-json\/wp\/v2\/product_brand?post=47154"},{"taxonomy":"product_cat","embeddable":true,"href":"https:\/\/cndestetik.ch\/fr\/wp-json\/wp\/v2\/product_cat?post=47154"},{"taxonomy":"product_tag","embeddable":true,"href":"https:\/\/cndestetik.ch\/fr\/wp-json\/wp\/v2\/product_tag?post=47154"}],"curies":[{"name":"wp","href":"https:\/\/api.w.org\/{rel}","templated":true}]}}