{"id":47138,"date":"2022-06-07T10:14:03","date_gmt":"2022-06-07T08:14:03","guid":{"rendered":"https:\/\/cndestetik.ch\/prodotto\/gl72-750-ml\/"},"modified":"2024-05-21T09:56:37","modified_gmt":"2024-05-21T07:56:37","slug":"gl72-750ml","status":"publish","type":"product","link":"https:\/\/cndestetik.ch\/fr\/prodotto\/gl72-750ml\/","title":{"rendered":"GL72 &#8211; 750 ml."},"content":{"rendered":"<p><span data-sheets-value=\"{\"1\":2,\"2\":\"Multiuso alcolico sanitizzante a base di alcool isopropilico Ml. 750x6\"}\" data-sheets-userformat=\"{\"2\":15297,\"3\":{\"1\":0},\"9\":0,\"10\":2,\"11\":0,\"12\":0,\"14\":{\"1\":2,\"2\":0},\"15\":\"Calibri\",\"16\":11}\">D\u00e9sinfectant polyvalent \u00e0 base d&#8217;alcool isopropylique 750 ml, 6 pi\u00e8ces par carton.<\/span><\/p>\n","protected":false},"excerpt":{"rendered":"<p>Assainisseur \u00e0 base d&#8217;alcool isopropylique.<\/p>\n","protected":false},"featured_media":64652,"template":"","meta":{"_acf_changed":false},"product_brand":[],"product_cat":[1208,11233],"product_tag":[2381,2270,4971],"class_list":{"0":"post-47138","1":"product","2":"type-product","3":"status-publish","4":"has-post-thumbnail","6":"product_cat-hygiene-et-securite","7":"product_cat-physiotherapie","8":"product_tag-alcool-fr-2","9":"product_tag-desinfectant","10":"product_tag-isopropyle","11":"pa_pezzi-12-pieces","12":"pa_pezzi-36-pieces-fr","13":"pa_pezzi-6-pieces","15":"first","16":"instock","17":"taxable","18":"shipping-taxable","19":"purchasable","20":"product-type-variable"},"acf":[],"jetpack_sharing_enabled":true,"_links":{"self":[{"href":"https:\/\/cndestetik.ch\/fr\/wp-json\/wp\/v2\/product\/47138","targetHints":{"allow":["GET"]}}],"collection":[{"href":"https:\/\/cndestetik.ch\/fr\/wp-json\/wp\/v2\/product"}],"about":[{"href":"https:\/\/cndestetik.ch\/fr\/wp-json\/wp\/v2\/types\/product"}],"wp:featuredmedia":[{"embeddable":true,"href":"https:\/\/cndestetik.ch\/fr\/wp-json\/wp\/v2\/media\/64652"}],"wp:attachment":[{"href":"https:\/\/cndestetik.ch\/fr\/wp-json\/wp\/v2\/media?parent=47138"}],"wp:term":[{"taxonomy":"product_brand","embeddable":true,"href":"https:\/\/cndestetik.ch\/fr\/wp-json\/wp\/v2\/product_brand?post=47138"},{"taxonomy":"product_cat","embeddable":true,"href":"https:\/\/cndestetik.ch\/fr\/wp-json\/wp\/v2\/product_cat?post=47138"},{"taxonomy":"product_tag","embeddable":true,"href":"https:\/\/cndestetik.ch\/fr\/wp-json\/wp\/v2\/product_tag?post=47138"}],"curies":[{"name":"wp","href":"https:\/\/api.w.org\/{rel}","templated":true}]}}