{"id":47068,"date":"2021-03-10T10:33:14","date_gmt":"2021-03-10T09:33:14","guid":{"rendered":"https:\/\/cndestetik.ch\/prodotto\/argent-colloidal-20-ppm-usage-cosmetique\/"},"modified":"2025-01-24T13:01:24","modified_gmt":"2025-01-24T12:01:24","slug":"argent-colloidal-30ml","status":"publish","type":"product","link":"https:\/\/cndestetik.ch\/fr\/prodotto\/argent-colloidal-30ml\/","title":{"rendered":"Argent Collo\u00efdal 20 PPM &#8211; usage cosm\u00e9tique"},"content":{"rendered":"<p><span data-sheets-value=\"{\"1\":2,\"2\":\"Il colloide \u00e8 una sostanza che dispersa in un liquido da luogo ad aggregati particellari molto piccoli. Pi\u00f9 le particelle sono piccole pi\u00f9 alto \u00e8 l'assorbimento e minore la tossicit\u00e0 sul corpo. L'Argento \u00e8 uno degli estratti naturali pi\u00f9 attivo come antibatterico, antimicotico e antivirale. E' un prodotto che pu\u00f2 essere utilizzato sulle pelli che soffrono di: IMPURITA', INFEZIONI, HERPES, FOLLICOLITE, ACNE, MICOSI, VERRUCHE, PICCOLI TAGLI E ABRASIONI.nAiuta con efficacia a combattere le cariche microbiche dannose aiutando la pelle a ritrovare il suo naturale equilibrio. In questo formato spray \u00e8 particolarmente indicato per trattare le PELLI IMPURE in quanto si pu\u00f2 nebulizzare direttamente sulla zona, ad esempio il viso, senza essere aggressivo. Pu\u00f2 infatti entrare in contatto con mucose e occhi senza effetti collaterali. E' quindi consigliato per le sue caratteristiche nei seguenti trattamenti: TRATTAMENTO PELLI IMPURE DEL VISO - TRATTAMENTO DELLE PELLI IMPURE DI PETTO E SCHIENA - TRATTAMENTO DELLA FOLLICOLITEnModalit\u00e0 d'uso: vaporizzare puro sull'area da trattare. Sia per pelli impure che per la follicolite consiglia l'uso dell'argento anche a casannPer micosi di mani e piedi (o piccole aree cutanee) e verruche o per unghie incarnite consigliamo due prodotti pi\u00f9 specifici ed efficaci per questi particolari inestetismi:n-TRATTAMENTO MICOSIn- GEL UNGHIA INCARNITA\"}\" data-sheets-userformat=\"{\"2\":15297,\"3\":{\"1\":0},\"9\":0,\"10\":2,\"11\":0,\"12\":0,\"14\":{\"1\":2,\"2\":0},\"15\":\"Calibri\",\"16\":11}\">Un collo\u00efde est une substance qui, dispers\u00e9e dans un liquide, donne naissance \u00e0 de tr\u00e8s petits agr\u00e9gats de particules. Plus les particules sont petites, plus l&#8217;absorption est \u00e9lev\u00e9e et plus la toxicit\u00e9 pour l&#8217;organisme est faible. L&#8217;argent est l&#8217;un des extraits naturels les plus actifs en tant qu&#8217;antibact\u00e9rien, antifongique et antiviral. C&#8217;est un produit qui peut \u00eatre utilis\u00e9 sur les peaux qui souffrent de : IMPURET\u00c9S, INFECTIONS, HERP\u00c8S, FOLLICULITE, ACN\u00c9, MYCOSES, VERRUES, PETITES COUPURES ET ABRASIONS.<br \/>  Il combat efficacement les charges microbiennes nocives et aide la peau \u00e0 retrouver son \u00e9quilibre naturel. Ce format de spray est particuli\u00e8rement adapt\u00e9 au traitement de la PEAU IMPURE car il peut \u00eatre pulv\u00e9ris\u00e9 directement sur la zone concern\u00e9e, par exemple le visage, sans \u00eatre agressif. Il peut entrer en contact avec les muqueuses et les yeux sans effets secondaires. Il est donc recommand\u00e9 pour ses caract\u00e9ristiques dans les traitements suivants :<br \/> TRAITEMENT DE LA PEAU IMPURE DU VISAGE &#8211; TRAITEMENT DE LA PEAU IMPURE DU BAS ET DU DOS &#8211; TRAITEMENT DE LA FOLLICOLITE Mode d&#8217;emploi : Pulv\u00e9riser pur sur la zone \u00e0 traiter. Pour les peaux impures et les folliculites, il recommande \u00e9galement l&#8217;utilisation d&#8217;argent \u00e0 domicile.<\/span><\/p>\n<p> Pour les mycoses des mains et des pieds (ou de petites zones cutan\u00e9es) et les verrues, ou pour les ongles incarn\u00e9s, nous vous recommandons deux produits plus sp\u00e9cifiques et efficaces pour ces imperfections particuli\u00e8res : &#8211; TRAITEMENT DES MYCOSES &#8211; GEL INCARNITA POUR LES ONGLES<\/p>\n<p>Taille : 30ml<\/p>\n","protected":false},"excerpt":{"rendered":"<p>Argent Collo\u00efdal MICROCOSMO. Un collo\u00efde est une substance qui, dispers\u00e9e dans un liquide, donne naissance \u00e0 de tr\u00e8s petits agr\u00e9gats de particules. Plus les particules sont petites, plus leur absorption est \u00e9lev\u00e9e et plus la toxicit\u00e9 sur l&#8217;organisme est faible.<\/p>\n<p>L&#8217;argent collo\u00efdal de MICROCOSMO se caract\u00e9rise par la petite taille des collo\u00efdes (11 nanom\u00e8tres) et leur concentration \u00e9lev\u00e9e (20 ppm).<\/p>\n<p>L&#8217;argent est l&#8217;un des extraits naturels les plus actifs en tant qu&#8217;antibact\u00e9rien et antiviral.<\/p>\n<p>En cosm\u00e9tique, c&#8217;est un produit qui peut \u00eatre utilis\u00e9 sur une peau qui souffre d&#8217;impuret\u00e9s :<br \/> &#8211; IMPURIT\u00c9<\/p>\n<p>&#8211; INFECTIONS<\/p>\n<p>&#8211; HERPES<\/p>\n<p>&#8211; PHOLLICOLITE<\/p>\n<p>&#8211; ACNE<\/p>\n<p>&#8211; MICOSIS<\/p>\n<p>&#8211; VERRUCHE<\/p>\n<p>&#8211; PETITES COUPURES ET ABRASIONS<\/p>\n","protected":false},"featured_media":36644,"template":"","meta":{"_acf_changed":false},"product_brand":[],"product_cat":[12987,1494,12982,11231,12989],"product_tag":[3561,4866,4868,4871,4874,874,651,699,4877,4880,821,436,422],"class_list":{"0":"post-47068","1":"product","2":"type-product","3":"status-publish","4":"has-post-thumbnail","6":"product_cat-corps","7":"product_cat-cosmetiques","8":"product_cat-microcosme","9":"product_cat-tatuateurs","10":"product_cat-visage","11":"product_tag-acne-fr","12":"product_tag-argent","13":"product_tag-argent-colloidal","14":"product_tag-colloidal-fr","15":"product_tag-maske-fr","16":"product_tag-microcosme","17":"product_tag-mineral-fr","18":"product_tag-mineraux","19":"product_tag-mycose","20":"product_tag-pellimpure-fr","21":"product_tag-soin-de-la-peau","22":"product_tag-spagyria","23":"product_tag-terre","25":"first","26":"instock","27":"taxable","28":"shipping-taxable","29":"purchasable","30":"product-type-simple"},"acf":[],"jetpack_sharing_enabled":true,"_links":{"self":[{"href":"https:\/\/cndestetik.ch\/fr\/wp-json\/wp\/v2\/product\/47068","targetHints":{"allow":["GET"]}}],"collection":[{"href":"https:\/\/cndestetik.ch\/fr\/wp-json\/wp\/v2\/product"}],"about":[{"href":"https:\/\/cndestetik.ch\/fr\/wp-json\/wp\/v2\/types\/product"}],"wp:featuredmedia":[{"embeddable":true,"href":"https:\/\/cndestetik.ch\/fr\/wp-json\/wp\/v2\/media\/36644"}],"wp:attachment":[{"href":"https:\/\/cndestetik.ch\/fr\/wp-json\/wp\/v2\/media?parent=47068"}],"wp:term":[{"taxonomy":"product_brand","embeddable":true,"href":"https:\/\/cndestetik.ch\/fr\/wp-json\/wp\/v2\/product_brand?post=47068"},{"taxonomy":"product_cat","embeddable":true,"href":"https:\/\/cndestetik.ch\/fr\/wp-json\/wp\/v2\/product_cat?post=47068"},{"taxonomy":"product_tag","embeddable":true,"href":"https:\/\/cndestetik.ch\/fr\/wp-json\/wp\/v2\/product_tag?post=47068"}],"curies":[{"name":"wp","href":"https:\/\/api.w.org\/{rel}","templated":true}]}}