{"id":47064,"date":"2021-03-18T16:01:53","date_gmt":"2021-03-18T15:01:53","guid":{"rendered":"https:\/\/cndestetik.ch\/prodotto\/mousse-nettoyante-hydratante\/"},"modified":"2025-01-24T13:06:18","modified_gmt":"2025-01-24T12:06:18","slug":"mousse-nettoyante-et-hydratante","status":"publish","type":"product","link":"https:\/\/cndestetik.ch\/fr\/prodotto\/mousse-nettoyante-et-hydratante\/","title":{"rendered":"Mousse nettoyante hydratante"},"content":{"rendered":"<p>Mousse nettoyante douce et hydratante.<\/p>\n<p>Id\u00e9al pour un nettoyage complet mais l\u00e9ger, en cabine \u00e0 utiliser pour un double nettoyage, apr\u00e8s un nettoyage \u00e0 sec avec une brosse \u00e9ventail ou apr\u00e8s un lait d\u00e9maquillant pour un nettoyage complet.<\/p>\n<p>Sugg\u00e9r\u00e9 \u00e0 la maison pour un nettoyage rapide, pour les paresseux, ou complet en combinaison avec le lait d\u00e9maquillant.<\/p>\n<p>A privil\u00e9gier pour les peaux grasses ou mixtes.<\/p>\n<p>Taille : 150ml<\/p>\n","protected":false},"excerpt":{"rendered":"<p>Mousse MICROCOSMO tr\u00e8s douce et enveloppante, pour envelopper et caresser la peau dans une \u00e9treinte chaleureuse.<\/p>\n","protected":false},"featured_media":54359,"template":"","meta":{"_acf_changed":false},"product_brand":[],"product_cat":[1494,12982,11231,12989],"product_tag":[593,4651,874,4862,804],"class_list":{"0":"post-47064","1":"product","2":"type-product","3":"status-publish","4":"has-post-thumbnail","6":"product_cat-cosmetiques","7":"product_cat-microcosme","8":"product_cat-tatuateurs","9":"product_cat-visage","10":"product_tag-creme-hydratante","11":"product_tag-detergent-fr","12":"product_tag-microcosme","13":"product_tag-mousse-fr-3","14":"product_tag-nettoyage","16":"first","17":"instock","18":"taxable","19":"shipping-taxable","20":"purchasable","21":"product-type-simple"},"acf":[],"jetpack_sharing_enabled":true,"_links":{"self":[{"href":"https:\/\/cndestetik.ch\/fr\/wp-json\/wp\/v2\/product\/47064","targetHints":{"allow":["GET"]}}],"collection":[{"href":"https:\/\/cndestetik.ch\/fr\/wp-json\/wp\/v2\/product"}],"about":[{"href":"https:\/\/cndestetik.ch\/fr\/wp-json\/wp\/v2\/types\/product"}],"wp:featuredmedia":[{"embeddable":true,"href":"https:\/\/cndestetik.ch\/fr\/wp-json\/wp\/v2\/media\/54359"}],"wp:attachment":[{"href":"https:\/\/cndestetik.ch\/fr\/wp-json\/wp\/v2\/media?parent=47064"}],"wp:term":[{"taxonomy":"product_brand","embeddable":true,"href":"https:\/\/cndestetik.ch\/fr\/wp-json\/wp\/v2\/product_brand?post=47064"},{"taxonomy":"product_cat","embeddable":true,"href":"https:\/\/cndestetik.ch\/fr\/wp-json\/wp\/v2\/product_cat?post=47064"},{"taxonomy":"product_tag","embeddable":true,"href":"https:\/\/cndestetik.ch\/fr\/wp-json\/wp\/v2\/product_tag?post=47064"}],"curies":[{"name":"wp","href":"https:\/\/api.w.org\/{rel}","templated":true}]}}