{"id":47063,"date":"2020-12-14T10:56:05","date_gmt":"2020-12-14T09:56:05","guid":{"rendered":"https:\/\/cndestetik.ch\/prodotto\/inika-phythofuse-renew-resveratrol-serum-mini-15ml\/"},"modified":"2020-12-14T10:56:05","modified_gmt":"2020-12-14T09:56:05","slug":"inika-phythofuse-renew-resveratrol-serum-mini-2","status":"publish","type":"product","link":"https:\/\/cndestetik.ch\/fr\/prodotto\/inika-phythofuse-renew-resveratrol-serum-mini-2\/","title":{"rendered":"INIKA Phythofuse Renew Resveratrol Serum Mini 15ml."},"content":{"rendered":"<p><span data-sheets-value=\"{\"1\":2,\"2\":\"Un miracolo in una bottiglia! Questo incredibile siero concentrato contiene 14 preziosi oli botanici concentrati con il nostro esclusivo sistema attivo per nutrire e proteggere intensamente la pelle tutto il giorno. Usa oli e creme idratanti per il viso per aumentare i risultati della tua cura della pelle e rivitalizzare la tua pelle.\\nRassodante : aiuta a migliorare la produzione di collagene per proteggere la struttura pi\u00f9 profonda della pelle.\\nAnti-et\u00e0 : potenti bioattivi aiutano a stimolare la rigenerazione delle cellule della pelle per aiutare a ridurre la comparsa di linee sottili e rughe.\\nAnti-inquinamento : potenti antiossidanti aiutano a neutralizzare i radicali liberi indotti dall'inquinamento durante il ciclo di ringiovanimento notturno.\\nContiene la pi\u00f9 alta percentuale al mondo di ingredienti botanici attivi clinicamente testati.\\nFragranza 100% naturale da oli essenziali biologici certificati.\\nBarattoli di vetro sostenibili e coperchi riciclabili.\\n\\nADATTO A TUTTI I TIPI DI PELLE\\nIPOALLERGENICO E DERMATOLOGICAMENTE TESTATO\\nStrofinare delicatamente 1 - 2 dosi di siero crema su viso, collo e d\u00e9collet\u00e9 dopo la pulizia.\\nSeguire con crema idratante.\\nUsa mattina e sera.\\nConservare a temperatura inferiore a 30 \u00b0 C.\\nEvitare la luce solare diretta.\\n\"}\" data-sheets-userformat=\"{\"2\":15297,\"3\":{\"1\":0},\"9\":0,\"10\":2,\"11\":0,\"12\":0,\"14\":{\"1\":2,\"2\":0},\"15\":\"Calibri\",\"16\":11}\">Un miracle dans une bouteille ! Cet incroyable s\u00e9rum concentr\u00e9 contient 14 huiles botaniques pr\u00e9cieuses concentr\u00e9es avec notre syst\u00e8me actif exclusif pour nourrir et prot\u00e9ger intens\u00e9ment la peau tout au long de la journ\u00e9e. Utilisez des huiles et des cr\u00e8mes hydratantes pour le visage afin d&#8217;am\u00e9liorer les r\u00e9sultats de vos soins et de revitaliser votre peau.<br \/>\nRaffermissement : aide \u00e0 am\u00e9liorer la production de collag\u00e8ne pour prot\u00e9ger la structure profonde de la peau.<br \/>\nAnti-\u00e2ge : de puissants bioactifs aident \u00e0 stimuler la r\u00e9g\u00e9n\u00e9ration des cellules de la peau pour aider \u00e0 r\u00e9duire l&#8217;apparence des rides et ridules.<br \/>\nAnti-pollution : de puissants antioxydants aident \u00e0 neutraliser les radicaux libres induits par la pollution pendant le cycle de rajeunissement nocturne.<br \/>\nIl contient le pourcentage le plus \u00e9lev\u00e9 au monde d&#8217;ingr\u00e9dients botaniques actifs cliniquement prouv\u00e9s.<br \/>\nParfum 100% naturel issu d&#8217;huiles essentielles certifi\u00e9es biologiques.<br \/>\nBocaux en verre durable et couvercles recyclables.<\/p>\n<p>CONVIENT \u00c0 TOUS LES TYPES DE PEAU<br \/>\nHYPOALLERG\u00c9NIQUE ET TEST\u00c9 DERMATOLOGIQUEMENT<br \/>\nFrottez d\u00e9licatement 1 \u00e0 2 doses de s\u00e9rum cr\u00e8me sur le visage, le cou et le d\u00e9collet\u00e9 apr\u00e8s le nettoyage.<br \/>\nFaites suivre d&#8217;une cr\u00e8me hydratante.<br \/>\nUtiliser matin et soir.<br \/>\nConserver en dessous de 30\u00b0C.<br \/>\n\u00c9vitez la lumi\u00e8re directe du soleil.<br \/>\n<\/span><\/p>\n","protected":false},"excerpt":{"rendered":"<p>S\u00e9rum nourrissant pour la peau, il exerce une fonction protectrice et raffermissante.<\/p>\n","protected":false},"featured_media":36710,"template":"","meta":{"_acf_changed":false},"product_brand":[],"product_cat":[15],"product_tag":[4855,816,4857,4859,4861,821],"class_list":{"0":"post-47063","1":"product","2":"type-product","3":"status-publish","4":"has-post-thumbnail","6":"product_cat-07-cosmetica","7":"product_tag-huiles-botaniques","8":"product_tag-inika-fr","9":"product_tag-phythofuse-fr","10":"product_tag-resveratrol-fr","11":"product_tag-serum-fr","12":"product_tag-soin-de-la-peau","14":"first","15":"instock","16":"taxable","17":"shipping-taxable","18":"purchasable","19":"product-type-simple"},"acf":[],"jetpack_sharing_enabled":true,"_links":{"self":[{"href":"https:\/\/cndestetik.ch\/fr\/wp-json\/wp\/v2\/product\/47063","targetHints":{"allow":["GET"]}}],"collection":[{"href":"https:\/\/cndestetik.ch\/fr\/wp-json\/wp\/v2\/product"}],"about":[{"href":"https:\/\/cndestetik.ch\/fr\/wp-json\/wp\/v2\/types\/product"}],"wp:featuredmedia":[{"embeddable":true,"href":"https:\/\/cndestetik.ch\/fr\/wp-json\/wp\/v2\/media\/36710"}],"wp:attachment":[{"href":"https:\/\/cndestetik.ch\/fr\/wp-json\/wp\/v2\/media?parent=47063"}],"wp:term":[{"taxonomy":"product_brand","embeddable":true,"href":"https:\/\/cndestetik.ch\/fr\/wp-json\/wp\/v2\/product_brand?post=47063"},{"taxonomy":"product_cat","embeddable":true,"href":"https:\/\/cndestetik.ch\/fr\/wp-json\/wp\/v2\/product_cat?post=47063"},{"taxonomy":"product_tag","embeddable":true,"href":"https:\/\/cndestetik.ch\/fr\/wp-json\/wp\/v2\/product_tag?post=47063"}],"curies":[{"name":"wp","href":"https:\/\/api.w.org\/{rel}","templated":true}]}}