{"id":47060,"date":"2021-03-02T11:13:37","date_gmt":"2021-03-02T10:13:37","guid":{"rendered":"https:\/\/cndestetik.ch\/prodotto\/tampons-demaquillants-100-coton\/"},"modified":"2022-07-07T11:17:52","modified_gmt":"2022-07-07T09:17:52","slug":"tampons-nettoyants-100-coton","status":"publish","type":"product","link":"https:\/\/cndestetik.ch\/fr\/prodotto\/tampons-nettoyants-100-coton\/","title":{"rendered":"Tampons d\u00e9maquillants &#8211; 100% coton"},"content":{"rendered":"<div class=\"\" data-block=\"true\" data-editor=\"7rfmt\" data-offset-key=\"b4rqu-0-0\">\n<div class=\"_1mf _1mj\" data-offset-key=\"b4rqu-0-0\"><span data-offset-key=\"b4rqu-2-0\">Les tampons d\u00e9maquillants sont fabriqu\u00e9s en 100 % coton, sont r\u00e9utilisables et peuvent \u00eatre lav\u00e9s en machine jusqu&#8217;\u00e0 60\u00b0.<\/span><\/div>\n<\/div>\n<div data-offset-key=\"b4rqu-0-0\"><\/div>\n<div data-offset-key=\"b4rqu-0-0\">6.5 X 6.5. Des tailles qui rendent votre nettoyage parfait, pour atteindre des endroits difficiles \u00e0 atteindre avec les tampons ronds classiques.<\/div>\n<div class=\"\" data-block=\"true\" data-editor=\"7rfmt\" data-offset-key=\"b4rqu-0-0\">\n<div data-offset-key=\"b4rqu-0-0\"><\/div>\n<\/div>\n<div class=\"\" data-block=\"true\" data-editor=\"7rfmt\" data-offset-key=\"b6fmq-0-0\">\n<div class=\"_1mf _1mj\" data-offset-key=\"b6fmq-0-0\"><span data-offset-key=\"b6fmq-0-0\">&#8211; Coton blanc et ras\u00e9, id\u00e9al pour le d\u00e9maquillage et les masques, m\u00eame sur les peaux les plus d\u00e9licates ;<\/span><\/div>\n<\/div>\n<div class=\"\" data-block=\"true\" data-editor=\"7rfmt\" data-offset-key=\"7bls-0-0\">\n<div class=\"_1mf _1mj\" data-offset-key=\"7bls-0-0\"><span data-offset-key=\"7bls-0-0\">&#8211; coton boucl\u00e9, id\u00e9al pour enlever les peelings, masques et divers r\u00e9sidus de la journ\u00e9e.<\/span><\/div>\n<\/div>\n","protected":false},"excerpt":{"rendered":"<p><span data-offset-key=\"b4rqu-2-0\">Ils peuvent \u00eatre lav\u00e9s en machine jusqu&#8217;\u00e0 60\u00b0.<\/span><\/p>\n","protected":false},"featured_media":36650,"template":"","meta":{"_acf_changed":false},"product_brand":[],"product_cat":[3326,3329],"product_tag":[3294,2214,3297,4852,804,392,821],"class_list":{"0":"post-47060","1":"product","2":"type-product","3":"status-publish","4":"has-post-thumbnail","6":"product_cat-16-coton","7":"product_cat-11-ecologie","8":"product_tag-mascheraviso-fr-2","9":"product_tag-pad-fr","10":"product_tag-padstruccanti-fr","11":"product_tag-peeling-fr","12":"product_tag-nettoyage","13":"product_tag-se-reconcilier","14":"product_tag-soin-de-la-peau","16":"first","17":"instock","18":"taxable","19":"shipping-taxable","20":"purchasable","21":"product-type-simple"},"acf":[],"jetpack_sharing_enabled":true,"_links":{"self":[{"href":"https:\/\/cndestetik.ch\/fr\/wp-json\/wp\/v2\/product\/47060","targetHints":{"allow":["GET"]}}],"collection":[{"href":"https:\/\/cndestetik.ch\/fr\/wp-json\/wp\/v2\/product"}],"about":[{"href":"https:\/\/cndestetik.ch\/fr\/wp-json\/wp\/v2\/types\/product"}],"wp:featuredmedia":[{"embeddable":true,"href":"https:\/\/cndestetik.ch\/fr\/wp-json\/wp\/v2\/media\/36650"}],"wp:attachment":[{"href":"https:\/\/cndestetik.ch\/fr\/wp-json\/wp\/v2\/media?parent=47060"}],"wp:term":[{"taxonomy":"product_brand","embeddable":true,"href":"https:\/\/cndestetik.ch\/fr\/wp-json\/wp\/v2\/product_brand?post=47060"},{"taxonomy":"product_cat","embeddable":true,"href":"https:\/\/cndestetik.ch\/fr\/wp-json\/wp\/v2\/product_cat?post=47060"},{"taxonomy":"product_tag","embeddable":true,"href":"https:\/\/cndestetik.ch\/fr\/wp-json\/wp\/v2\/product_tag?post=47060"}],"curies":[{"name":"wp","href":"https:\/\/api.w.org\/{rel}","templated":true}]}}