{"id":47048,"date":"2020-10-15T11:49:26","date_gmt":"2020-10-15T09:49:26","guid":{"rendered":"https:\/\/cndestetik.ch\/prodotto\/acide-mandelique-illuminant-corps-facial-peeling\/"},"modified":"2025-01-24T14:36:47","modified_gmt":"2025-01-24T13:36:47","slug":"peeling-face-corps-eclaircissement-allergique-mandelique","status":"publish","type":"product","link":"https:\/\/cndestetik.ch\/fr\/prodotto\/peeling-face-corps-eclaircissement-allergique-mandelique\/","title":{"rendered":"Acide Mand\u00e9lique Illuminant Corps Facial Peeling"},"content":{"rendered":"<p><span data-sheets-value=\"{\"1\":2,\"2\":\"Per aiutare il naturale rinnovamento cellulare, contrastando macchie e rughe e allo stesso tempo avere un\u2019azione seboregolatrice e illuminante, ti consigliamo il Peeling Microcosmo.\\nDa applicare come se fosse una crema o una maschera, \u00e8 sufficente lasciarlo in posa 10\\\\15min per poi asportarlo con un PANNO DI COTONE riutilizzabile.\\nL'effetto sar\u00e0 quello di una pelle leggera e pulita, desquamata e rinfrescata.\"}\" data-sheets-userformat=\"{\"2\":15297,\"3\":{\"1\":0},\"9\":0,\"10\":2,\"11\":0,\"12\":0,\"14\":{\"1\":2,\"2\":0},\"15\":\"Calibri\",\"16\":11}\"><br \/>\n<\/span><\/p>\n<p>P<span data-sheets-value=\"{\"1\":2,\"2\":\"Per aiutare il naturale rinnovamento cellulare, contrastando macchie e rughe e allo stesso tempo avere un\u2019azione seboregolatrice e illuminante, ti consigliamo il Peeling Microcosmo.\\nDa applicare come se fosse una crema o una maschera, \u00e8 sufficente lasciarlo in posa 10\\\\15min per poi asportarlo con un PANNO DI COTONE riutilizzabile.\\nL'effetto sar\u00e0 quello di una pelle leggera e pulita, desquamata e rinfrescata.\"}\" data-sheets-userformat=\"{\"2\":15297,\"3\":{\"1\":0},\"9\":0,\"10\":2,\"11\":0,\"12\":0,\"14\":{\"1\":2,\"2\":0},\"15\":\"Calibri\",\"16\":11}\">our favoriser le renouvellement naturel des cellules, lutter contre les taches et les rides tout en ayant une action s\u00e9bor\u00e9gulatrice et illuminatrice, nous vous recommandons le Microcosmo Peeling.<\/span><span data-sheets-value=\"{\"1\":2,\"2\":\"Per aiutare il naturale rinnovamento cellulare, contrastando macchie e rughe e allo stesso tempo avere un\u2019azione seboregolatrice e illuminante, ti consigliamo il Peeling Microcosmo.\\nDa applicare come se fosse una crema o una maschera, \u00e8 sufficente lasciarlo in posa 10\\\\15min per poi asportarlo con un PANNO DI COTONE riutilizzabile.\\nL'effetto sar\u00e0 quello di una pelle leggera e pulita, desquamata e rinfrescata.\"}\" data-sheets-userformat=\"{\"2\":15297,\"3\":{\"1\":0},\"9\":0,\"10\":2,\"11\":0,\"12\":0,\"14\":{\"1\":2,\"2\":0},\"15\":\"Calibri\",\"16\":11}\"><span data-sheets-value=\"{\"1\":2,\"2\":\"Per aiutare il naturale rinnovamento cellulare, contrastando macchie e rughe e allo stesso tempo avere un\u2019azione seboregolatrice e illuminante, ti consigliamo il Peeling Microcosmo.\\nDa applicare come se fosse una crema o una maschera, \u00e8 sufficente lasciarlo in posa 10\\\\15min per poi asportarlo con un PANNO DI COTONE riutilizzabile.\\nL'effetto sar\u00e0 quello di una pelle leggera e pulita, desquamata e rinfrescata.\"}\" data-sheets-userformat=\"{\"2\":15297,\"3\":{\"1\":0},\"9\":0,\"10\":2,\"11\":0,\"12\":0,\"14\":{\"1\":2,\"2\":0},\"15\":\"Calibri\",\"16\":11}\">A<\/span><span data-sheets-value=\"{\"1\":2,\"2\":\"Per aiutare il naturale rinnovamento cellulare, contrastando macchie e rughe e allo stesso tempo avere un\u2019azione seboregolatrice e illuminante, ti consigliamo il Peeling Microcosmo.\\nDa applicare come se fosse una crema o una maschera, \u00e8 sufficente lasciarlo in posa 10\\\\15min per poi asportarlo con un PANNO DI COTONE riutilizzabile.\\nL'effetto sar\u00e0 quello di una pelle leggera e pulita, desquamata e rinfrescata.\"}\" data-sheets-userformat=\"{\"2\":15297,\"3\":{\"1\":0},\"9\":0,\"10\":2,\"11\":0,\"12\":0,\"14\":{\"1\":2,\"2\":0},\"15\":\"Calibri\",\"16\":11}\">appliquer comme une cr\u00e8me ou un masque, il suffit de le laisser agir 10 \u00e0 15 minutes et de l&#8217;enlever \u00e0 l&#8217;aide d&#8217;un CHIFFON DE COTON r\u00e9utilisable.<\/span> L<span data-sheets-value=\"{\"1\":2,\"2\":\"Per aiutare il naturale rinnovamento cellulare, contrastando macchie e rughe e allo stesso tempo avere un\u2019azione seboregolatrice e illuminante, ti consigliamo il Peeling Microcosmo.\\nDa applicare come se fosse una crema o una maschera, \u00e8 sufficente lasciarlo in posa 10\\\\15min per poi asportarlo con un PANNO DI COTONE riutilizzabile.\\nL'effetto sar\u00e0 quello di una pelle leggera e pulita, desquamata e rinfrescata.\"}\" data-sheets-userformat=\"{\"2\":15297,\"3\":{\"1\":0},\"9\":0,\"10\":2,\"11\":0,\"12\":0,\"14\":{\"1\":2,\"2\":0},\"15\":\"Calibri\",\"16\":11}\"><span data-sheets-value=\"{\"1\":2,\"2\":\"Per aiutare il naturale rinnovamento cellulare, contrastando macchie e rughe e allo stesso tempo avere un\u2019azione seboregolatrice e illuminante, ti consigliamo il Peeling Microcosmo.\\nDa applicare come se fosse una crema o una maschera, \u00e8 sufficente lasciarlo in posa 10\\\\15min per poi asportarlo con un PANNO DI COTONE riutilizzabile.\\nL'effetto sar\u00e0 quello di una pelle leggera e pulita, desquamata e rinfrescata.\"}\" data-sheets-userformat=\"{\"2\":15297,\"3\":{\"1\":0},\"9\":0,\"10\":2,\"11\":0,\"12\":0,\"14\":{\"1\":2,\"2\":0},\"15\":\"Calibri\",\"16\":11}\">&#8216;effet sera celui d&#8217;une peau l\u00e9g\u00e8re, propre, \u00e9caill\u00e9e et rafra\u00eechie.<\/span> Format : 500ml et 100ml.<\/span><\/span><\/p>\n","protected":false},"excerpt":{"rendered":"<p>Peeling illuminateur qui combat les taches et les rides.<\/p>\n","protected":false},"featured_media":36911,"template":"","meta":{"_acf_changed":false},"product_brand":[],"product_cat":[12987,1494,12982,12989],"product_tag":[4852,8951,509,2341,527,744,9694,518,4827,4323,765],"class_list":{"0":"post-47048","1":"product","2":"type-product","3":"status-publish","4":"has-post-thumbnail","6":"product_cat-corps","7":"product_cat-cosmetiques","8":"product_cat-microcosme","9":"product_cat-visage","10":"product_tag-peeling-fr","11":"product_tag-acide","12":"product_tag-citron","13":"product_tag-corps","14":"product_tag-geranium-fr","15":"product_tag-illuminant","16":"product_tag-mandelique","17":"product_tag-melissa-fr","18":"product_tag-sebum-fr","19":"product_tag-verveine","20":"product_tag-visage","21":"pa_formato-100ml-fr","22":"pa_formato-500ml-fr","24":"first","25":"instock","26":"taxable","27":"shipping-taxable","28":"purchasable","29":"product-type-variable"},"acf":[],"jetpack_sharing_enabled":true,"_links":{"self":[{"href":"https:\/\/cndestetik.ch\/fr\/wp-json\/wp\/v2\/product\/47048","targetHints":{"allow":["GET"]}}],"collection":[{"href":"https:\/\/cndestetik.ch\/fr\/wp-json\/wp\/v2\/product"}],"about":[{"href":"https:\/\/cndestetik.ch\/fr\/wp-json\/wp\/v2\/types\/product"}],"wp:featuredmedia":[{"embeddable":true,"href":"https:\/\/cndestetik.ch\/fr\/wp-json\/wp\/v2\/media\/36911"}],"wp:attachment":[{"href":"https:\/\/cndestetik.ch\/fr\/wp-json\/wp\/v2\/media?parent=47048"}],"wp:term":[{"taxonomy":"product_brand","embeddable":true,"href":"https:\/\/cndestetik.ch\/fr\/wp-json\/wp\/v2\/product_brand?post=47048"},{"taxonomy":"product_cat","embeddable":true,"href":"https:\/\/cndestetik.ch\/fr\/wp-json\/wp\/v2\/product_cat?post=47048"},{"taxonomy":"product_tag","embeddable":true,"href":"https:\/\/cndestetik.ch\/fr\/wp-json\/wp\/v2\/product_tag?post=47048"}],"curies":[{"name":"wp","href":"https:\/\/api.w.org\/{rel}","templated":true}]}}