{"id":47047,"date":"2020-10-15T11:49:19","date_gmt":"2020-10-15T09:49:19","guid":{"rendered":"https:\/\/cndestetik.ch\/prodotto\/oleolithe-spagyrique-oxygenante-peau-impure\/"},"modified":"2025-01-24T13:06:11","modified_gmt":"2025-01-24T12:06:11","slug":"oleolyte-spagyrique-oxygenant-peau-impure","status":"publish","type":"product","link":"https:\/\/cndestetik.ch\/fr\/prodotto\/oleolyte-spagyrique-oxygenant-peau-impure\/","title":{"rendered":"Ol\u00e9olithe spagyrique oxyg\u00e9nante (peau impure)"},"content":{"rendered":"<p><span data-sheets-value=\"{\"1\":2,\"2\":\"Con oleoliti spagirici di Timo e Salvia. Un olio creato per le pelli impure e con tendenza acneica. Gli oleoliti spagirici e gli oli essenziali presenti in questo prodotto svolgono attivit\u00e0 purificanti, antiossidanti, antibatteriche e cicatrizzanti; lasciano la pelle pulita e ben nutrita mantenendo in buono stato il film idrolipidico e sostengono la naturale capacit\u00e0 protettiva della pelle nei confronti degli agenti esterni. Adatto anche su singoli brufoli e piccoli tagli\/abrasioni\/cicatrici.\\n\\nOgni Oleolito Spagirico Viso \u00e8 una preziosa miscela di Oleoliti Spagirici ed Oli Essenziali studiata con cura da esperti erboristi per offrire un prodotto specifico ed efficace per la pelle delicata del viso.\"}\" data-sheets-userformat=\"{\"2\":15297,\"3\":{\"1\":0},\"9\":0,\"10\":2,\"11\":0,\"12\":0,\"14\":{\"1\":2,\"2\":0},\"15\":\"Calibri\",\"16\":11}\">Avec des ol\u00e9olites spagyriques de thym et de sauge. Une huile cr\u00e9\u00e9e pour les peaux impures et acn\u00e9iques.  <\/span><\/p>\n<p><span data-sheets-value=\"{\"1\":2,\"2\":\"Con oleoliti spagirici di Timo e Salvia. Un olio creato per le pelli impure e con tendenza acneica. Gli oleoliti spagirici e gli oli essenziali presenti in questo prodotto svolgono attivit\u00e0 purificanti, antiossidanti, antibatteriche e cicatrizzanti; lasciano la pelle pulita e ben nutrita mantenendo in buono stato il film idrolipidico e sostengono la naturale capacit\u00e0 protettiva della pelle nei confronti degli agenti esterni. Adatto anche su singoli brufoli e piccoli tagli\/abrasioni\/cicatrici.\\n\\nOgni Oleolito Spagirico Viso \u00e8 una preziosa miscela di Oleoliti Spagirici ed Oli Essenziali studiata con cura da esperti erboristi per offrire un prodotto specifico ed efficace per la pelle delicata del viso.\"}\" data-sheets-userformat=\"{\"2\":15297,\"3\":{\"1\":0},\"9\":0,\"10\":2,\"11\":0,\"12\":0,\"14\":{\"1\":2,\"2\":0},\"15\":\"Calibri\",\"16\":11}\">Les ol\u00e9olites spagyriques et les huiles essentielles contenues dans ce produit exercent des activit\u00e9s purifiantes, antioxydantes, antibact\u00e9riennes et cicatrisantes ; elles laissent la peau propre et bien nourrie tout en maintenant le film hydrolipidique en bon \u00e9tat et soutiennent la capacit\u00e9 de protection naturelle de la peau contre les agents ext\u00e9rieurs. Convient \u00e9galement pour les boutons individuels et les petites coupures\/abrasions\/cicatrices.<\/span><\/p>\n<p>Chaque ol\u00e9olithe spagyrique pour le visage est un pr\u00e9cieux m\u00e9lange d&#8217;ol\u00e9olites spagyriques et d&#8217;huiles essentielles soigneusement con\u00e7u par des herboristes experts pour offrir un produit sp\u00e9cifique et efficace pour la peau d\u00e9licate du visage.<\/p>\n","protected":false},"excerpt":{"rendered":"<p>L&#8217;ol\u00e9olite convient aux peaux impures et acn\u00e9iques.<\/p>\n","protected":false},"featured_media":36917,"template":"","meta":{"_acf_changed":false},"product_brand":[],"product_cat":[1494,12982,12989],"product_tag":[3561,9152,2111,9410,2112,4824,490,436,4831,545,4826],"class_list":{"0":"post-47047","1":"product","2":"type-product","3":"status-publish","4":"has-post-thumbnail","6":"product_cat-cosmetiques","7":"product_cat-microcosme","8":"product_cat-visage","9":"product_tag-acne-fr","10":"product_tag-impur-fr","11":"product_tag-oleolite-fr","12":"product_tag-oxygenation","13":"product_tag-peau-fr","14":"product_tag-rouge-fr","15":"product_tag-sage-fr","16":"product_tag-spagyria","17":"product_tag-spagyrique","18":"product_tag-thym","19":"product_tag-thym-rouge","21":"first","22":"instock","23":"taxable","24":"shipping-taxable","25":"purchasable","26":"product-type-simple"},"acf":[],"jetpack_sharing_enabled":true,"_links":{"self":[{"href":"https:\/\/cndestetik.ch\/fr\/wp-json\/wp\/v2\/product\/47047","targetHints":{"allow":["GET"]}}],"collection":[{"href":"https:\/\/cndestetik.ch\/fr\/wp-json\/wp\/v2\/product"}],"about":[{"href":"https:\/\/cndestetik.ch\/fr\/wp-json\/wp\/v2\/types\/product"}],"wp:featuredmedia":[{"embeddable":true,"href":"https:\/\/cndestetik.ch\/fr\/wp-json\/wp\/v2\/media\/36917"}],"wp:attachment":[{"href":"https:\/\/cndestetik.ch\/fr\/wp-json\/wp\/v2\/media?parent=47047"}],"wp:term":[{"taxonomy":"product_brand","embeddable":true,"href":"https:\/\/cndestetik.ch\/fr\/wp-json\/wp\/v2\/product_brand?post=47047"},{"taxonomy":"product_cat","embeddable":true,"href":"https:\/\/cndestetik.ch\/fr\/wp-json\/wp\/v2\/product_cat?post=47047"},{"taxonomy":"product_tag","embeddable":true,"href":"https:\/\/cndestetik.ch\/fr\/wp-json\/wp\/v2\/product_tag?post=47047"}],"curies":[{"name":"wp","href":"https:\/\/api.w.org\/{rel}","templated":true}]}}