{"id":47027,"date":"2020-10-15T11:37:44","date_gmt":"2020-10-15T09:37:44","guid":{"rendered":"https:\/\/cndestetik.ch\/prodotto\/poudre-dargile-verte\/"},"modified":"2025-02-07T08:50:33","modified_gmt":"2025-02-07T07:50:33","slug":"vert-argile-en-poudre","status":"publish","type":"product","link":"https:\/\/cndestetik.ch\/fr\/prodotto\/vert-argile-en-poudre\/","title":{"rendered":"Poudre d&#8217;argile verte"},"content":{"rendered":"<p><span data-sheets-value=\"{\"1\":2,\"2\":\"HA UNA GRANULOMETRIA PIU' FINE DELL'ARGILLA NORMALE ED E' QUINDI PIU' ADATTA AI TRATTAMENTI VISO.nL'Argilla \u00e8 una terra ricchissima di minerali ed oligoelementi partendo dal ferro ad arrivare alle particelle di oro, possiede quindi svariati poteri sulla pelle. Questa terra ha la capacit\u00e0 naturale di attrarre ed assorbire le tossine ed i batteri patogeni dell'epidermide portandoseli via con il lavaggio. Ha un alto potere battericida, purificante e cicatrizzante ed \u00e8 consigliato anche per i trattamenti anti celluliute. Usata con acqua nei bagni o attraverso l'uso dei fanghi e maschere cede alla pelle i suoi preziosi minerali e contemporaneamente assorbe le tossine ed elimina le cellule morte. Ottimo quindi per rigenerare e pulire viso e corpo rendendoli luminosi e riossigenati. Viene anche utilizzata per pelli a tendenza acneica, per assorbirne pus e tossine, purificando i pori della pelle e prevenendo la formazione di brufoli e imperfezioni.\"}\" data-sheets-userformat=\"{\"2\":15297,\"3\":{\"1\":0},\"9\":0,\"10\":2,\"11\":0,\"12\":0,\"14\":{\"1\":2,\"2\":0},\"15\":\"Calibri\",\"16\":11}\"><br \/>\nL&#8217;argile est une terre riche en min\u00e9raux et en oligo-\u00e9l\u00e9ments, du fer aux particules d&#8217;or, et poss\u00e8de donc des pouvoirs vari\u00e9s sur la peau. Cette terre a la capacit\u00e9 naturelle d&#8217;attirer et d&#8217;absorber les toxines et les bact\u00e9ries pathog\u00e8nes de l&#8217;\u00e9piderme, pour les \u00e9liminer. Elle a un fort pouvoir bact\u00e9ricide, purificateur et cicatrisant et est \u00e9galement recommand\u00e9e pour les traitements anticellulite.  <\/span><\/p>\n<p><span data-sheets-value=\"{\"1\":2,\"2\":\"HA UNA GRANULOMETRIA PIU' FINE DELL'ARGILLA NORMALE ED E' QUINDI PIU' ADATTA AI TRATTAMENTI VISO.nL'Argilla \u00e8 una terra ricchissima di minerali ed oligoelementi partendo dal ferro ad arrivare alle particelle di oro, possiede quindi svariati poteri sulla pelle. Questa terra ha la capacit\u00e0 naturale di attrarre ed assorbire le tossine ed i batteri patogeni dell'epidermide portandoseli via con il lavaggio. Ha un alto potere battericida, purificante e cicatrizzante ed \u00e8 consigliato anche per i trattamenti anti celluliute. Usata con acqua nei bagni o attraverso l'uso dei fanghi e maschere cede alla pelle i suoi preziosi minerali e contemporaneamente assorbe le tossine ed elimina le cellule morte. Ottimo quindi per rigenerare e pulire viso e corpo rendendoli luminosi e riossigenati. Viene anche utilizzata per pelli a tendenza acneica, per assorbirne pus e tossine, purificando i pori della pelle e prevenendo la formazione di brufoli e imperfezioni.\"}\" data-sheets-userformat=\"{\"2\":15297,\"3\":{\"1\":0},\"9\":0,\"10\":2,\"11\":0,\"12\":0,\"14\":{\"1\":2,\"2\":0},\"15\":\"Calibri\",\"16\":11}\">Utilis\u00e9e avec de l&#8217;eau dans des bains ou par le biais de bains de boue et de masques, elle apporte ses pr\u00e9cieux min\u00e9raux \u00e0 la peau tout en absorbant les toxines et en \u00e9liminant les cellules mortes. Excellent pour r\u00e9g\u00e9n\u00e9rer et nettoyer le visage et le corps, les rendant radieux et r\u00e9oxyg\u00e9n\u00e9s.  <\/span><\/p>\n<p><span data-sheets-value=\"{\"1\":2,\"2\":\"HA UNA GRANULOMETRIA PIU' FINE DELL'ARGILLA NORMALE ED E' QUINDI PIU' ADATTA AI TRATTAMENTI VISO.nL'Argilla \u00e8 una terra ricchissima di minerali ed oligoelementi partendo dal ferro ad arrivare alle particelle di oro, possiede quindi svariati poteri sulla pelle. Questa terra ha la capacit\u00e0 naturale di attrarre ed assorbire le tossine ed i batteri patogeni dell'epidermide portandoseli via con il lavaggio. Ha un alto potere battericida, purificante e cicatrizzante ed \u00e8 consigliato anche per i trattamenti anti celluliute. Usata con acqua nei bagni o attraverso l'uso dei fanghi e maschere cede alla pelle i suoi preziosi minerali e contemporaneamente assorbe le tossine ed elimina le cellule morte. Ottimo quindi per rigenerare e pulire viso e corpo rendendoli luminosi e riossigenati. Viene anche utilizzata per pelli a tendenza acneica, per assorbirne pus e tossine, purificando i pori della pelle e prevenendo la formazione di brufoli e imperfezioni.\"}\" data-sheets-userformat=\"{\"2\":15297,\"3\":{\"1\":0},\"9\":0,\"10\":2,\"11\":0,\"12\":0,\"14\":{\"1\":2,\"2\":0},\"15\":\"Calibri\",\"16\":11}\">Il est \u00e9galement utilis\u00e9 pour les peaux \u00e0 tendance acn\u00e9ique pour absorber le pus et les toxines, purifier les pores de la peau et pr\u00e9venir les boutons et les imperfections.<\/span><\/p>\n<p>&nbsp;<\/p>\n","protected":false},"excerpt":{"rendered":"<p>Argile bact\u00e9ricide,  <span data-sheets-value=\"{\"1\":2,\"2\":\"HA UNA GRANULOMETRIA PIU' FINE DELL'ARGILLA NORMALE ED E' QUINDI PIU' ADATTA AI TRATTAMENTI VISO.nL'Argilla \u00e8 una terra ricchissima di minerali ed oligoelementi partendo dal ferro ad arrivare alle particelle di oro, possiede quindi svariati poteri sulla pelle. Questa terra ha la capacit\u00e0 naturale di attrarre ed assorbire le tossine ed i batteri patogeni dell'epidermide portandoseli via con il lavaggio. Ha un alto potere battericida, purificante e cicatrizzante ed \u00e8 consigliato anche per i trattamenti anti celluliute. Usata con acqua nei bagni o attraverso l'uso dei fanghi e maschere cede alla pelle i suoi preziosi minerali e contemporaneamente assorbe le tossine ed elimina le cellule morte. Ottimo quindi per rigenerare e pulire viso e corpo rendendoli luminosi e riossigenati. Viene anche utilizzata per pelli a tendenza acneica, per assorbirne pus e tossine, purificando i pori della pelle e prevenendo la formazione di brufoli e imperfezioni.\"}\" data-sheets-userformat=\"{\"2\":15297,\"3\":{\"1\":0},\"9\":0,\"10\":2,\"11\":0,\"12\":0,\"14\":{\"1\":2,\"2\":0},\"15\":\"Calibri\",\"16\":11}\">  purifiant et gu\u00e9rissant. Convient aux traitements du visage.<\/span><\/p>\n","protected":false},"featured_media":37680,"template":"","meta":{"_acf_changed":false},"product_brand":[],"product_cat":[12987,1494,12982],"product_tag":[4576,4749,4753,436,4755,765],"class_list":{"0":"post-47027","1":"product","2":"type-product","3":"status-publish","4":"has-post-thumbnail","6":"product_cat-corps","7":"product_cat-cosmetiques","8":"product_cat-microcosme","9":"product_tag-argile-fr","10":"product_tag-fin","11":"product_tag-purifiant","12":"product_tag-spagyria","13":"product_tag-vert","14":"product_tag-visage","15":"pa_formato-3kg-fr","16":"pa_formato-500g-fr","18":"first","19":"instock","20":"taxable","21":"shipping-taxable","22":"purchasable","23":"product-type-variable"},"acf":[],"jetpack_sharing_enabled":true,"_links":{"self":[{"href":"https:\/\/cndestetik.ch\/fr\/wp-json\/wp\/v2\/product\/47027","targetHints":{"allow":["GET"]}}],"collection":[{"href":"https:\/\/cndestetik.ch\/fr\/wp-json\/wp\/v2\/product"}],"about":[{"href":"https:\/\/cndestetik.ch\/fr\/wp-json\/wp\/v2\/types\/product"}],"wp:featuredmedia":[{"embeddable":true,"href":"https:\/\/cndestetik.ch\/fr\/wp-json\/wp\/v2\/media\/37680"}],"wp:attachment":[{"href":"https:\/\/cndestetik.ch\/fr\/wp-json\/wp\/v2\/media?parent=47027"}],"wp:term":[{"taxonomy":"product_brand","embeddable":true,"href":"https:\/\/cndestetik.ch\/fr\/wp-json\/wp\/v2\/product_brand?post=47027"},{"taxonomy":"product_cat","embeddable":true,"href":"https:\/\/cndestetik.ch\/fr\/wp-json\/wp\/v2\/product_cat?post=47027"},{"taxonomy":"product_tag","embeddable":true,"href":"https:\/\/cndestetik.ch\/fr\/wp-json\/wp\/v2\/product_tag?post=47027"}],"curies":[{"name":"wp","href":"https:\/\/api.w.org\/{rel}","templated":true}]}}