{"id":46895,"date":"2022-06-22T11:38:06","date_gmt":"2022-06-22T09:38:06","guid":{"rendered":"https:\/\/ticinoweb01.jcloud.ik-server.com\/cndestetik\/prodotto\/bouton-en-chanvre\/"},"modified":"2025-01-23T09:09:45","modified_gmt":"2025-01-23T08:09:45","slug":"bouton-en-chanvre","status":"publish","type":"product","link":"https:\/\/cndestetik.ch\/fr\/prodotto\/bouton-en-chanvre\/","title":{"rendered":"Bouton en chanvre"},"content":{"rendered":"<p>Mitaine exfoliante en fibre de chanvre.<\/p>\n<p>Id\u00e9al pour le pelage m\u00e9canique \u00e0 sec afin d&#8217;\u00e9liminer les mati\u00e8res organiques en surface. Recommand\u00e9 pour un usage domestique, toujours utiliser \u00e0 sec ou sous la douche en combinaison avec un nettoyant naturel.<\/p>\n<p>Facilement lavable en machine.<\/p>\n","protected":false},"excerpt":{"rendered":"<p>Mitaine exfoliante en fibre de chanvre.<\/p>\n","protected":false},"featured_media":54341,"template":"","meta":{"_acf_changed":false},"product_brand":[],"product_cat":[1494,12982],"product_tag":[3779,4683,4920,1444,874,1028],"class_list":{"0":"post-46895","1":"product","2":"type-product","3":"status-publish","4":"has-post-thumbnail","6":"product_cat-cosmetiques","7":"product_cat-microcosme","8":"product_tag-bouton","9":"product_tag-chanvre","10":"product_tag-exfoliation-fr","11":"product_tag-lavable","12":"product_tag-microcosme","13":"product_tag-traitement","15":"first","16":"instock","17":"taxable","18":"shipping-taxable","19":"purchasable","20":"product-type-simple"},"acf":[],"jetpack_sharing_enabled":true,"_links":{"self":[{"href":"https:\/\/cndestetik.ch\/fr\/wp-json\/wp\/v2\/product\/46895","targetHints":{"allow":["GET"]}}],"collection":[{"href":"https:\/\/cndestetik.ch\/fr\/wp-json\/wp\/v2\/product"}],"about":[{"href":"https:\/\/cndestetik.ch\/fr\/wp-json\/wp\/v2\/types\/product"}],"wp:featuredmedia":[{"embeddable":true,"href":"https:\/\/cndestetik.ch\/fr\/wp-json\/wp\/v2\/media\/54341"}],"wp:attachment":[{"href":"https:\/\/cndestetik.ch\/fr\/wp-json\/wp\/v2\/media?parent=46895"}],"wp:term":[{"taxonomy":"product_brand","embeddable":true,"href":"https:\/\/cndestetik.ch\/fr\/wp-json\/wp\/v2\/product_brand?post=46895"},{"taxonomy":"product_cat","embeddable":true,"href":"https:\/\/cndestetik.ch\/fr\/wp-json\/wp\/v2\/product_cat?post=46895"},{"taxonomy":"product_tag","embeddable":true,"href":"https:\/\/cndestetik.ch\/fr\/wp-json\/wp\/v2\/product_tag?post=46895"}],"curies":[{"name":"wp","href":"https:\/\/api.w.org\/{rel}","templated":true}]}}