{"id":46439,"date":"2020-10-28T13:36:38","date_gmt":"2020-10-28T12:36:38","guid":{"rendered":"https:\/\/ticinoweb01.jcloud.ik-server.com\/cndestetik\/prodotto\/pain-de-savon-au-charbon-actif\/"},"modified":"2022-11-15T16:57:29","modified_gmt":"2022-11-15T15:57:29","slug":"barre-de-savon-au-charbon-actif","status":"publish","type":"product","link":"https:\/\/cndestetik.ch\/fr\/prodotto\/barre-de-savon-au-charbon-actif\/","title":{"rendered":"Pain de savon au charbon actif"},"content":{"rendered":"<p>Gr\u00e2ce \u00e0 l&#8217;action combin\u00e9e du charbon actif, de l&#8217;argile verte fran\u00e7aise et de l&#8217;huile essentielle de th\u00e9ier, ce savon est parfait pour les peaux grasses, impures et mixtes.<\/p>\n","protected":false},"excerpt":{"rendered":"<p>Savon pour les peaux grasses, impures et mixtes.<\/p>\n","protected":false},"featured_media":36896,"template":"","meta":{"_acf_changed":false},"product_brand":[],"product_cat":[8512,1925],"product_tag":[10137,4576,10132,4585,10138,1057,433,4902,7518],"class_list":{"0":"post-46439","1":"product","2":"type-product","3":"status-publish","4":"has-post-thumbnail","6":"product_cat-dernieres-pieces","7":"product_cat-determination","8":"product_tag-active","9":"product_tag-argile-fr","10":"product_tag-bar-fr","11":"product_tag-charbon","12":"product_tag-charbon-de-bois","13":"product_tag-du-savon","14":"product_tag-karite-fr","15":"product_tag-savon","16":"product_tag-savonette","18":"first","19":"outofstock","20":"sale","21":"taxable","22":"shipping-taxable","23":"purchasable","24":"product-type-simple"},"acf":[],"jetpack_sharing_enabled":true,"_links":{"self":[{"href":"https:\/\/cndestetik.ch\/fr\/wp-json\/wp\/v2\/product\/46439","targetHints":{"allow":["GET"]}}],"collection":[{"href":"https:\/\/cndestetik.ch\/fr\/wp-json\/wp\/v2\/product"}],"about":[{"href":"https:\/\/cndestetik.ch\/fr\/wp-json\/wp\/v2\/types\/product"}],"wp:featuredmedia":[{"embeddable":true,"href":"https:\/\/cndestetik.ch\/fr\/wp-json\/wp\/v2\/media\/36896"}],"wp:attachment":[{"href":"https:\/\/cndestetik.ch\/fr\/wp-json\/wp\/v2\/media?parent=46439"}],"wp:term":[{"taxonomy":"product_brand","embeddable":true,"href":"https:\/\/cndestetik.ch\/fr\/wp-json\/wp\/v2\/product_brand?post=46439"},{"taxonomy":"product_cat","embeddable":true,"href":"https:\/\/cndestetik.ch\/fr\/wp-json\/wp\/v2\/product_cat?post=46439"},{"taxonomy":"product_tag","embeddable":true,"href":"https:\/\/cndestetik.ch\/fr\/wp-json\/wp\/v2\/product_tag?post=46439"}],"curies":[{"name":"wp","href":"https:\/\/api.w.org\/{rel}","templated":true}]}}