{"id":46398,"date":"2022-06-15T13:06:49","date_gmt":"2022-06-15T11:06:49","guid":{"rendered":"https:\/\/ticinoweb01.jcloud.ik-server.com\/cndestetik\/prodotto\/bain-douche-monoi\/"},"modified":"2022-11-15T16:44:08","modified_gmt":"2022-11-15T15:44:08","slug":"douche-bain-monoi","status":"publish","type":"product","link":"https:\/\/cndestetik.ch\/fr\/prodotto\/douche-bain-monoi\/","title":{"rendered":"Bain-douche Monoi"},"content":{"rendered":"<p>Avec un parfum exotique et enivrant, un gel de bain et de douche doux qui laissera votre peau douce et parfum\u00e9e pendant longtemps.<\/p>\n<p>L&#8217;huile de coco et la fleur de tiar\u00e9 caract\u00e9risent ce gel de bain et de douche.<\/p>\n<p>Id\u00e9al pour une utilisation sous la douche ou dans le bain ; id\u00e9e de cadeau populaire, notamment en combinaison avec de l&#8217;huile ou du beurre de Mono\u00ef ; excellente id\u00e9e \u00e0 conserver dans la douche de votre institut de beaut\u00e9 pour aromatiser le traitement effectu\u00e9.<\/p>\n","protected":false},"excerpt":{"rendered":"<p>Avec un parfum exotique et enivrant, un gel de bain et de douche doux qui laissera votre peau douce et parfum\u00e9e pendant longtemps.<\/p>\n","protected":false},"featured_media":53952,"template":"","meta":{"_acf_changed":false},"product_brand":[],"product_cat":[1925],"product_tag":[4545,4546,4547,4548,874,421],"class_list":{"0":"post-46398","1":"product","2":"type-product","3":"status-publish","4":"has-post-thumbnail","6":"product_cat-determination","7":"product_tag-baignoire-douche","8":"product_tag-bain-douche-monoi","9":"product_tag-fleur-de-tiare","10":"product_tag-huile-de-noix-de-coco","11":"product_tag-microcosme","12":"product_tag-monoi-fr","13":"pa_formato-100ml-fr","14":"pa_formato-200ml-fr","16":"first","17":"instock","18":"taxable","19":"shipping-taxable","20":"purchasable","21":"product-type-variable"},"acf":[],"jetpack_sharing_enabled":true,"_links":{"self":[{"href":"https:\/\/cndestetik.ch\/fr\/wp-json\/wp\/v2\/product\/46398","targetHints":{"allow":["GET"]}}],"collection":[{"href":"https:\/\/cndestetik.ch\/fr\/wp-json\/wp\/v2\/product"}],"about":[{"href":"https:\/\/cndestetik.ch\/fr\/wp-json\/wp\/v2\/types\/product"}],"wp:featuredmedia":[{"embeddable":true,"href":"https:\/\/cndestetik.ch\/fr\/wp-json\/wp\/v2\/media\/53952"}],"wp:attachment":[{"href":"https:\/\/cndestetik.ch\/fr\/wp-json\/wp\/v2\/media?parent=46398"}],"wp:term":[{"taxonomy":"product_brand","embeddable":true,"href":"https:\/\/cndestetik.ch\/fr\/wp-json\/wp\/v2\/product_brand?post=46398"},{"taxonomy":"product_cat","embeddable":true,"href":"https:\/\/cndestetik.ch\/fr\/wp-json\/wp\/v2\/product_cat?post=46398"},{"taxonomy":"product_tag","embeddable":true,"href":"https:\/\/cndestetik.ch\/fr\/wp-json\/wp\/v2\/product_tag?post=46398"}],"curies":[{"name":"wp","href":"https:\/\/api.w.org\/{rel}","templated":true}]}}