{"id":46156,"date":"2020-10-15T11:48:58","date_gmt":"2020-10-15T09:48:58","guid":{"rendered":"https:\/\/ticinoweb01.jcloud.ik-server.com\/cndestetik\/prodotto\/huile-essentielle-de-petit-grain\/"},"modified":"2025-01-23T08:38:02","modified_gmt":"2025-01-23T07:38:02","slug":"huile-essentielle-petit-grain","status":"publish","type":"product","link":"https:\/\/cndestetik.ch\/fr\/prodotto\/huile-essentielle-petit-grain\/","title":{"rendered":"Huile essentielle de Petit Grain"},"content":{"rendered":"<p><span data-sheets-value=\"{\"1\":2,\"2\":\"Nota di Cuore. Riequilibra il sistema nervoso, aiuta la memoria e calma gli stati d'ansia.\\nAzioni: antinfiammatorio - antispasmodico - antiossidante\\nAdatto in caso di: pelli grasse e\/o impure - pelli atone - pelli miste - pruriti - eczemi - consigliato in caso di eccessiva sudorazione - capelli grassi - massaggio addome (per tensione addominale e flautolenza) - massaggi e bagni rilassanti - raffreddori e asma (con componente nervosa)\\n\\nGli oli essenziali vengono estratti da parti specifiche di piante aromatiche dette essenziere. L'estrazione viene per lo pi\u00f9 fatta con il metodo della distillazione in corrente di vapore, ottenuta tramite appositi distillatori. Con essa si riescono a raccogliere le molecole pi\u00f9 volatili e lipofile della pianta\\n-Gli oli essenziali non vanno applicati puri sulla pelle poich\u00e9 possono provocare effetti collaterali, quali irritazioni cutanee, allergie e vere e proprie macchie sulla pelle. E' quindi necessario diluirli sempre in sostanze vettrici come oli base, creme, saponi etc.\\n-Non utilizzarli in trattamenti di donne in gravidanza. Gli O.E. di agrumi (come arancio amaro, bergamotto e limone) contengono sostanze fotosensibilizzanti, non vanno utilizzati prima dell'esposizione al sole. Tenere gli O.E. fuori dalla portata dei bambini. Per escludere eventuali reazioni allergiche, peraltro molto rare, la prima volta che utilizzate un olio essenziale fate una prova con una goccia sull'incavo del gomito. Nel giro di un minuto se non si manifesta nessuna reazione allora potrete usarlo con tranquillit\u00e0 (sempre nelle diluizioni consigliate)\\n-Noce moscata, Salvia, Rosmarino e Timo sono controindicati in caso di epilessia.\\n\\n\\n\"}\" data-sheets-userformat=\"{\"2\":15297,\"3\":{\"1\":0},\"9\":0,\"10\":2,\"11\":0,\"12\":0,\"14\":{\"1\":2,\"2\":0},\"15\":\"Calibri\",\"16\":11}\">Note de c\u0153ur.  <\/span><span data-sheets-value=\"{\"1\":2,\"2\":\"Nota di Cuore. Riequilibra il sistema nervoso, aiuta la memoria e calma gli stati d'ansia.\\nAzioni: antinfiammatorio - antispasmodico - antiossidante\\nAdatto in caso di: pelli grasse e\/o impure - pelli atone - pelli miste - pruriti - eczemi - consigliato in caso di eccessiva sudorazione - capelli grassi - massaggio addome (per tensione addominale e flautolenza) - massaggi e bagni rilassanti - raffreddori e asma (con componente nervosa)\\n\\nGli oli essenziali vengono estratti da parti specifiche di piante aromatiche dette essenziere. L'estrazione viene per lo pi\u00f9 fatta con il metodo della distillazione in corrente di vapore, ottenuta tramite appositi distillatori. Con essa si riescono a raccogliere le molecole pi\u00f9 volatili e lipofile della pianta\\n-Gli oli essenziali non vanno applicati puri sulla pelle poich\u00e9 possono provocare effetti collaterali, quali irritazioni cutanee, allergie e vere e proprie macchie sulla pelle. E' quindi necessario diluirli sempre in sostanze vettrici come oli base, creme, saponi etc.\\n-Non utilizzarli in trattamenti di donne in gravidanza. Gli O.E. di agrumi (come arancio amaro, bergamotto e limone) contengono sostanze fotosensibilizzanti, non vanno utilizzati prima dell'esposizione al sole. Tenere gli O.E. fuori dalla portata dei bambini. Per escludere eventuali reazioni allergiche, peraltro molto rare, la prima volta che utilizzate un olio essenziale fate una prova con una goccia sull'incavo del gomito. Nel giro di un minuto se non si manifesta nessuna reazione allora potrete usarlo con tranquillit\u00e0 (sempre nelle diluizioni consigliate)\\n-Noce moscata, Salvia, Rosmarino e Timo sono controindicati in caso di epilessia.\\n\\n\\n\"}\" data-sheets-userformat=\"{\"2\":15297,\"3\":{\"1\":0},\"9\":0,\"10\":2,\"11\":0,\"12\":0,\"14\":{\"1\":2,\"2\":0},\"15\":\"Calibri\",\"16\":11}\">Il \u00e9quilibre le syst\u00e8me nerveux, facilite la m\u00e9moire et calme les \u00e9tats d&#8217;anxi\u00e9t\u00e9.<br \/>\n<\/span><\/p>\n<p><span data-sheets-value=\"{\"1\":2,\"2\":\"Nota di Cuore. Riequilibra il sistema nervoso, aiuta la memoria e calma gli stati d'ansia.\\nAzioni: antinfiammatorio - antispasmodico - antiossidante\\nAdatto in caso di: pelli grasse e\/o impure - pelli atone - pelli miste - pruriti - eczemi - consigliato in caso di eccessiva sudorazione - capelli grassi - massaggio addome (per tensione addominale e flautolenza) - massaggi e bagni rilassanti - raffreddori e asma (con componente nervosa)\\n\\nGli oli essenziali vengono estratti da parti specifiche di piante aromatiche dette essenziere. L'estrazione viene per lo pi\u00f9 fatta con il metodo della distillazione in corrente di vapore, ottenuta tramite appositi distillatori. Con essa si riescono a raccogliere le molecole pi\u00f9 volatili e lipofile della pianta\\n-Gli oli essenziali non vanno applicati puri sulla pelle poich\u00e9 possono provocare effetti collaterali, quali irritazioni cutanee, allergie e vere e proprie macchie sulla pelle. E' quindi necessario diluirli sempre in sostanze vettrici come oli base, creme, saponi etc.\\n-Non utilizzarli in trattamenti di donne in gravidanza. Gli O.E. di agrumi (come arancio amaro, bergamotto e limone) contengono sostanze fotosensibilizzanti, non vanno utilizzati prima dell'esposizione al sole. Tenere gli O.E. fuori dalla portata dei bambini. Per escludere eventuali reazioni allergiche, peraltro molto rare, la prima volta che utilizzate un olio essenziale fate una prova con una goccia sull'incavo del gomito. Nel giro di un minuto se non si manifesta nessuna reazione allora potrete usarlo con tranquillit\u00e0 (sempre nelle diluizioni consigliate)\\n-Noce moscata, Salvia, Rosmarino e Timo sono controindicati in caso di epilessia.\\n\\n\\n\"}\" data-sheets-userformat=\"{\"2\":15297,\"3\":{\"1\":0},\"9\":0,\"10\":2,\"11\":0,\"12\":0,\"14\":{\"1\":2,\"2\":0},\"15\":\"Calibri\",\"16\":11}\">Actions :  <\/span><\/p>\n<p><span data-sheets-value=\"{\"1\":2,\"2\":\"Nota di Cuore. Riequilibra il sistema nervoso, aiuta la memoria e calma gli stati d'ansia.\\nAzioni: antinfiammatorio - antispasmodico - antiossidante\\nAdatto in caso di: pelli grasse e\/o impure - pelli atone - pelli miste - pruriti - eczemi - consigliato in caso di eccessiva sudorazione - capelli grassi - massaggio addome (per tensione addominale e flautolenza) - massaggi e bagni rilassanti - raffreddori e asma (con componente nervosa)\\n\\nGli oli essenziali vengono estratti da parti specifiche di piante aromatiche dette essenziere. L'estrazione viene per lo pi\u00f9 fatta con il metodo della distillazione in corrente di vapore, ottenuta tramite appositi distillatori. Con essa si riescono a raccogliere le molecole pi\u00f9 volatili e lipofile della pianta\\n-Gli oli essenziali non vanno applicati puri sulla pelle poich\u00e9 possono provocare effetti collaterali, quali irritazioni cutanee, allergie e vere e proprie macchie sulla pelle. E' quindi necessario diluirli sempre in sostanze vettrici come oli base, creme, saponi etc.\\n-Non utilizzarli in trattamenti di donne in gravidanza. Gli O.E. di agrumi (come arancio amaro, bergamotto e limone) contengono sostanze fotosensibilizzanti, non vanno utilizzati prima dell'esposizione al sole. Tenere gli O.E. fuori dalla portata dei bambini. Per escludere eventuali reazioni allergiche, peraltro molto rare, la prima volta che utilizzate un olio essenziale fate una prova con una goccia sull'incavo del gomito. Nel giro di un minuto se non si manifesta nessuna reazione allora potrete usarlo con tranquillit\u00e0 (sempre nelle diluizioni consigliate)\\n-Noce moscata, Salvia, Rosmarino e Timo sono controindicati in caso di epilessia.\\n\\n\\n\"}\" data-sheets-userformat=\"{\"2\":15297,\"3\":{\"1\":0},\"9\":0,\"10\":2,\"11\":0,\"12\":0,\"14\":{\"1\":2,\"2\":0},\"15\":\"Calibri\",\"16\":11}\">&#8211; anti-inflammatoire  <\/span><\/p>\n<p><span data-sheets-value=\"{\"1\":2,\"2\":\"Nota di Cuore. Riequilibra il sistema nervoso, aiuta la memoria e calma gli stati d'ansia.\\nAzioni: antinfiammatorio - antispasmodico - antiossidante\\nAdatto in caso di: pelli grasse e\/o impure - pelli atone - pelli miste - pruriti - eczemi - consigliato in caso di eccessiva sudorazione - capelli grassi - massaggio addome (per tensione addominale e flautolenza) - massaggi e bagni rilassanti - raffreddori e asma (con componente nervosa)\\n\\nGli oli essenziali vengono estratti da parti specifiche di piante aromatiche dette essenziere. L'estrazione viene per lo pi\u00f9 fatta con il metodo della distillazione in corrente di vapore, ottenuta tramite appositi distillatori. Con essa si riescono a raccogliere le molecole pi\u00f9 volatili e lipofile della pianta\\n-Gli oli essenziali non vanno applicati puri sulla pelle poich\u00e9 possono provocare effetti collaterali, quali irritazioni cutanee, allergie e vere e proprie macchie sulla pelle. E' quindi necessario diluirli sempre in sostanze vettrici come oli base, creme, saponi etc.\\n-Non utilizzarli in trattamenti di donne in gravidanza. Gli O.E. di agrumi (come arancio amaro, bergamotto e limone) contengono sostanze fotosensibilizzanti, non vanno utilizzati prima dell'esposizione al sole. Tenere gli O.E. fuori dalla portata dei bambini. Per escludere eventuali reazioni allergiche, peraltro molto rare, la prima volta che utilizzate un olio essenziale fate una prova con una goccia sull'incavo del gomito. Nel giro di un minuto se non si manifesta nessuna reazione allora potrete usarlo con tranquillit\u00e0 (sempre nelle diluizioni consigliate)\\n-Noce moscata, Salvia, Rosmarino e Timo sono controindicati in caso di epilessia.\\n\\n\\n\"}\" data-sheets-userformat=\"{\"2\":15297,\"3\":{\"1\":0},\"9\":0,\"10\":2,\"11\":0,\"12\":0,\"14\":{\"1\":2,\"2\":0},\"15\":\"Calibri\",\"16\":11}\">&#8211; <\/span><span data-sheets-value=\"{\"1\":2,\"2\":\"Nota di Cuore. Riequilibra il sistema nervoso, aiuta la memoria e calma gli stati d'ansia.\\nAzioni: antinfiammatorio - antispasmodico - antiossidante\\nAdatto in caso di: pelli grasse e\/o impure - pelli atone - pelli miste - pruriti - eczemi - consigliato in caso di eccessiva sudorazione - capelli grassi - massaggio addome (per tensione addominale e flautolenza) - massaggi e bagni rilassanti - raffreddori e asma (con componente nervosa)\\n\\nGli oli essenziali vengono estratti da parti specifiche di piante aromatiche dette essenziere. L'estrazione viene per lo pi\u00f9 fatta con il metodo della distillazione in corrente di vapore, ottenuta tramite appositi distillatori. Con essa si riescono a raccogliere le molecole pi\u00f9 volatili e lipofile della pianta\\n-Gli oli essenziali non vanno applicati puri sulla pelle poich\u00e9 possono provocare effetti collaterali, quali irritazioni cutanee, allergie e vere e proprie macchie sulla pelle. E' quindi necessario diluirli sempre in sostanze vettrici come oli base, creme, saponi etc.\\n-Non utilizzarli in trattamenti di donne in gravidanza. Gli O.E. di agrumi (come arancio amaro, bergamotto e limone) contengono sostanze fotosensibilizzanti, non vanno utilizzati prima dell'esposizione al sole. Tenere gli O.E. fuori dalla portata dei bambini. Per escludere eventuali reazioni allergiche, peraltro molto rare, la prima volta che utilizzate un olio essenziale fate una prova con una goccia sull'incavo del gomito. Nel giro di un minuto se non si manifesta nessuna reazione allora potrete usarlo con tranquillit\u00e0 (sempre nelle diluizioni consigliate)\\n-Noce moscata, Salvia, Rosmarino e Timo sono controindicati in caso di epilessia.\\n\\n\\n\"}\" data-sheets-userformat=\"{\"2\":15297,\"3\":{\"1\":0},\"9\":0,\"10\":2,\"11\":0,\"12\":0,\"14\":{\"1\":2,\"2\":0},\"15\":\"Calibri\",\"16\":11}\">antispasmodique <\/span> <\/p>\n<p><span data-sheets-value=\"{\"1\":2,\"2\":\"Nota di Cuore. Riequilibra il sistema nervoso, aiuta la memoria e calma gli stati d'ansia.\\nAzioni: antinfiammatorio - antispasmodico - antiossidante\\nAdatto in caso di: pelli grasse e\/o impure - pelli atone - pelli miste - pruriti - eczemi - consigliato in caso di eccessiva sudorazione - capelli grassi - massaggio addome (per tensione addominale e flautolenza) - massaggi e bagni rilassanti - raffreddori e asma (con componente nervosa)\\n\\nGli oli essenziali vengono estratti da parti specifiche di piante aromatiche dette essenziere. L'estrazione viene per lo pi\u00f9 fatta con il metodo della distillazione in corrente di vapore, ottenuta tramite appositi distillatori. Con essa si riescono a raccogliere le molecole pi\u00f9 volatili e lipofile della pianta\\n-Gli oli essenziali non vanno applicati puri sulla pelle poich\u00e9 possono provocare effetti collaterali, quali irritazioni cutanee, allergie e vere e proprie macchie sulla pelle. E' quindi necessario diluirli sempre in sostanze vettrici come oli base, creme, saponi etc.\\n-Non utilizzarli in trattamenti di donne in gravidanza. Gli O.E. di agrumi (come arancio amaro, bergamotto e limone) contengono sostanze fotosensibilizzanti, non vanno utilizzati prima dell'esposizione al sole. Tenere gli O.E. fuori dalla portata dei bambini. Per escludere eventuali reazioni allergiche, peraltro molto rare, la prima volta che utilizzate un olio essenziale fate una prova con una goccia sull'incavo del gomito. Nel giro di un minuto se non si manifesta nessuna reazione allora potrete usarlo con tranquillit\u00e0 (sempre nelle diluizioni consigliate)\\n-Noce moscata, Salvia, Rosmarino e Timo sono controindicati in caso di epilessia.\\n\\n\\n\"}\" data-sheets-userformat=\"{\"2\":15297,\"3\":{\"1\":0},\"9\":0,\"10\":2,\"11\":0,\"12\":0,\"14\":{\"1\":2,\"2\":0},\"15\":\"Calibri\",\"16\":11}\">&#8211; <\/span><span data-sheets-value=\"{\"1\":2,\"2\":\"Nota di Cuore. Riequilibra il sistema nervoso, aiuta la memoria e calma gli stati d'ansia.\\nAzioni: antinfiammatorio - antispasmodico - antiossidante\\nAdatto in caso di: pelli grasse e\/o impure - pelli atone - pelli miste - pruriti - eczemi - consigliato in caso di eccessiva sudorazione - capelli grassi - massaggio addome (per tensione addominale e flautolenza) - massaggi e bagni rilassanti - raffreddori e asma (con componente nervosa)\\n\\nGli oli essenziali vengono estratti da parti specifiche di piante aromatiche dette essenziere. L'estrazione viene per lo pi\u00f9 fatta con il metodo della distillazione in corrente di vapore, ottenuta tramite appositi distillatori. Con essa si riescono a raccogliere le molecole pi\u00f9 volatili e lipofile della pianta\\n-Gli oli essenziali non vanno applicati puri sulla pelle poich\u00e9 possono provocare effetti collaterali, quali irritazioni cutanee, allergie e vere e proprie macchie sulla pelle. E' quindi necessario diluirli sempre in sostanze vettrici come oli base, creme, saponi etc.\\n-Non utilizzarli in trattamenti di donne in gravidanza. Gli O.E. di agrumi (come arancio amaro, bergamotto e limone) contengono sostanze fotosensibilizzanti, non vanno utilizzati prima dell'esposizione al sole. Tenere gli O.E. fuori dalla portata dei bambini. Per escludere eventuali reazioni allergiche, peraltro molto rare, la prima volta che utilizzate un olio essenziale fate una prova con una goccia sull'incavo del gomito. Nel giro di un minuto se non si manifesta nessuna reazione allora potrete usarlo con tranquillit\u00e0 (sempre nelle diluizioni consigliate)\\n-Noce moscata, Salvia, Rosmarino e Timo sono controindicati in caso di epilessia.\\n\\n\\n\"}\" data-sheets-userformat=\"{\"2\":15297,\"3\":{\"1\":0},\"9\":0,\"10\":2,\"11\":0,\"12\":0,\"14\":{\"1\":2,\"2\":0},\"15\":\"Calibri\",\"16\":11}\">antioxydant<br \/>\n<\/span><\/p>\n<p><span data-sheets-value=\"{\"1\":2,\"2\":\"Nota di Cuore. Riequilibra il sistema nervoso, aiuta la memoria e calma gli stati d'ansia.\\nAzioni: antinfiammatorio - antispasmodico - antiossidante\\nAdatto in caso di: pelli grasse e\/o impure - pelli atone - pelli miste - pruriti - eczemi - consigliato in caso di eccessiva sudorazione - capelli grassi - massaggio addome (per tensione addominale e flautolenza) - massaggi e bagni rilassanti - raffreddori e asma (con componente nervosa)\\n\\nGli oli essenziali vengono estratti da parti specifiche di piante aromatiche dette essenziere. L'estrazione viene per lo pi\u00f9 fatta con il metodo della distillazione in corrente di vapore, ottenuta tramite appositi distillatori. Con essa si riescono a raccogliere le molecole pi\u00f9 volatili e lipofile della pianta\\n-Gli oli essenziali non vanno applicati puri sulla pelle poich\u00e9 possono provocare effetti collaterali, quali irritazioni cutanee, allergie e vere e proprie macchie sulla pelle. E' quindi necessario diluirli sempre in sostanze vettrici come oli base, creme, saponi etc.\\n-Non utilizzarli in trattamenti di donne in gravidanza. Gli O.E. di agrumi (come arancio amaro, bergamotto e limone) contengono sostanze fotosensibilizzanti, non vanno utilizzati prima dell'esposizione al sole. Tenere gli O.E. fuori dalla portata dei bambini. Per escludere eventuali reazioni allergiche, peraltro molto rare, la prima volta che utilizzate un olio essenziale fate una prova con una goccia sull'incavo del gomito. Nel giro di un minuto se non si manifesta nessuna reazione allora potrete usarlo con tranquillit\u00e0 (sempre nelle diluizioni consigliate)\\n-Noce moscata, Salvia, Rosmarino e Timo sono controindicati in caso di epilessia.\\n\\n\\n\"}\" data-sheets-userformat=\"{\"2\":15297,\"3\":{\"1\":0},\"9\":0,\"10\":2,\"11\":0,\"12\":0,\"14\":{\"1\":2,\"2\":0},\"15\":\"Calibri\",\"16\":11}\">Convient pour : la peau grasse et\/ou impure &#8211; la peau grasse &#8211; la peau mixte &#8211; la peau qui d\u00e9mange &#8211; l&#8217;ecz\u00e9ma &#8211; recommand\u00e9 en cas de transpiration excessive &#8211; les cheveux gras &#8211; le massage abdominal (pour les tensions abdominales et la flautolence) &#8211; les massages et bains relaxants &#8211; les rhumes et l&#8217;asthme (avec composante nerveuse)<\/span><\/p>\n<p>Les huiles essentielles sont extraites de parties sp\u00e9cifiques de plantes aromatiques appel\u00e9es essences. L&#8217;extraction se fait principalement par la m\u00e9thode de distillation \u00e0 la vapeur, \u00e0 l&#8217;aide de distillateurs sp\u00e9ciaux. Il permet de recueillir les mol\u00e9cules les plus volatiles et les plus lipophiles de la plante.<\/p>\n<p><span data-sheets-value=\"{\"1\":2,\"2\":\"Nota di Cuore. Riequilibra il sistema nervoso, aiuta la memoria e calma gli stati d'ansia.\\nAzioni: antinfiammatorio - antispasmodico - antiossidante\\nAdatto in caso di: pelli grasse e\/o impure - pelli atone - pelli miste - pruriti - eczemi - consigliato in caso di eccessiva sudorazione - capelli grassi - massaggio addome (per tensione addominale e flautolenza) - massaggi e bagni rilassanti - raffreddori e asma (con componente nervosa)\\n\\nGli oli essenziali vengono estratti da parti specifiche di piante aromatiche dette essenziere. L'estrazione viene per lo pi\u00f9 fatta con il metodo della distillazione in corrente di vapore, ottenuta tramite appositi distillatori. Con essa si riescono a raccogliere le molecole pi\u00f9 volatili e lipofile della pianta\\n-Gli oli essenziali non vanno applicati puri sulla pelle poich\u00e9 possono provocare effetti collaterali, quali irritazioni cutanee, allergie e vere e proprie macchie sulla pelle. E' quindi necessario diluirli sempre in sostanze vettrici come oli base, creme, saponi etc.\\n-Non utilizzarli in trattamenti di donne in gravidanza. Gli O.E. di agrumi (come arancio amaro, bergamotto e limone) contengono sostanze fotosensibilizzanti, non vanno utilizzati prima dell'esposizione al sole. Tenere gli O.E. fuori dalla portata dei bambini. Per escludere eventuali reazioni allergiche, peraltro molto rare, la prima volta che utilizzate un olio essenziale fate una prova con una goccia sull'incavo del gomito. Nel giro di un minuto se non si manifesta nessuna reazione allora potrete usarlo con tranquillit\u00e0 (sempre nelle diluizioni consigliate)\\n-Noce moscata, Salvia, Rosmarino e Timo sono controindicati in caso di epilessia.\\n\\n\\n\"}\" data-sheets-userformat=\"{\"2\":15297,\"3\":{\"1\":0},\"9\":0,\"10\":2,\"11\":0,\"12\":0,\"14\":{\"1\":2,\"2\":0},\"15\":\"Calibri\",\"16\":11}\">-Les huiles essentielles ne doivent pas \u00eatre appliqu\u00e9es purement sur la peau car elles peuvent provoquer des effets secondaires, tels qu&#8217;une irritation de la peau, des allergies et des taches sur la peau. Il est donc toujours n\u00e9cessaire de les diluer dans des substances vectrices telles que des huiles de base, des cr\u00e8mes, des savons, etc.<br \/>\n<\/span><\/p>\n<p><span data-sheets-value=\"{\"1\":2,\"2\":\"Nota di Cuore. Riequilibra il sistema nervoso, aiuta la memoria e calma gli stati d'ansia.\\nAzioni: antinfiammatorio - antispasmodico - antiossidante\\nAdatto in caso di: pelli grasse e\/o impure - pelli atone - pelli miste - pruriti - eczemi - consigliato in caso di eccessiva sudorazione - capelli grassi - massaggio addome (per tensione addominale e flautolenza) - massaggi e bagni rilassanti - raffreddori e asma (con componente nervosa)\\n\\nGli oli essenziali vengono estratti da parti specifiche di piante aromatiche dette essenziere. L'estrazione viene per lo pi\u00f9 fatta con il metodo della distillazione in corrente di vapore, ottenuta tramite appositi distillatori. Con essa si riescono a raccogliere le molecole pi\u00f9 volatili e lipofile della pianta\\n-Gli oli essenziali non vanno applicati puri sulla pelle poich\u00e9 possono provocare effetti collaterali, quali irritazioni cutanee, allergie e vere e proprie macchie sulla pelle. E' quindi necessario diluirli sempre in sostanze vettrici come oli base, creme, saponi etc.\\n-Non utilizzarli in trattamenti di donne in gravidanza. Gli O.E. di agrumi (come arancio amaro, bergamotto e limone) contengono sostanze fotosensibilizzanti, non vanno utilizzati prima dell'esposizione al sole. Tenere gli O.E. fuori dalla portata dei bambini. Per escludere eventuali reazioni allergiche, peraltro molto rare, la prima volta che utilizzate un olio essenziale fate una prova con una goccia sull'incavo del gomito. Nel giro di un minuto se non si manifesta nessuna reazione allora potrete usarlo con tranquillit\u00e0 (sempre nelle diluizioni consigliate)\\n-Noce moscata, Salvia, Rosmarino e Timo sono controindicati in caso di epilessia.\\n\\n\\n\"}\" data-sheets-userformat=\"{\"2\":15297,\"3\":{\"1\":0},\"9\":0,\"10\":2,\"11\":0,\"12\":0,\"14\":{\"1\":2,\"2\":0},\"15\":\"Calibri\",\"16\":11}\">-Ne pas les utiliser dans le traitement des femmes enceintes. Les HE d&#8217;agrumes (comme l&#8217;orange am\u00e8re, la bergamote et le citron) contiennent des substances photosensibilisantes et ne doivent pas \u00eatre utilis\u00e9es avant une exposition au soleil. Gardez l&#8217;O.E. hors de port\u00e9e des enfants. Pour exclure toute r\u00e9action allergique, qui est tr\u00e8s rare, la premi\u00e8re fois que vous utilisez une huile essentielle, testez-la en d\u00e9posant une goutte sur le creux de votre coude. Dans la minute qui suit, si aucune r\u00e9action ne se produit, vous pouvez l&#8217;utiliser en toute s\u00e9curit\u00e9 (toujours dans les dilutions recommand\u00e9es).<br \/>\n<\/span><\/p>\n<p><span data-sheets-value=\"{\"1\":2,\"2\":\"Nota di Cuore. Riequilibra il sistema nervoso, aiuta la memoria e calma gli stati d'ansia.\\nAzioni: antinfiammatorio - antispasmodico - antiossidante\\nAdatto in caso di: pelli grasse e\/o impure - pelli atone - pelli miste - pruriti - eczemi - consigliato in caso di eccessiva sudorazione - capelli grassi - massaggio addome (per tensione addominale e flautolenza) - massaggi e bagni rilassanti - raffreddori e asma (con componente nervosa)\\n\\nGli oli essenziali vengono estratti da parti specifiche di piante aromatiche dette essenziere. L'estrazione viene per lo pi\u00f9 fatta con il metodo della distillazione in corrente di vapore, ottenuta tramite appositi distillatori. Con essa si riescono a raccogliere le molecole pi\u00f9 volatili e lipofile della pianta\\n-Gli oli essenziali non vanno applicati puri sulla pelle poich\u00e9 possono provocare effetti collaterali, quali irritazioni cutanee, allergie e vere e proprie macchie sulla pelle. E' quindi necessario diluirli sempre in sostanze vettrici come oli base, creme, saponi etc.\\n-Non utilizzarli in trattamenti di donne in gravidanza. Gli O.E. di agrumi (come arancio amaro, bergamotto e limone) contengono sostanze fotosensibilizzanti, non vanno utilizzati prima dell'esposizione al sole. Tenere gli O.E. fuori dalla portata dei bambini. Per escludere eventuali reazioni allergiche, peraltro molto rare, la prima volta che utilizzate un olio essenziale fate una prova con una goccia sull'incavo del gomito. Nel giro di un minuto se non si manifesta nessuna reazione allora potrete usarlo con tranquillit\u00e0 (sempre nelle diluizioni consigliate)\\n-Noce moscata, Salvia, Rosmarino e Timo sono controindicati in caso di epilessia.\\n\\n\\n\"}\" data-sheets-userformat=\"{\"2\":15297,\"3\":{\"1\":0},\"9\":0,\"10\":2,\"11\":0,\"12\":0,\"14\":{\"1\":2,\"2\":0},\"15\":\"Calibri\",\"16\":11}\">-Nutmeg, Sauge, Romarin et Thym sont contre-indiqu\u00e9s en cas d&#8217;\u00e9pilepsie.<\/span><\/p>\n<p>&nbsp;<\/p>\n<p>Taille : 10ml<\/p>\n","protected":false},"excerpt":{"rendered":"<p>10ml d&#8217;huile essentielle Petit Grain.<\/p>\n","protected":false},"featured_media":36935,"template":"","meta":{"_acf_changed":false},"product_brand":[],"product_cat":[2317,12982],"product_tag":[420,2322,9707,2184,9704],"class_list":{"0":"post-46156","1":"product","2":"type-product","3":"status-publish","4":"has-post-thumbnail","6":"product_cat-essences-fr","7":"product_cat-microcosme","8":"product_tag-essences-fr-2","9":"product_tag-essentiel","10":"product_tag-grain-fr-2","11":"product_tag-huile-fr","12":"product_tag-petit-fr","14":"first","15":"instock","16":"taxable","17":"shipping-taxable","18":"purchasable","19":"product-type-simple"},"acf":[],"jetpack_sharing_enabled":true,"_links":{"self":[{"href":"https:\/\/cndestetik.ch\/fr\/wp-json\/wp\/v2\/product\/46156","targetHints":{"allow":["GET"]}}],"collection":[{"href":"https:\/\/cndestetik.ch\/fr\/wp-json\/wp\/v2\/product"}],"about":[{"href":"https:\/\/cndestetik.ch\/fr\/wp-json\/wp\/v2\/types\/product"}],"wp:featuredmedia":[{"embeddable":true,"href":"https:\/\/cndestetik.ch\/fr\/wp-json\/wp\/v2\/media\/36935"}],"wp:attachment":[{"href":"https:\/\/cndestetik.ch\/fr\/wp-json\/wp\/v2\/media?parent=46156"}],"wp:term":[{"taxonomy":"product_brand","embeddable":true,"href":"https:\/\/cndestetik.ch\/fr\/wp-json\/wp\/v2\/product_brand?post=46156"},{"taxonomy":"product_cat","embeddable":true,"href":"https:\/\/cndestetik.ch\/fr\/wp-json\/wp\/v2\/product_cat?post=46156"},{"taxonomy":"product_tag","embeddable":true,"href":"https:\/\/cndestetik.ch\/fr\/wp-json\/wp\/v2\/product_tag?post=46156"}],"curies":[{"name":"wp","href":"https:\/\/api.w.org\/{rel}","templated":true}]}}