{"id":46131,"date":"2020-10-15T11:49:02","date_gmt":"2020-10-15T09:49:02","guid":{"rendered":"https:\/\/ticinoweb01.jcloud.ik-server.com\/cndestetik\/prodotto\/huile-essentielle-de-palmarosa\/"},"modified":"2025-01-23T08:37:59","modified_gmt":"2025-01-23T07:37:59","slug":"huile-essentielle-palmarosa","status":"publish","type":"product","link":"https:\/\/cndestetik.ch\/fr\/prodotto\/huile-essentielle-palmarosa\/","title":{"rendered":"Huile essentielle de Palmarosa"},"content":{"rendered":"<p>Note de c\u0153ur.<\/p>\n<p>D\u00e9tend le syst\u00e8me nerveux &#8211; adoucit le caract\u00e8re &#8211; mod\u00e8re les exc\u00e8s et favorise le calme.<\/p>\n<p>Actions :<\/p>\n<p>&#8211; antimicrobien<\/p>\n<p>&#8211; antispasmodique<\/p>\n<p>&#8211; antioxydant<\/p>\n<p>&#8211; antimycotique (contre le candida Albicans, les dermatites et les champignons filamenteux responsables des mycoses de la peau)<\/p>\n<p>Convient \u00e0 : les peaux matures<\/p>\n<p>&#8211; rides profondes<\/p>\n<p>&#8211; peau impure et acn\u00e9ique<\/p>\n<p>&#8211; \u00e9chelles<\/p>\n<p>&#8211; mycose<\/p>\n<p>&#8211; massages relaxants<\/p>\n<p>&#8211; convient \u00e0 tous les types de cheveux Les huiles essentielles sont extraites de parties sp\u00e9cifiques de plantes aromatiques appel\u00e9es essences. L&#8217;extraction se fait principalement par la m\u00e9thode de distillation \u00e0 la vapeur, \u00e0 l&#8217;aide de distillateurs sp\u00e9ciaux. Il permet de recueillir les mol\u00e9cules les plus volatiles et les plus lipophiles de la plante. Les huiles essentielles ne doivent pas \u00eatre appliqu\u00e9es purement sur la peau car elles peuvent provoquer des effets secondaires tels que des irritations cutan\u00e9es, des allergies et des imperfections de la peau. Il est donc toujours n\u00e9cessaire de les diluer dans des substances vectrices telles que des huiles de base, des cr\u00e8mes, des savons, etc.<\/p>\n<p>-Ne pas les utiliser dans le traitement des femmes enceintes. Les HE d&#8217;agrumes (comme l&#8217;orange am\u00e8re, la bergamote et le citron) contiennent des substances photosensibilisantes et ne doivent pas \u00eatre utilis\u00e9es avant une exposition au soleil. Gardez l&#8217;O.E. hors de port\u00e9e des enfants. Pour exclure toute r\u00e9action allergique, qui est tr\u00e8s rare, la premi\u00e8re fois que vous utilisez une huile essentielle, testez-la en d\u00e9posant une goutte sur le creux de votre coude. Dans la minute qui suit, si aucune r\u00e9action ne se produit, vous pouvez l&#8217;utiliser en toute s\u00e9curit\u00e9 (toujours dans les dilutions recommand\u00e9es) -La noix de muscade, la sauge, le romarin et le thym sont contre-indiqu\u00e9s en cas d&#8217;\u00e9pilepsie.<\/p>\n<p>Taille : 10ml<\/p>\n","protected":false},"excerpt":{"rendered":"<p>Huile essentielle de palmarosa 10ml<\/p>\n","protected":false},"featured_media":36932,"template":"","meta":{"_acf_changed":false},"product_brand":[],"product_cat":[2317,12982],"product_tag":[420,2322,2184,516,4311],"class_list":{"0":"post-46131","1":"product","2":"type-product","3":"status-publish","4":"has-post-thumbnail","6":"product_cat-essences-fr","7":"product_cat-microcosme","8":"product_tag-essences-fr-2","9":"product_tag-essentiel","10":"product_tag-huile-fr","11":"product_tag-huile-essentielle","12":"product_tag-palmarosa-fr","14":"first","15":"instock","16":"taxable","17":"shipping-taxable","18":"purchasable","19":"product-type-simple"},"acf":[],"jetpack_sharing_enabled":true,"_links":{"self":[{"href":"https:\/\/cndestetik.ch\/fr\/wp-json\/wp\/v2\/product\/46131","targetHints":{"allow":["GET"]}}],"collection":[{"href":"https:\/\/cndestetik.ch\/fr\/wp-json\/wp\/v2\/product"}],"about":[{"href":"https:\/\/cndestetik.ch\/fr\/wp-json\/wp\/v2\/types\/product"}],"wp:featuredmedia":[{"embeddable":true,"href":"https:\/\/cndestetik.ch\/fr\/wp-json\/wp\/v2\/media\/36932"}],"wp:attachment":[{"href":"https:\/\/cndestetik.ch\/fr\/wp-json\/wp\/v2\/media?parent=46131"}],"wp:term":[{"taxonomy":"product_brand","embeddable":true,"href":"https:\/\/cndestetik.ch\/fr\/wp-json\/wp\/v2\/product_brand?post=46131"},{"taxonomy":"product_cat","embeddable":true,"href":"https:\/\/cndestetik.ch\/fr\/wp-json\/wp\/v2\/product_cat?post=46131"},{"taxonomy":"product_tag","embeddable":true,"href":"https:\/\/cndestetik.ch\/fr\/wp-json\/wp\/v2\/product_tag?post=46131"}],"curies":[{"name":"wp","href":"https:\/\/api.w.org\/{rel}","templated":true}]}}