{"id":46112,"date":"2022-06-15T17:01:22","date_gmt":"2022-06-15T15:01:22","guid":{"rendered":"https:\/\/ticinoweb01.jcloud.ik-server.com\/cndestetik\/prodotto\/pendentif-en-raku-blanc-pour-huiles-essentielles\/"},"modified":"2023-07-19T16:03:07","modified_gmt":"2023-07-19T14:03:07","slug":"pendentif-en-raku-blanc-pour-les-essentiels","status":"publish","type":"product","link":"https:\/\/cndestetik.ch\/fr\/prodotto\/pendentif-en-raku-blanc-pour-les-essentiels\/","title":{"rendered":"Pendentif en raku blanc pour huiles essentielles"},"content":{"rendered":"<p>Pendentif d&#8217;aromath\u00e9rapie \u00e0 porter sur soi \u00e0 tout moment. Un petit bijou en c\u00e9ramique dans lequel vous pouvez ins\u00e9rer un morceau de papier \u00e0 humidifier avec l&#8217;huile essentielle que vous pr\u00e9f\u00e9rez ou dont vous avez le plus besoin.<\/p>\n<p>Excellente id\u00e9e de cadeau, id\u00e9ale pour les f\u00eates de fin d&#8217;ann\u00e9e.<\/p>\n<p>Id\u00e9al pour ceux qui ont besoin d&#8217;\u00e9quilibre !<\/p>\n","protected":false},"excerpt":{"rendered":"<p>Pendentif d&#8217;aromath\u00e9rapie \u00e0 porter sur soi \u00e0 tout moment.<\/p>\n","protected":false},"featured_media":46048,"template":"","meta":{"_acf_changed":false},"product_brand":[],"product_cat":[8512],"product_tag":[4281,4233,4256,420,2325,510,4282,4283,4241],"class_list":{"0":"post-46112","1":"product","2":"type-product","3":"status-publish","4":"has-post-thumbnail","6":"product_cat-dernieres-pieces","7":"product_tag-aromatherapie-fr","8":"product_tag-ceramique","9":"product_tag-essence-fr","10":"product_tag-essences-fr-2","11":"product_tag-huile-essentielle-fr","12":"product_tag-huiles-essentielles","13":"product_tag-pendentif","14":"product_tag-pendentif-raku","15":"product_tag-raku-fr","17":"first","18":"instock","19":"taxable","20":"shipping-taxable","21":"purchasable","22":"product-type-simple"},"acf":[],"jetpack_sharing_enabled":true,"_links":{"self":[{"href":"https:\/\/cndestetik.ch\/fr\/wp-json\/wp\/v2\/product\/46112","targetHints":{"allow":["GET"]}}],"collection":[{"href":"https:\/\/cndestetik.ch\/fr\/wp-json\/wp\/v2\/product"}],"about":[{"href":"https:\/\/cndestetik.ch\/fr\/wp-json\/wp\/v2\/types\/product"}],"wp:featuredmedia":[{"embeddable":true,"href":"https:\/\/cndestetik.ch\/fr\/wp-json\/wp\/v2\/media\/46048"}],"wp:attachment":[{"href":"https:\/\/cndestetik.ch\/fr\/wp-json\/wp\/v2\/media?parent=46112"}],"wp:term":[{"taxonomy":"product_brand","embeddable":true,"href":"https:\/\/cndestetik.ch\/fr\/wp-json\/wp\/v2\/product_brand?post=46112"},{"taxonomy":"product_cat","embeddable":true,"href":"https:\/\/cndestetik.ch\/fr\/wp-json\/wp\/v2\/product_cat?post=46112"},{"taxonomy":"product_tag","embeddable":true,"href":"https:\/\/cndestetik.ch\/fr\/wp-json\/wp\/v2\/product_tag?post=46112"}],"curies":[{"name":"wp","href":"https:\/\/api.w.org\/{rel}","templated":true}]}}