{"id":46108,"date":"2022-06-20T12:56:26","date_gmt":"2022-06-20T10:56:26","guid":{"rendered":"https:\/\/ticinoweb01.jcloud.ik-server.com\/cndestetik\/prodotto\/cuisiniere-en-terre-cuite-2-pieces-sculptees\/"},"modified":"2022-11-15T16:53:39","modified_gmt":"2022-11-15T15:53:39","slug":"cuiseur-terracotta-2-pieces-coupe","status":"publish","type":"product","link":"https:\/\/cndestetik.ch\/fr\/prodotto\/cuiseur-terracotta-2-pieces-coupe\/","title":{"rendered":"Cuisini\u00e8re en terre cuite 2 pi\u00e8ces sculpt\u00e9es"},"content":{"rendered":"<p>Po\u00eale en terre cuite rugueuse, utile pour l&#8217;aromath\u00e9rapie. Diffusez vos parfums pr\u00e9f\u00e9r\u00e9s dans votre centre et cr\u00e9ez l&#8217;ambiance id\u00e9ale pour vos clients. Il d\u00e9tend, dynamise, inspire et \u00e9quilibre.<\/p>\n","protected":false},"excerpt":{"rendered":"<p>Po\u00eale en terre cuite rugueuse, utile pour l&#8217;aromath\u00e9rapie.<\/p>\n","protected":false},"featured_media":46035,"template":"","meta":{"_acf_changed":false},"product_brand":[],"product_cat":[2317],"product_tag":[2331,4274,4256,420,510,4237,4241,4275,4276],"class_list":{"0":"post-46108","1":"product","2":"type-product","3":"status-publish","4":"has-post-thumbnail","6":"product_cat-essences-fr","7":"product_tag-aromatherapie","8":"product_tag-cuisiniere","9":"product_tag-essence-fr","10":"product_tag-essences-fr-2","11":"product_tag-huiles-essentielles","12":"product_tag-poele","13":"product_tag-raku-fr","14":"product_tag-sculpte","15":"product_tag-terre-cuite","17":"first","18":"instock","19":"taxable","20":"shipping-taxable","21":"purchasable","22":"product-type-simple"},"acf":[],"jetpack_sharing_enabled":true,"_links":{"self":[{"href":"https:\/\/cndestetik.ch\/fr\/wp-json\/wp\/v2\/product\/46108","targetHints":{"allow":["GET"]}}],"collection":[{"href":"https:\/\/cndestetik.ch\/fr\/wp-json\/wp\/v2\/product"}],"about":[{"href":"https:\/\/cndestetik.ch\/fr\/wp-json\/wp\/v2\/types\/product"}],"wp:featuredmedia":[{"embeddable":true,"href":"https:\/\/cndestetik.ch\/fr\/wp-json\/wp\/v2\/media\/46035"}],"wp:attachment":[{"href":"https:\/\/cndestetik.ch\/fr\/wp-json\/wp\/v2\/media?parent=46108"}],"wp:term":[{"taxonomy":"product_brand","embeddable":true,"href":"https:\/\/cndestetik.ch\/fr\/wp-json\/wp\/v2\/product_brand?post=46108"},{"taxonomy":"product_cat","embeddable":true,"href":"https:\/\/cndestetik.ch\/fr\/wp-json\/wp\/v2\/product_cat?post=46108"},{"taxonomy":"product_tag","embeddable":true,"href":"https:\/\/cndestetik.ch\/fr\/wp-json\/wp\/v2\/product_tag?post=46108"}],"curies":[{"name":"wp","href":"https:\/\/api.w.org\/{rel}","templated":true}]}}