{"id":46105,"date":"2022-06-20T13:08:59","date_gmt":"2022-06-20T11:08:59","guid":{"rendered":"https:\/\/ticinoweb01.jcloud.ik-server.com\/cndestetik\/prodotto\/mini-diffuseur-daromatherapie-en-bois\/"},"modified":"2025-01-23T08:44:12","modified_gmt":"2025-01-23T07:44:12","slug":"mini-diffuseur-en-bois-pour-aromatherapie","status":"publish","type":"product","link":"https:\/\/cndestetik.ch\/fr\/prodotto\/mini-diffuseur-en-bois-pour-aromatherapie\/","title":{"rendered":"Mini diffuseur d&#8217;aromath\u00e9rapie en bois"},"content":{"rendered":"<p><span data-sheets-value=\"{\"1\":2,\"2\":\"Accessorio indispensabile per chi vuole portare con se facilmente le proprie essenze.\\nNell'apposita mini bottiglia in vetro inserisci la tua essenza preferita o la tua sinergia preferita, avvita il tappo e il gioco \u00e8 fatto. L'essenza, molecola volatile, impregner\u00e0 il legno e diffonder\u00e0 nel tempo tutte le sue caratteristiche e pregi.\\nMolto utile in macchina al posto dei profumatori chimici oppure nei piccoli ambienti (come il bagno o l'interno degli armadi); da tenere sulla scrivania o sul comodino.\\nOttimo anche come idea regalo!\"}\" data-sheets-userformat=\"{\"2\":15297,\"3\":{\"1\":0},\"9\":0,\"10\":2,\"11\":0,\"12\":0,\"14\":{\"1\":2,\"2\":0},\"15\":\"Calibri\",\"16\":11}\"><br \/>\nUn accessoire indispensable pour ceux qui veulent emporter facilement leurs essences : dans la mini-bouteille en verre, ins\u00e9rez votre essence ou synergie pr\u00e9f\u00e9r\u00e9e, vissez le bouchon, et le tour est jou\u00e9.<\/p>\n<p>L&#8217;essence, mol\u00e9cule volatile, va impr\u00e9gner le bois et diffuser toutes ses caract\u00e9ristiques et qualit\u00e9s au fil du temps. Tr\u00e8s utile dans la voiture \u00e0 la place des parfums chimiques ou dans les petites pi\u00e8ces (comme la salle de bain ou l&#8217;int\u00e9rieur des armoires), gardez-le sur votre bureau ou votre table de chevet. C&#8217;est aussi une excellente id\u00e9e de cadeau ! <\/span><\/p>\n","protected":false},"excerpt":{"rendered":"<p>Petit r\u00e9cipient pour les huiles essentielles ou les synergies.<\/p>\n","protected":false},"featured_media":54355,"template":"","meta":{"_acf_changed":false},"product_brand":[],"product_cat":[8512,2317,12982],"product_tag":[2331,2329,4267,4256,2322,2325,4257,510,4268],"class_list":{"0":"post-46105","1":"product","2":"type-product","3":"status-publish","4":"has-post-thumbnail","6":"product_cat-dernieres-pieces","7":"product_cat-essences-fr","8":"product_cat-microcosme","9":"product_tag-aromatherapie","10":"product_tag-arome","11":"product_tag-diffuseur","12":"product_tag-essence-fr","13":"product_tag-essentiel","14":"product_tag-huile-essentielle-fr","15":"product_tag-huiles","16":"product_tag-huiles-essentielles","17":"product_tag-lessentiel","19":"first","20":"instock","21":"taxable","22":"shipping-taxable","23":"purchasable","24":"product-type-simple"},"acf":[],"jetpack_sharing_enabled":true,"_links":{"self":[{"href":"https:\/\/cndestetik.ch\/fr\/wp-json\/wp\/v2\/product\/46105","targetHints":{"allow":["GET"]}}],"collection":[{"href":"https:\/\/cndestetik.ch\/fr\/wp-json\/wp\/v2\/product"}],"about":[{"href":"https:\/\/cndestetik.ch\/fr\/wp-json\/wp\/v2\/types\/product"}],"wp:featuredmedia":[{"embeddable":true,"href":"https:\/\/cndestetik.ch\/fr\/wp-json\/wp\/v2\/media\/54355"}],"wp:attachment":[{"href":"https:\/\/cndestetik.ch\/fr\/wp-json\/wp\/v2\/media?parent=46105"}],"wp:term":[{"taxonomy":"product_brand","embeddable":true,"href":"https:\/\/cndestetik.ch\/fr\/wp-json\/wp\/v2\/product_brand?post=46105"},{"taxonomy":"product_cat","embeddable":true,"href":"https:\/\/cndestetik.ch\/fr\/wp-json\/wp\/v2\/product_cat?post=46105"},{"taxonomy":"product_tag","embeddable":true,"href":"https:\/\/cndestetik.ch\/fr\/wp-json\/wp\/v2\/product_tag?post=46105"}],"curies":[{"name":"wp","href":"https:\/\/api.w.org\/{rel}","templated":true}]}}