{"id":46089,"date":"2022-06-20T14:18:49","date_gmt":"2022-06-20T12:18:49","guid":{"rendered":"https:\/\/ticinoweb01.jcloud.ik-server.com\/cndestetik\/prodotto\/huile-essentielle-de-menthe\/"},"modified":"2025-01-23T09:16:56","modified_gmt":"2025-01-23T08:16:56","slug":"huile-essentielle-menthe-2","status":"publish","type":"product","link":"https:\/\/cndestetik.ch\/fr\/prodotto\/huile-essentielle-menthe-2\/","title":{"rendered":"Huile essentielle de menthe"},"content":{"rendered":"<p><span data-sheets-value=\"{\"1\":2,\"2\":\"Nota di Testa. Rinfrescante - rigenerante - dona chiarezza mentale e forza di spirito - adatto a chi tende a farsi travolgere dalla passione - aiuta a superare il senso di inferiorit\u00e0.\\nAzioni: disintossicante cutaneo - antinfiammatorio - antisettico - rinfrescante - antimicotico - analgesico cutaneo - mucolitico - antispasmodico gastrointestinale\\nAdatto in caso di: dermatiti e psoriasi - massaggio su gambe stanche e pesanti - massaggio rinfrescante (estate) - massaggio al petto e alla parte alta della schiena in caso di congestione nasale e tosse - dolori muscolari (caldi) - prurito - in diffusione per risanare l'ambiente - anestetico su punture di zanzara e insetti.\\n\\nGli oli essenziali vengono estratti da parti specifiche di piante aromatiche dette essenziere. L'estrazione viene per lo pi\u00f9 fatta con il metodo della distillazione in corrente di vapore, ottenuta tramite appositi distillatori. Con essa si riescono a raccogliere le molecole pi\u00f9 volatili e lipofile della pianta\\n-Gli oli essenziali non vanno applicati puri sulla pelle poich\u00e9 possono provocare effetti collaterali, quali irritazioni cutanee, allergie e vere e proprie macchie sulla pelle. E' quindi necessario diluirli sempre in sostanze vettrici come oli base, creme, saponi etc.\\n-Non utilizzarli in trattamenti di donne in gravidanza. Gli O.E. di agrumi (come arancio amaro, bergamotto e limone) contengono sostanze fotosensibilizzanti, non vanno utilizzati prima dell'esposizione al sole. Tenere gli O.E. fuori dalla portata dei bambini. Per escludere eventuali reazioni allergiche, peraltro molto rare, la prima volta che utilizzate un olio essenziale fate una prova con una goccia sull'incavo del gomito. Nel giro di un minuto se non si manifesta nessuna reazione allora potrete usarlo con tranquillit\u00e0 (sempre nelle diluizioni consigliate)\\n-Noce moscata, Salvia, Rosmarino e Timo sono controindicati in caso di epilessia.\"}\" data-sheets-userformat=\"{\"2\":15297,\"3\":{\"1\":0},\"9\":0,\"10\":2,\"11\":0,\"12\":0,\"14\":{\"1\":2,\"2\":0},\"15\":\"Calibri\",\"16\":11}\">Top Note. Rafra\u00eechissant &#8211; r\u00e9g\u00e9n\u00e9rant &#8211; donne de la clart\u00e9 mentale et de la force d&#8217;esprit &#8211; convient \u00e0 ceux qui ont tendance \u00e0 se laisser d\u00e9border par la passion &#8211; aide \u00e0 surmonter un sentiment d&#8217;inf\u00e9riorit\u00e9.<\/p>\n<p>Actions : d\u00e9toxifiant cutan\u00e9 &#8211; anti-inflammatoire &#8211; antiseptique &#8211; rafra\u00eechissant &#8211; antifongique &#8211; analg\u00e9sique cutan\u00e9 &#8211; mucolytique &#8211; antispasmodique gastro-intestinal Convient pour : dermatite et psoriasis &#8211; massage des jambes lourdes et fatigu\u00e9es &#8211; massage rafra\u00eechissant (\u00e9t\u00e9) &#8211; massage de la poitrine et du haut du dos en cas de congestion nasale et de toux &#8211; douleurs musculaires (chaudes) &#8211; d\u00e9mangeaisons &#8211; en diffusion pour soigner l&#8217;environnement &#8211; anesth\u00e9siant sur les piq\u00fbres de moustiques et d&#8217;insectes.<\/span><\/p>\n<p>Les huiles essentielles sont extraites de parties sp\u00e9cifiques de plantes aromatiques appel\u00e9es essences. L&#8217;extraction se fait principalement par la m\u00e9thode de distillation \u00e0 la vapeur, \u00e0 l&#8217;aide de distillateurs sp\u00e9ciaux. Il permet de recueillir les mol\u00e9cules les plus volatiles et les plus lipophiles de la plante.<\/p>\n<p><span data-sheets-value=\"{\"1\":2,\"2\":\"Nota di Testa. Rinfrescante - rigenerante - dona chiarezza mentale e forza di spirito - adatto a chi tende a farsi travolgere dalla passione - aiuta a superare il senso di inferiorit\u00e0.\\nAzioni: disintossicante cutaneo - antinfiammatorio - antisettico - rinfrescante - antimicotico - analgesico cutaneo - mucolitico - antispasmodico gastrointestinale\\nAdatto in caso di: dermatiti e psoriasi - massaggio su gambe stanche e pesanti - massaggio rinfrescante (estate) - massaggio al petto e alla parte alta della schiena in caso di congestione nasale e tosse - dolori muscolari (caldi) - prurito - in diffusione per risanare l'ambiente - anestetico su punture di zanzara e insetti.\\n\\nGli oli essenziali vengono estratti da parti specifiche di piante aromatiche dette essenziere. L'estrazione viene per lo pi\u00f9 fatta con il metodo della distillazione in corrente di vapore, ottenuta tramite appositi distillatori. Con essa si riescono a raccogliere le molecole pi\u00f9 volatili e lipofile della pianta\\n-Gli oli essenziali non vanno applicati puri sulla pelle poich\u00e9 possono provocare effetti collaterali, quali irritazioni cutanee, allergie e vere e proprie macchie sulla pelle. E' quindi necessario diluirli sempre in sostanze vettrici come oli base, creme, saponi etc.\\n-Non utilizzarli in trattamenti di donne in gravidanza. Gli O.E. di agrumi (come arancio amaro, bergamotto e limone) contengono sostanze fotosensibilizzanti, non vanno utilizzati prima dell'esposizione al sole. Tenere gli O.E. fuori dalla portata dei bambini. Per escludere eventuali reazioni allergiche, peraltro molto rare, la prima volta che utilizzate un olio essenziale fate una prova con una goccia sull'incavo del gomito. Nel giro di un minuto se non si manifesta nessuna reazione allora potrete usarlo con tranquillit\u00e0 (sempre nelle diluizioni consigliate)\\n-Noce moscata, Salvia, Rosmarino e Timo sono controindicati in caso di epilessia.\"}\" data-sheets-userformat=\"{\"2\":15297,\"3\":{\"1\":0},\"9\":0,\"10\":2,\"11\":0,\"12\":0,\"14\":{\"1\":2,\"2\":0},\"15\":\"Calibri\",\"16\":11}\">-Les huiles essentielles ne doivent pas \u00eatre appliqu\u00e9es purement sur la peau car elles peuvent provoquer des effets secondaires, tels qu&#8217;une irritation de la peau, des allergies et des taches sur la peau. Il est donc toujours n\u00e9cessaire de les diluer dans des substances vectrices telles que des huiles de base, des cr\u00e8mes, des savons, etc.<br \/>\n<\/span><\/p>\n<p><span data-sheets-value=\"{\"1\":2,\"2\":\"Nota di Testa. Rinfrescante - rigenerante - dona chiarezza mentale e forza di spirito - adatto a chi tende a farsi travolgere dalla passione - aiuta a superare il senso di inferiorit\u00e0.\\nAzioni: disintossicante cutaneo - antinfiammatorio - antisettico - rinfrescante - antimicotico - analgesico cutaneo - mucolitico - antispasmodico gastrointestinale\\nAdatto in caso di: dermatiti e psoriasi - massaggio su gambe stanche e pesanti - massaggio rinfrescante (estate) - massaggio al petto e alla parte alta della schiena in caso di congestione nasale e tosse - dolori muscolari (caldi) - prurito - in diffusione per risanare l'ambiente - anestetico su punture di zanzara e insetti.\\n\\nGli oli essenziali vengono estratti da parti specifiche di piante aromatiche dette essenziere. L'estrazione viene per lo pi\u00f9 fatta con il metodo della distillazione in corrente di vapore, ottenuta tramite appositi distillatori. Con essa si riescono a raccogliere le molecole pi\u00f9 volatili e lipofile della pianta\\n-Gli oli essenziali non vanno applicati puri sulla pelle poich\u00e9 possono provocare effetti collaterali, quali irritazioni cutanee, allergie e vere e proprie macchie sulla pelle. E' quindi necessario diluirli sempre in sostanze vettrici come oli base, creme, saponi etc.\\n-Non utilizzarli in trattamenti di donne in gravidanza. Gli O.E. di agrumi (come arancio amaro, bergamotto e limone) contengono sostanze fotosensibilizzanti, non vanno utilizzati prima dell'esposizione al sole. Tenere gli O.E. fuori dalla portata dei bambini. Per escludere eventuali reazioni allergiche, peraltro molto rare, la prima volta che utilizzate un olio essenziale fate una prova con una goccia sull'incavo del gomito. Nel giro di un minuto se non si manifesta nessuna reazione allora potrete usarlo con tranquillit\u00e0 (sempre nelle diluizioni consigliate)\\n-Noce moscata, Salvia, Rosmarino e Timo sono controindicati in caso di epilessia.\"}\" data-sheets-userformat=\"{\"2\":15297,\"3\":{\"1\":0},\"9\":0,\"10\":2,\"11\":0,\"12\":0,\"14\":{\"1\":2,\"2\":0},\"15\":\"Calibri\",\"16\":11}\">-Ne pas les utiliser dans le traitement des femmes enceintes. Les HE d&#8217;agrumes (comme l&#8217;orange am\u00e8re, la bergamote et le citron) contiennent des substances photosensibilisantes et ne doivent pas \u00eatre utilis\u00e9es avant une exposition au soleil. Gardez l&#8217;O.E. hors de port\u00e9e des enfants. Pour exclure toute r\u00e9action allergique, qui est tr\u00e8s rare, la premi\u00e8re fois que vous utilisez une huile essentielle, testez-la en d\u00e9posant une goutte sur le creux de votre coude. Dans la minute qui suit, si aucune r\u00e9action ne se produit, vous pouvez l&#8217;utiliser en toute s\u00e9curit\u00e9 (toujours dans les dilutions recommand\u00e9es).<br \/>\n<\/span><\/p>\n<p><span data-sheets-value=\"{\"1\":2,\"2\":\"Nota di Testa. Rinfrescante - rigenerante - dona chiarezza mentale e forza di spirito - adatto a chi tende a farsi travolgere dalla passione - aiuta a superare il senso di inferiorit\u00e0.\\nAzioni: disintossicante cutaneo - antinfiammatorio - antisettico - rinfrescante - antimicotico - analgesico cutaneo - mucolitico - antispasmodico gastrointestinale\\nAdatto in caso di: dermatiti e psoriasi - massaggio su gambe stanche e pesanti - massaggio rinfrescante (estate) - massaggio al petto e alla parte alta della schiena in caso di congestione nasale e tosse - dolori muscolari (caldi) - prurito - in diffusione per risanare l'ambiente - anestetico su punture di zanzara e insetti.\\n\\nGli oli essenziali vengono estratti da parti specifiche di piante aromatiche dette essenziere. L'estrazione viene per lo pi\u00f9 fatta con il metodo della distillazione in corrente di vapore, ottenuta tramite appositi distillatori. Con essa si riescono a raccogliere le molecole pi\u00f9 volatili e lipofile della pianta\\n-Gli oli essenziali non vanno applicati puri sulla pelle poich\u00e9 possono provocare effetti collaterali, quali irritazioni cutanee, allergie e vere e proprie macchie sulla pelle. E' quindi necessario diluirli sempre in sostanze vettrici come oli base, creme, saponi etc.\\n-Non utilizzarli in trattamenti di donne in gravidanza. Gli O.E. di agrumi (come arancio amaro, bergamotto e limone) contengono sostanze fotosensibilizzanti, non vanno utilizzati prima dell'esposizione al sole. Tenere gli O.E. fuori dalla portata dei bambini. Per escludere eventuali reazioni allergiche, peraltro molto rare, la prima volta che utilizzate un olio essenziale fate una prova con una goccia sull'incavo del gomito. Nel giro di un minuto se non si manifesta nessuna reazione allora potrete usarlo con tranquillit\u00e0 (sempre nelle diluizioni consigliate)\\n-Noce moscata, Salvia, Rosmarino e Timo sono controindicati in caso di epilessia.\"}\" data-sheets-userformat=\"{\"2\":15297,\"3\":{\"1\":0},\"9\":0,\"10\":2,\"11\":0,\"12\":0,\"14\":{\"1\":2,\"2\":0},\"15\":\"Calibri\",\"16\":11}\">-Nutmeg, Sauge, Romarin et Thym sont contre-indiqu\u00e9s en cas d&#8217;\u00e9pilepsie.<\/span><\/p>\n","protected":false},"excerpt":{"rendered":"<p>Huile essentielle de menthe, disponible en deux formats, 10 et 30 ml.<\/p>\n","protected":false},"featured_media":46026,"template":"","meta":{"_acf_changed":false},"product_brand":[],"product_cat":[2317,12982],"product_tag":[9129,4256,2322,2184,506,4790],"class_list":{"0":"post-46089","1":"product","2":"type-product","3":"status-publish","4":"has-post-thumbnail","6":"product_cat-essences-fr","7":"product_cat-microcosme","8":"product_tag-anti-inflammatoire","9":"product_tag-essence-fr","10":"product_tag-essentiel","11":"product_tag-huile-fr","12":"product_tag-menthe","13":"product_tag-rafraichissant","14":"pa_formato-10ml-fr","15":"pa_formato-30ml-fr","17":"first","18":"instock","19":"taxable","20":"shipping-taxable","21":"purchasable","22":"product-type-variable","23":"has-default-attributes"},"acf":[],"jetpack_sharing_enabled":true,"_links":{"self":[{"href":"https:\/\/cndestetik.ch\/fr\/wp-json\/wp\/v2\/product\/46089","targetHints":{"allow":["GET"]}}],"collection":[{"href":"https:\/\/cndestetik.ch\/fr\/wp-json\/wp\/v2\/product"}],"about":[{"href":"https:\/\/cndestetik.ch\/fr\/wp-json\/wp\/v2\/types\/product"}],"wp:featuredmedia":[{"embeddable":true,"href":"https:\/\/cndestetik.ch\/fr\/wp-json\/wp\/v2\/media\/46026"}],"wp:attachment":[{"href":"https:\/\/cndestetik.ch\/fr\/wp-json\/wp\/v2\/media?parent=46089"}],"wp:term":[{"taxonomy":"product_brand","embeddable":true,"href":"https:\/\/cndestetik.ch\/fr\/wp-json\/wp\/v2\/product_brand?post=46089"},{"taxonomy":"product_cat","embeddable":true,"href":"https:\/\/cndestetik.ch\/fr\/wp-json\/wp\/v2\/product_cat?post=46089"},{"taxonomy":"product_tag","embeddable":true,"href":"https:\/\/cndestetik.ch\/fr\/wp-json\/wp\/v2\/product_tag?post=46089"}],"curies":[{"name":"wp","href":"https:\/\/api.w.org\/{rel}","templated":true}]}}