{"id":45881,"date":"2022-06-15T13:24:52","date_gmt":"2022-06-15T11:24:52","guid":{"rendered":"https:\/\/ticinoweb01.jcloud.ik-server.com\/cndestetik\/prodotto\/gel-daloes-decongestionnant\/"},"modified":"2022-11-15T16:44:09","modified_gmt":"2022-11-15T15:44:09","slug":"gel-aloe-decongestant","status":"publish","type":"product","link":"https:\/\/cndestetik.ch\/fr\/prodotto\/gel-aloe-decongestant\/","title":{"rendered":"Gel d&#8217;alo\u00e8s &#8211; D\u00e9congestionnant"},"content":{"rendered":"<p><span data-sheets-value=\"{\"1\":2,\"2\":\"Con un'altissima concentrazione di Aloe Vera, risulta un ottimo lenitivo dopo l'esposizione al sole ed \u00e8 particolarmente indicato sulle scottature. E' un prodotto particolarmente fresco e idratante e sfiammante con un effetto immediato.\"}\" data-sheets-userformat=\"{\"2\":15299,\"3\":{\"1\":0},\"4\":{\"1\":2,\"2\":16777215},\"9\":0,\"10\":2,\"11\":0,\"12\":0,\"14\":{\"1\":2,\"2\":0},\"15\":\"Calibri\",\"16\":11}\">Avec une tr\u00e8s forte concentration d&#8217;Aloe Vera, il constitue un excellent calmant apr\u00e8s une exposition au soleil et convient particuli\u00e8rement aux coups de soleil. C&#8217;est un produit particuli\u00e8rement frais et hydratant, \u00e0 l&#8217;effet imm\u00e9diat.<\/span><\/p>\n<p>Id\u00e9al pour toute la famille, en particulier les petits et ceux qui ne veulent pas sentir de r\u00e9sidus de cr\u00e8me ou d&#8217;huile sur leur peau !<\/p>\n<p>Taille : 100ml<\/p>\n","protected":false},"excerpt":{"rendered":"<p>Gel apaisant apr\u00e8s-soleil, excellent sur les coups de soleil.<\/p>\n","protected":false},"featured_media":45687,"template":"","meta":{"_acf_changed":false},"product_brand":[],"product_cat":[3299],"product_tag":[554,4052,4158,4159,4156,1275,4157,4087,4088],"class_list":{"0":"post-45881","1":"product","2":"type-product","3":"status-publish","4":"has-post-thumbnail","6":"product_cat-04-solari-fr","7":"product_tag-aloe-fr","8":"product_tag-cnd-fr","9":"product_tag-coup-de-soleil","10":"product_tag-coup-de-soleil-fr","11":"product_tag-decongestionnant","12":"product_tag-gel-fr","13":"product_tag-gel-daloes","14":"product_tag-solaire","15":"product_tag-solari-fr","17":"first","18":"outofstock","19":"taxable","20":"shipping-taxable","21":"product-type-simple"},"acf":[],"jetpack_sharing_enabled":true,"_links":{"self":[{"href":"https:\/\/cndestetik.ch\/fr\/wp-json\/wp\/v2\/product\/45881","targetHints":{"allow":["GET"]}}],"collection":[{"href":"https:\/\/cndestetik.ch\/fr\/wp-json\/wp\/v2\/product"}],"about":[{"href":"https:\/\/cndestetik.ch\/fr\/wp-json\/wp\/v2\/types\/product"}],"wp:featuredmedia":[{"embeddable":true,"href":"https:\/\/cndestetik.ch\/fr\/wp-json\/wp\/v2\/media\/45687"}],"wp:attachment":[{"href":"https:\/\/cndestetik.ch\/fr\/wp-json\/wp\/v2\/media?parent=45881"}],"wp:term":[{"taxonomy":"product_brand","embeddable":true,"href":"https:\/\/cndestetik.ch\/fr\/wp-json\/wp\/v2\/product_brand?post=45881"},{"taxonomy":"product_cat","embeddable":true,"href":"https:\/\/cndestetik.ch\/fr\/wp-json\/wp\/v2\/product_cat?post=45881"},{"taxonomy":"product_tag","embeddable":true,"href":"https:\/\/cndestetik.ch\/fr\/wp-json\/wp\/v2\/product_tag?post=45881"}],"curies":[{"name":"wp","href":"https:\/\/api.w.org\/{rel}","templated":true}]}}