{"id":45872,"date":"2022-06-15T13:42:31","date_gmt":"2022-06-15T11:42:31","guid":{"rendered":"https:\/\/ticinoweb01.jcloud.ik-server.com\/cndestetik\/prodotto\/huile-seche-apres-soleil\/"},"modified":"2022-11-15T16:44:08","modified_gmt":"2022-11-15T15:44:08","slug":"huile-seche-doposols","status":"publish","type":"product","link":"https:\/\/cndestetik.ch\/fr\/prodotto\/huile-seche-doposols\/","title":{"rendered":"Huile s\u00e8che &#8211; Apr\u00e8s-soleil"},"content":{"rendered":"<p><span data-sheets-value=\"{\"1\":2,\"2\":\"Illumina ed ammorbidisce la cute. Grazie all'Estratto Spagirico di Calendula \u00e8 un ottimo lenitivo, ideale per la pelle arrossata dai raggi solari. E' stato studiato per dare nutrimento senza ungere. Si pu\u00f2 applicare anche prima di entrare in piscina evitando di essere aggrediti dal cloro; adatto anche sui capelli.\"}\" data-sheets-userformat=\"{\"2\":15299,\"3\":{\"1\":0},\"4\":{\"1\":2,\"2\":16777215},\"9\":0,\"10\":2,\"11\":0,\"12\":0,\"14\":{\"1\":2,\"2\":0},\"15\":\"Calibri\",\"16\":11}\">\u00c9claircit et adoucit la peau. Gr\u00e2ce \u00e0 l&#8217;extrait de souci spagyrique, il est un excellent apaisant, id\u00e9al pour les peaux rougies par le soleil. Il est con\u00e7u pour nourrir sans \u00eatre gras. Il peut \u00e9galement \u00eatre appliqu\u00e9 avant d&#8217;entrer dans la piscine pour \u00e9viter d&#8217;\u00eatre attaqu\u00e9 par le chlore ; convient \u00e9galement aux cheveux.<\/span><\/p>\n<p>Sa particularit\u00e9 est d&#8217;\u00eatre une huile s\u00e8che, elle ne laisse donc pas la peau grasse et est facilement absorb\u00e9e par la peau. Excellent \u00e9claircissant pour la peau.<\/p>\n<p>Taille : 100ml<\/p>\n","protected":false},"excerpt":{"rendered":"<p>Huile s\u00e8che apaisante, qui nourrit sans graisser. Convient aux peaux rougies apr\u00e8s un coup de soleil.<\/p>\n","protected":false},"featured_media":45687,"template":"","meta":{"_acf_changed":false},"product_brand":[],"product_cat":[3299],"product_tag":[577,4141,4052,2184,4150,4087,4088],"class_list":{"0":"post-45872","1":"product","2":"type-product","3":"status-publish","4":"has-post-thumbnail","6":"product_cat-04-solari-fr","7":"product_tag-apaisant","8":"product_tag-apres-soleil","9":"product_tag-cnd-fr","10":"product_tag-huile-fr","11":"product_tag-sec-fr","12":"product_tag-solaire","13":"product_tag-solari-fr","15":"first","16":"outofstock","17":"taxable","18":"shipping-taxable","19":"purchasable","20":"product-type-simple"},"acf":[],"jetpack_sharing_enabled":true,"_links":{"self":[{"href":"https:\/\/cndestetik.ch\/fr\/wp-json\/wp\/v2\/product\/45872","targetHints":{"allow":["GET"]}}],"collection":[{"href":"https:\/\/cndestetik.ch\/fr\/wp-json\/wp\/v2\/product"}],"about":[{"href":"https:\/\/cndestetik.ch\/fr\/wp-json\/wp\/v2\/types\/product"}],"wp:featuredmedia":[{"embeddable":true,"href":"https:\/\/cndestetik.ch\/fr\/wp-json\/wp\/v2\/media\/45687"}],"wp:attachment":[{"href":"https:\/\/cndestetik.ch\/fr\/wp-json\/wp\/v2\/media?parent=45872"}],"wp:term":[{"taxonomy":"product_brand","embeddable":true,"href":"https:\/\/cndestetik.ch\/fr\/wp-json\/wp\/v2\/product_brand?post=45872"},{"taxonomy":"product_cat","embeddable":true,"href":"https:\/\/cndestetik.ch\/fr\/wp-json\/wp\/v2\/product_cat?post=45872"},{"taxonomy":"product_tag","embeddable":true,"href":"https:\/\/cndestetik.ch\/fr\/wp-json\/wp\/v2\/product_tag?post=45872"}],"curies":[{"name":"wp","href":"https:\/\/api.w.org\/{rel}","templated":true}]}}