{"id":45856,"date":"2022-06-15T14:13:45","date_gmt":"2022-06-15T12:13:45","guid":{"rendered":"https:\/\/ticinoweb01.jcloud.ik-server.com\/cndestetik\/prodotto\/lait-solaire-visage-corps\/"},"modified":"2023-04-04T13:04:40","modified_gmt":"2023-04-04T11:04:40","slug":"lait-soleil-face-corps","status":"publish","type":"product","link":"https:\/\/cndestetik.ch\/fr\/prodotto\/lait-soleil-face-corps\/","title":{"rendered":"Lait solaire visage corps"},"content":{"rendered":"<p><span data-sheets-value=\"{\"1\":2,\"2\":\"Indicato per pelli abituate al sole. Permette di ottenere un'abbronzatura rapida e luminosa, mantenendo la pelle morbida e idratata.\"}\" data-sheets-userformat=\"{\"2\":15299,\"3\":{\"1\":0},\"4\":{\"1\":2,\"2\":16777215},\"9\":0,\"10\":2,\"11\":0,\"12\":0,\"14\":{\"1\":2,\"2\":0},\"15\":\"Calibri\",\"16\":11}\">Le lait solaire est disponible en deux protections diff\u00e9rentes.<\/span><\/p>\n<p>SPF 20 : id\u00e9al pour les peaux d\u00e9j\u00e0 habitu\u00e9es au soleil. Il permet un bronzage rapide et \u00e9clatant tout en gardant la peau douce et hydrat\u00e9e.<\/p>\n<p>SPF 50 : pour les peaux d\u00e9licates, claires et sensibles au soleil. Il prot\u00e8ge la peau en aidant \u00e0 pr\u00e9venir les taches cutan\u00e9es. Il convient aux premi\u00e8res expositions et aux tout-petits.<\/p>\n<p><span data-sheets-value=\"{\"1\":2,\"2\":\"Indicato per pelli abituate al sole. Permette di ottenere un'abbronzatura rapida e luminosa, mantenendo la pelle morbida e idratata.\"}\" data-sheets-userformat=\"{\"2\":15299,\"3\":{\"1\":0},\"4\":{\"1\":2,\"2\":16777215},\"9\":0,\"10\":2,\"11\":0,\"12\":0,\"14\":{\"1\":2,\"2\":0},\"15\":\"Calibri\",\"16\":11}\">Les deux ont une taille de 100ml.<\/span><\/p>\n<p>Dans les \u00e9crans solaires Microcosmo, il n&#8217;y a que des filtres physiques, c&#8217;est-\u00e0-dire de petites particules min\u00e9rales qui r\u00e9fl\u00e9chissent les rayons du soleil, les emp\u00eachant d&#8217;atteindre et de br\u00fbler la peau. Ils ne surchauffent pas la peau, ils ne laissent pas de patines g\u00eanantes, ils prot\u00e8gent \u00e0 fond.<\/p>\n<p>En outre, les produits contiennent des extraits spagyriques de Calendula, qui, sous l&#8217;effet du soleil, r\u00e9g\u00e9n\u00e8re et prot\u00e8ge la peau du vieillissement.<\/p>\n","protected":false},"excerpt":{"rendered":"<p>Convient aux peaux habitu\u00e9es au soleil ou aux peaux plus d\u00e9licates.<\/p>\n","protected":false},"featured_media":54267,"template":"","meta":{"_acf_changed":false},"product_brand":[],"product_cat":[8512,3299],"product_tag":[2341,4125,4056,4087,4088,4090,4127,4059,765],"class_list":{"0":"post-45856","1":"product","2":"type-product","3":"status-publish","4":"has-post-thumbnail","6":"product_cat-dernieres-pieces","7":"product_cat-04-solari-fr","8":"product_tag-corps","9":"product_tag-lait","10":"product_tag-protection","11":"product_tag-solaire","12":"product_tag-solari-fr","13":"product_tag-spf-fr","14":"product_tag-spf-20-fr","15":"product_tag-spf-50-fr","16":"product_tag-visage","17":"pa_protezione-solare-spf-20-fr","18":"pa_protezione-solare-spf-50-fr","20":"first","21":"instock","22":"sale","23":"taxable","24":"shipping-taxable","25":"purchasable","26":"product-type-variable"},"acf":[],"jetpack_sharing_enabled":true,"_links":{"self":[{"href":"https:\/\/cndestetik.ch\/fr\/wp-json\/wp\/v2\/product\/45856","targetHints":{"allow":["GET"]}}],"collection":[{"href":"https:\/\/cndestetik.ch\/fr\/wp-json\/wp\/v2\/product"}],"about":[{"href":"https:\/\/cndestetik.ch\/fr\/wp-json\/wp\/v2\/types\/product"}],"wp:featuredmedia":[{"embeddable":true,"href":"https:\/\/cndestetik.ch\/fr\/wp-json\/wp\/v2\/media\/54267"}],"wp:attachment":[{"href":"https:\/\/cndestetik.ch\/fr\/wp-json\/wp\/v2\/media?parent=45856"}],"wp:term":[{"taxonomy":"product_brand","embeddable":true,"href":"https:\/\/cndestetik.ch\/fr\/wp-json\/wp\/v2\/product_brand?post=45856"},{"taxonomy":"product_cat","embeddable":true,"href":"https:\/\/cndestetik.ch\/fr\/wp-json\/wp\/v2\/product_cat?post=45856"},{"taxonomy":"product_tag","embeddable":true,"href":"https:\/\/cndestetik.ch\/fr\/wp-json\/wp\/v2\/product_tag?post=45856"}],"curies":[{"name":"wp","href":"https:\/\/api.w.org\/{rel}","templated":true}]}}