{"id":45850,"date":"2022-06-15T13:51:12","date_gmt":"2022-06-15T11:51:12","guid":{"rendered":"https:\/\/ticinoweb01.jcloud.ik-server.com\/cndestetik\/prodotto\/huile-de-sesame-du-soleil-spf4\/"},"modified":"2023-03-23T14:04:58","modified_gmt":"2023-03-23T13:04:58","slug":"huile-sesame-solaire-spf4","status":"publish","type":"product","link":"https:\/\/cndestetik.ch\/fr\/prodotto\/huile-sesame-solaire-spf4\/","title":{"rendered":"Huile de s\u00e9same du soleil spf4"},"content":{"rendered":"<p><span data-sheets-value=\"{\"1\":2,\"2\":\"Ottenuto per spremitura a freddo dei semi della pianta Sesamum indicum. Per uso esterno l'olio di sesamo presenta ottime propriet\u00e0 emollienti, antiossidanti e seborestitutive. E' particolarmente raccomandato per pelli grasse, dalle quali viene assorbito con facilit\u00e0. Anche la medicina ayurvedica accorda grande importanza al sesamo, che viene usato per tutti i tipi di massaggi. Viene indicato anche come protezione solare (fattore di protezione 4). Ha un effetto \\\"riscaldante\\\", per questo stimola tutte le funzioni metaboliche del corpo ed \u00e8 adatto a tutti i trattamenti snellenti. Ha anche un effetto tranquilizzante e questo lo rende un ottimo olio per i massaggi ai neonati. Da usare su tutti i tipi di pelle, in particolare quella grassa o con psoriasi\/eczema; come protezione solare (fattore 4); nei trattamenti snellenti; per massaggi ai neonati\"}\" data-sheets-userformat=\"{\"2\":15299,\"3\":{\"1\":0},\"4\":{\"1\":2,\"2\":16777215},\"9\":0,\"10\":2,\"11\":0,\"12\":0,\"14\":{\"1\":2,\"2\":0},\"15\":\"Calibri\",\"16\":11}\">Adapt\u00e9 aux peaux fonc\u00e9es ou d\u00e9j\u00e0 bronz\u00e9es, il poss\u00e8de d&#8217;excellentes propri\u00e9t\u00e9s hydratantes, antioxydantes et \u00e9mollientes. Il rehausse le bronzage et donne de l&#8217;\u00e9clat. Excellent apr\u00e8s-soleil.<\/span><\/p>\n<p>L&#8217;huile de s\u00e9same est d\u00e9j\u00e0 naturellement enrichie en SPF 4, elle est donc id\u00e9ale aux heures moins ensoleill\u00e9es ou pour prot\u00e9ger les cheveux.<\/p>\n<p>Utilisez-le dans les traitements avant et apr\u00e8s le bronzage pour adoucir la peau et la pr\u00e9parer au bronzage ou la renforcer.<\/p>\n","protected":false},"excerpt":{"rendered":"<p>A utiliser sur tous les types de peau comme protection solaire. Il poss\u00e8de d&#8217;excellentes propri\u00e9t\u00e9s \u00e9mollientes, antioxydantes et restauratrices de s\u00e9bum.<\/p>\n","protected":false},"featured_media":45687,"template":"","meta":{"_acf_changed":false},"product_brand":[],"product_cat":[3299],"product_tag":[4116,4119,4117,2184,427,4087,4088,4089],"class_list":{"0":"post-45850","1":"product","2":"type-product","3":"status-publish","4":"has-post-thumbnail","6":"product_cat-04-solari-fr","7":"product_tag-apaisant-fr","8":"product_tag-apaisant-fr-2","9":"product_tag-ecran-solaire","10":"product_tag-huile-fr","11":"product_tag-sesame-fr","12":"product_tag-solaire","13":"product_tag-solari-fr","14":"product_tag-soleil","15":"pa_formato-100ml-fr","16":"pa_formato-500ml-fr","18":"first","19":"outofstock","20":"taxable","21":"shipping-taxable","22":"purchasable","23":"product-type-simple"},"acf":[],"jetpack_sharing_enabled":true,"_links":{"self":[{"href":"https:\/\/cndestetik.ch\/fr\/wp-json\/wp\/v2\/product\/45850","targetHints":{"allow":["GET"]}}],"collection":[{"href":"https:\/\/cndestetik.ch\/fr\/wp-json\/wp\/v2\/product"}],"about":[{"href":"https:\/\/cndestetik.ch\/fr\/wp-json\/wp\/v2\/types\/product"}],"wp:featuredmedia":[{"embeddable":true,"href":"https:\/\/cndestetik.ch\/fr\/wp-json\/wp\/v2\/media\/45687"}],"wp:attachment":[{"href":"https:\/\/cndestetik.ch\/fr\/wp-json\/wp\/v2\/media?parent=45850"}],"wp:term":[{"taxonomy":"product_brand","embeddable":true,"href":"https:\/\/cndestetik.ch\/fr\/wp-json\/wp\/v2\/product_brand?post=45850"},{"taxonomy":"product_cat","embeddable":true,"href":"https:\/\/cndestetik.ch\/fr\/wp-json\/wp\/v2\/product_cat?post=45850"},{"taxonomy":"product_tag","embeddable":true,"href":"https:\/\/cndestetik.ch\/fr\/wp-json\/wp\/v2\/product_tag?post=45850"}],"curies":[{"name":"wp","href":"https:\/\/api.w.org\/{rel}","templated":true}]}}