{"id":45846,"date":"2022-06-15T14:22:09","date_gmt":"2022-06-15T12:22:09","guid":{"rendered":"https:\/\/ticinoweb01.jcloud.ik-server.com\/cndestetik\/prodotto\/stick-a-levres-solaire-spf15\/"},"modified":"2022-11-15T16:42:56","modified_gmt":"2022-11-15T15:42:56","slug":"baton-lip-solaire-spf15","status":"publish","type":"product","link":"https:\/\/cndestetik.ch\/fr\/prodotto\/baton-lip-solaire-spf15\/","title":{"rendered":"Stick \u00e0 l\u00e8vres solaire Spf15"},"content":{"rendered":"<p><span data-sheets-value=\"{\"1\":2,\"2\":\"Mantiene per ore idratazione, morbidezza e una protezione sicura per le labbra. Ottimo anche per nei e cicatrici.\"}\" data-sheets-userformat=\"{\"2\":15299,\"3\":{\"1\":0},\"4\":{\"1\":2,\"2\":16777215},\"9\":0,\"10\":2,\"11\":0,\"12\":0,\"14\":{\"1\":2,\"2\":0},\"15\":\"Calibri\",\"16\":11}\">Il conserve l&#8217;hydratation, la douceur et la protection s\u00fbre des l\u00e8vres pendant des heures. \u00c9galement bon pour les grains de beaut\u00e9 et les cicatrices.<\/span><\/p>\n<p>Taille : 6ml<\/p>\n<div id=\":cb\" class=\"Ar Au Ao\">\n<div id=\":c7\" class=\"Am Al editable LW-avf tS-tW tS-tY\" role=\"textbox\" aria-label=\"Corpo del messaggio\">\n<p>Dans les \u00e9crans solaires Microcosmo, il n&#8217;y a que des filtres physiques, c&#8217;est-\u00e0-dire de petites particules min\u00e9rales qui r\u00e9fl\u00e9chissent les rayons du soleil, les emp\u00eachant d&#8217;atteindre et de br\u00fbler la peau. Ils ne surchauffent pas la peau, ils ne laissent pas de patines g\u00eanantes, ils prot\u00e8gent \u00e0 fond.<\/p>\n<p>En outre, les produits contiennent des extraits spagyriques de Calendula, qui, sous l&#8217;effet du soleil, r\u00e9g\u00e9n\u00e8re et prot\u00e8ge la peau du vieillissement.<\/p>\n<\/div>\n<\/div>\n","protected":false},"excerpt":{"rendered":"<p>Maintient l&#8217;hydratation, la douceur et la protection des l\u00e8vres.<\/p>\n","protected":false},"featured_media":45759,"template":"","meta":{"_acf_changed":false},"product_brand":[],"product_cat":[15],"product_tag":[],"class_list":{"0":"post-45846","1":"product","2":"type-product","3":"status-publish","4":"has-post-thumbnail","6":"product_cat-07-cosmetica","8":"first","9":"instock","10":"taxable","11":"shipping-taxable","12":"purchasable","13":"product-type-simple"},"acf":[],"jetpack_sharing_enabled":true,"_links":{"self":[{"href":"https:\/\/cndestetik.ch\/fr\/wp-json\/wp\/v2\/product\/45846","targetHints":{"allow":["GET"]}}],"collection":[{"href":"https:\/\/cndestetik.ch\/fr\/wp-json\/wp\/v2\/product"}],"about":[{"href":"https:\/\/cndestetik.ch\/fr\/wp-json\/wp\/v2\/types\/product"}],"wp:featuredmedia":[{"embeddable":true,"href":"https:\/\/cndestetik.ch\/fr\/wp-json\/wp\/v2\/media\/45759"}],"wp:attachment":[{"href":"https:\/\/cndestetik.ch\/fr\/wp-json\/wp\/v2\/media?parent=45846"}],"wp:term":[{"taxonomy":"product_brand","embeddable":true,"href":"https:\/\/cndestetik.ch\/fr\/wp-json\/wp\/v2\/product_brand?post=45846"},{"taxonomy":"product_cat","embeddable":true,"href":"https:\/\/cndestetik.ch\/fr\/wp-json\/wp\/v2\/product_cat?post=45846"},{"taxonomy":"product_tag","embeddable":true,"href":"https:\/\/cndestetik.ch\/fr\/wp-json\/wp\/v2\/product_tag?post=45846"}],"curies":[{"name":"wp","href":"https:\/\/api.w.org\/{rel}","templated":true}]}}